{"id":1842,"date":"2021-12-09T13:10:56","date_gmt":"2021-12-09T13:10:56","guid":{"rendered":"https:\/\/www.gvtarra.com\/tienda\/?page_id=1842"},"modified":"2021-12-09T13:14:44","modified_gmt":"2021-12-09T13:14:44","slug":"alcachofas-con-boletus","status":"publish","type":"page","link":"https:\/\/www.gvtarra.com\/tienda\/recetas\/alcachofas-con-boletus\/","title":{"rendered":"Alcachofas con boletus"},"content":{"rendered":"\t\t<div data-elementor-type=\"wp-page\" data-elementor-id=\"1842\" class=\"elementor elementor-1842\" data-elementor-post-type=\"page\">\n\t\t\t\t\t\t<section class=\"elementor-section elementor-top-section elementor-element elementor-element-643941f elementor-section-full_width elementor-section-height-full elementor-section-stretched elementor-section-height-default elementor-section-items-middle\" data-id=\"643941f\" data-element_type=\"section\" data-e-type=\"section\" data-settings=\"{&quot;stretch_section&quot;:&quot;section-stretched&quot;,&quot;background_background&quot;:&quot;classic&quot;}\">\n\t\t\t\t\t\t<div class=\"elementor-container elementor-column-gap-no\">\n\t\t\t\t\t<div class=\"elementor-column elementor-col-100 elementor-top-column elementor-element elementor-element-b3720a0\" data-id=\"b3720a0\" data-element_type=\"column\" data-e-type=\"column\">\n\t\t\t<div class=\"elementor-widget-wrap elementor-element-populated\">\n\t\t\t\t\t\t<div class=\"elementor-element elementor-element-7f56d75 elementor-widget elementor-widget-heading\" data-id=\"7f56d75\" data-element_type=\"widget\" data-e-type=\"widget\" data-widget_type=\"heading.default\">\n\t\t\t\t<div class=\"elementor-widget-container\">\n\t\t\t\t\t<h1 class=\"elementor-heading-title elementor-size-default\">Alcachofas con boletus<\/h1>\t\t\t\t<\/div>\n\t\t\t\t<\/div>\n\t\t\t\t\t<\/div>\n\t\t<\/div>\n\t\t\t\t\t<\/div>\n\t\t<\/section>\n\t\t\t\t<section class=\"elementor-section elementor-top-section elementor-element elementor-element-4a7ea79 elementor-section-boxed elementor-section-height-default elementor-section-height-default\" data-id=\"4a7ea79\" data-element_type=\"section\" data-e-type=\"section\">\n\t\t\t\t\t\t<div class=\"elementor-container elementor-column-gap-default\">\n\t\t\t\t\t<div class=\"elementor-column elementor-col-50 elementor-top-column elementor-element elementor-element-c766a8e\" data-id=\"c766a8e\" data-element_type=\"column\" data-e-type=\"column\">\n\t\t\t<div class=\"elementor-widget-wrap elementor-element-populated\">\n\t\t\t\t\t\t<div class=\"elementor-element elementor-element-d6ac0ab elementor-widget elementor-widget-spacer\" data-id=\"d6ac0ab\" data-element_type=\"widget\" data-e-type=\"widget\" data-widget_type=\"spacer.default\">\n\t\t\t\t<div class=\"elementor-widget-container\">\n\t\t\t\t\t\t\t<div class=\"elementor-spacer\">\n\t\t\t<div class=\"elementor-spacer-inner\"><\/div>\n\t\t<\/div>\n\t\t\t\t\t\t<\/div>\n\t\t\t\t<\/div>\n\t\t\t\t<div class=\"elementor-element elementor-element-ef3cc7f elementor-widget elementor-widget-text-editor\" data-id=\"ef3cc7f\" data-element_type=\"widget\" data-e-type=\"widget\" data-widget_type=\"text-editor.default\">\n\t\t\t\t<div class=\"elementor-widget-container\">\n\t\t\t\t\t\t\t\t\t<p>INGREDIENTES<\/p>\t\t\t\t\t\t\t\t<\/div>\n\t\t\t\t<\/div>\n\t\t\t\t<div class=\"elementor-element elementor-element-bacf890 elementor-widget elementor-widget-text-editor\" data-id=\"bacf890\" data-element_type=\"widget\" data-e-type=\"widget\" data-widget_type=\"text-editor.default\">\n\t\t\t\t<div class=\"elementor-widget-container\">\n\t\t\t\t\t\t\t\t\t<p>2 tarros Corazones Alcachofa Gvtarra<br \/>Una cucharada de harina<br \/>1 vaso caldo de ave<br \/>Ajos<br \/>Boletus<\/p>\t\t\t\t\t\t\t\t<\/div>\n\t\t\t\t<\/div>\n\t\t\t\t\t<\/div>\n\t\t<\/div>\n\t\t\t\t<div class=\"elementor-column elementor-col-50 elementor-top-column elementor-element elementor-element-bf10ebd\" data-id=\"bf10ebd\" data-element_type=\"column\" data-e-type=\"column\" data-settings=\"{&quot;background_background&quot;:&quot;classic&quot;}\">\n\t\t\t<div class=\"elementor-widget-wrap elementor-element-populated\">\n\t\t\t\t\t\t<div class=\"elementor-element elementor-element-73b2aee elementor-widget elementor-widget-spacer\" data-id=\"73b2aee\" data-element_type=\"widget\" data-e-type=\"widget\" data-widget_type=\"spacer.default\">\n\t\t\t\t<div class=\"elementor-widget-container\">\n\t\t\t\t\t\t\t<div class=\"elementor-spacer\">\n\t\t\t<div class=\"elementor-spacer-inner\"><\/div>\n\t\t<\/div>\n\t\t\t\t\t\t<\/div>\n\t\t\t\t<\/div>\n\t\t\t\t<div class=\"elementor-element elementor-element-870c6a9 elementor-widget elementor-widget-text-editor\" data-id=\"870c6a9\" data-element_type=\"widget\" data-e-type=\"widget\" data-widget_type=\"text-editor.default\">\n\t\t\t\t<div class=\"elementor-widget-container\">\n\t\t\t\t\t\t\t\t\t<p>C\u00d3MO PREPARARLO<\/p>\t\t\t\t\t\t\t\t<\/div>\n\t\t\t\t<\/div>\n\t\t\t\t<div class=\"elementor-element elementor-element-7211b50 elementor-widget elementor-widget-text-editor\" data-id=\"7211b50\" data-element_type=\"widget\" data-e-type=\"widget\" data-widget_type=\"text-editor.default\">\n\t\t\t\t<div class=\"elementor-widget-container\">\n\t\t\t\t\t\t\t\t\t<p>1-En una sart\u00e9n grande con un chorrito de aceite sofre\u00edmos unos dientes de ajo laminados.<\/p><p>2- Cuando cojan color, a\u00f1adimos una cucharada de harina, removemos bien y cubrimos con un vaso de caldo de ave.<\/p><p>3- Dejamos ligar y a\u00f1adimos las alcachofas.<\/p><p>4- Mientras, salteamos los boletus laminados en una sart\u00e9n con unos dientes de ajo.<\/p><p>5- Los volcamos sobre las alcachofas, corregimos de sal y servimos.<\/p>\t\t\t\t\t\t\t\t<\/div>\n\t\t\t\t<\/div>\n\t\t\t\t<div class=\"elementor-element elementor-element-5e93d35 elementor-widget elementor-widget-spacer\" data-id=\"5e93d35\" data-element_type=\"widget\" data-e-type=\"widget\" data-widget_type=\"spacer.default\">\n\t\t\t\t<div class=\"elementor-widget-container\">\n\t\t\t\t\t\t\t<div class=\"elementor-spacer\">\n\t\t\t<div class=\"elementor-spacer-inner\"><\/div>\n\t\t<\/div>\n\t\t\t\t\t\t<\/div>\n\t\t\t\t<\/div>\n\t\t\t\t\t<\/div>\n\t\t<\/div>\n\t\t\t\t\t<\/div>\n\t\t<\/section>\n\t\t\t\t<\/div>\n\t\t","protected":false},"excerpt":{"rendered":"<p>Alcachofas con boletus INGREDIENTES 2 tarros Corazones Alcachofa Gvtarra Una cucharada de harina 1 vaso caldo de ave Ajos Boletus C\u00d3MO PREPARARLO 1-En una sart\u00e9n grande con un chorrito de aceite sofre\u00edmos unos dientes de ajo laminados. 2- Cuando cojan color, a\u00f1adimos una cucharada de harina, removemos bien y cubrimos con un vaso de caldo [&hellip;]<\/p>\n","protected":false},"author":122,"featured_media":1843,"parent":445,"menu_order":0,"comment_status":"closed","ping_status":"closed","template":"template-canvas.php","meta":{"_joinchat":[],"footnotes":""},"class_list":["post-1842","page","type-page","status-publish","has-post-thumbnail","hentry"],"yoast_head":"<!-- This site is optimized with the Yoast SEO Premium plugin v21.5 (Yoast SEO v27.6) - https:\/\/yoast.com\/product\/yoast-seo-premium-wordpress\/ -->\n<title>Alcachofas con boletus - Tienda Gvtarra<\/title>\n<meta name=\"robots\" content=\"index, follow, max-snippet:-1, max-image-preview:large, max-video-preview:-1\" \/>\n<link rel=\"canonical\" href=\"https:\/\/www.gvtarra.com\/tienda\/recetas\/alcachofas-con-boletus\/\" \/>\n<meta property=\"og:locale\" content=\"es_ES\" \/>\n<meta property=\"og:type\" content=\"article\" \/>\n<meta property=\"og:title\" content=\"Alcachofas con boletus\" \/>\n<meta property=\"og:description\" content=\"Alcachofas con boletus INGREDIENTES 2 tarros Corazones Alcachofa Gvtarra Una cucharada de harina 1 vaso caldo de ave Ajos Boletus C\u00d3MO PREPARARLO 1-En una sart\u00e9n grande con un chorrito de aceite sofre\u00edmos unos dientes de ajo laminados. 2- Cuando cojan color, a\u00f1adimos una cucharada de harina, removemos bien y cubrimos con un vaso de caldo [&hellip;]\" \/>\n<meta property=\"og:url\" content=\"https:\/\/www.gvtarra.com\/tienda\/recetas\/alcachofas-con-boletus\/\" \/>\n<meta property=\"og:site_name\" content=\"Tienda Gvtarra\" \/>\n<meta property=\"article:modified_time\" content=\"2021-12-09T13:14:44+00:00\" \/>\n<meta property=\"og:image\" content=\"https:\/\/www.gvtarra.com\/tienda\/wp-content\/uploads\/sites\/2\/2021\/12\/Foto-12-min-scaled.jpg\" \/>\n\t<meta property=\"og:image:width\" content=\"2560\" \/>\n\t<meta property=\"og:image:height\" content=\"1707\" \/>\n\t<meta property=\"og:image:type\" content=\"image\/jpeg\" \/>\n<meta name=\"twitter:card\" content=\"summary_large_image\" \/>\n<meta name=\"twitter:label1\" content=\"Tiempo de lectura\" \/>\n\t<meta name=\"twitter:data1\" content=\"1 minuto\" \/>\n<script type=\"application\/ld+json\" class=\"yoast-schema-graph\">{\"@context\":\"https:\\\/\\\/schema.org\",\"@graph\":[{\"@type\":\"WebPage\",\"@id\":\"https:\\\/\\\/www.gvtarra.com\\\/tienda\\\/recetas\\\/alcachofas-con-boletus\\\/\",\"url\":\"https:\\\/\\\/www.gvtarra.com\\\/tienda\\\/recetas\\\/alcachofas-con-boletus\\\/\",\"name\":\"Alcachofas con boletus - Tienda Gvtarra\",\"isPartOf\":{\"@id\":\"https:\\\/\\\/www.gvtarra.com\\\/tienda\\\/#website\"},\"primaryImageOfPage\":{\"@id\":\"https:\\\/\\\/www.gvtarra.com\\\/tienda\\\/recetas\\\/alcachofas-con-boletus\\\/#primaryimage\"},\"image\":{\"@id\":\"https:\\\/\\\/www.gvtarra.com\\\/tienda\\\/recetas\\\/alcachofas-con-boletus\\\/#primaryimage\"},\"thumbnailUrl\":\"https:\\\/\\\/www.gvtarra.com\\\/tienda\\\/wp-content\\\/uploads\\\/2021\\\/12\\\/Foto-12-min-scaled.jpg\",\"datePublished\":\"2021-12-09T13:10:56+00:00\",\"dateModified\":\"2021-12-09T13:14:44+00:00\",\"breadcrumb\":{\"@id\":\"https:\\\/\\\/www.gvtarra.com\\\/tienda\\\/recetas\\\/alcachofas-con-boletus\\\/#breadcrumb\"},\"inLanguage\":\"es\",\"potentialAction\":[{\"@type\":\"ReadAction\",\"target\":[\"https:\\\/\\\/www.gvtarra.com\\\/tienda\\\/recetas\\\/alcachofas-con-boletus\\\/\"]}]},{\"@type\":\"ImageObject\",\"inLanguage\":\"es\",\"@id\":\"https:\\\/\\\/www.gvtarra.com\\\/tienda\\\/recetas\\\/alcachofas-con-boletus\\\/#primaryimage\",\"url\":\"https:\\\/\\\/www.gvtarra.com\\\/tienda\\\/wp-content\\\/uploads\\\/2021\\\/12\\\/Foto-12-min-scaled.jpg\",\"contentUrl\":\"https:\\\/\\\/www.gvtarra.com\\\/tienda\\\/wp-content\\\/uploads\\\/2021\\\/12\\\/Foto-12-min-scaled.jpg\",\"width\":2560,\"height\":1707},{\"@type\":\"BreadcrumbList\",\"@id\":\"https:\\\/\\\/www.gvtarra.com\\\/tienda\\\/recetas\\\/alcachofas-con-boletus\\\/#breadcrumb\",\"itemListElement\":[{\"@type\":\"ListItem\",\"position\":1,\"name\":\"Portada\",\"item\":\"https:\\\/\\\/www.gvtarra.com\\\/tienda\\\/\"},{\"@type\":\"ListItem\",\"position\":2,\"name\":\"Recetas\",\"item\":\"https:\\\/\\\/www.gvtarra.com\\\/tienda\\\/recetas\\\/\"},{\"@type\":\"ListItem\",\"position\":3,\"name\":\"Alcachofas con boletus\"}]},{\"@type\":\"WebSite\",\"@id\":\"https:\\\/\\\/www.gvtarra.com\\\/tienda\\\/#website\",\"url\":\"https:\\\/\\\/www.gvtarra.com\\\/tienda\\\/\",\"name\":\"Tienda Gvtarra\",\"description\":\"\",\"publisher\":{\"@id\":\"https:\\\/\\\/www.gvtarra.com\\\/tienda\\\/#organization\"},\"potentialAction\":[{\"@type\":\"SearchAction\",\"target\":{\"@type\":\"EntryPoint\",\"urlTemplate\":\"https:\\\/\\\/www.gvtarra.com\\\/tienda\\\/?s={search_term_string}\"},\"query-input\":{\"@type\":\"PropertyValueSpecification\",\"valueRequired\":true,\"valueName\":\"search_term_string\"}}],\"inLanguage\":\"es\"},{\"@type\":\"Organization\",\"@id\":\"https:\\\/\\\/www.gvtarra.com\\\/tienda\\\/#organization\",\"name\":\"Tienda Gvtarra\",\"url\":\"https:\\\/\\\/www.gvtarra.com\\\/tienda\\\/\",\"logo\":{\"@type\":\"ImageObject\",\"inLanguage\":\"es\",\"@id\":\"https:\\\/\\\/www.gvtarra.com\\\/tienda\\\/#\\\/schema\\\/logo\\\/image\\\/\",\"url\":\"https:\\\/\\\/www.gvtarra.com\\\/tienda\\\/wp-content\\\/uploads\\\/2023\\\/12\\\/cropped-Logo-Gvtarra-2017-min-scaled.png\",\"contentUrl\":\"https:\\\/\\\/www.gvtarra.com\\\/tienda\\\/wp-content\\\/uploads\\\/2023\\\/12\\\/cropped-Logo-Gvtarra-2017-min-scaled.png\",\"width\":2560,\"height\":1315,\"caption\":\"Tienda Gvtarra\"},\"image\":{\"@id\":\"https:\\\/\\\/www.gvtarra.com\\\/tienda\\\/#\\\/schema\\\/logo\\\/image\\\/\"}}]}<\/script>\n<!-- \/ Yoast SEO Premium plugin. -->","yoast_head_json":{"title":"Alcachofas con boletus - Tienda Gvtarra","robots":{"index":"index","follow":"follow","max-snippet":"max-snippet:-1","max-image-preview":"max-image-preview:large","max-video-preview":"max-video-preview:-1"},"canonical":"https:\/\/www.gvtarra.com\/tienda\/recetas\/alcachofas-con-boletus\/","og_locale":"es_ES","og_type":"article","og_title":"Alcachofas con boletus","og_description":"Alcachofas con boletus INGREDIENTES 2 tarros Corazones Alcachofa Gvtarra Una cucharada de harina 1 vaso caldo de ave Ajos Boletus C\u00d3MO PREPARARLO 1-En una sart\u00e9n grande con un chorrito de aceite sofre\u00edmos unos dientes de ajo laminados. 2- Cuando cojan color, a\u00f1adimos una cucharada de harina, removemos bien y cubrimos con un vaso de caldo [&hellip;]","og_url":"https:\/\/www.gvtarra.com\/tienda\/recetas\/alcachofas-con-boletus\/","og_site_name":"Tienda Gvtarra","article_modified_time":"2021-12-09T13:14:44+00:00","og_image":[{"width":2560,"height":1707,"url":"https:\/\/www.gvtarra.com\/tienda\/wp-content\/uploads\/sites\/2\/2021\/12\/Foto-12-min-scaled.jpg","type":"image\/jpeg"}],"twitter_card":"summary_large_image","twitter_misc":{"Tiempo de lectura":"1 minuto"},"schema":{"@context":"https:\/\/schema.org","@graph":[{"@type":"WebPage","@id":"https:\/\/www.gvtarra.com\/tienda\/recetas\/alcachofas-con-boletus\/","url":"https:\/\/www.gvtarra.com\/tienda\/recetas\/alcachofas-con-boletus\/","name":"Alcachofas con boletus - Tienda Gvtarra","isPartOf":{"@id":"https:\/\/www.gvtarra.com\/tienda\/#website"},"primaryImageOfPage":{"@id":"https:\/\/www.gvtarra.com\/tienda\/recetas\/alcachofas-con-boletus\/#primaryimage"},"image":{"@id":"https:\/\/www.gvtarra.com\/tienda\/recetas\/alcachofas-con-boletus\/#primaryimage"},"thumbnailUrl":"https:\/\/www.gvtarra.com\/tienda\/wp-content\/uploads\/2021\/12\/Foto-12-min-scaled.jpg","datePublished":"2021-12-09T13:10:56+00:00","dateModified":"2021-12-09T13:14:44+00:00","breadcrumb":{"@id":"https:\/\/www.gvtarra.com\/tienda\/recetas\/alcachofas-con-boletus\/#breadcrumb"},"inLanguage":"es","potentialAction":[{"@type":"ReadAction","target":["https:\/\/www.gvtarra.com\/tienda\/recetas\/alcachofas-con-boletus\/"]}]},{"@type":"ImageObject","inLanguage":"es","@id":"https:\/\/www.gvtarra.com\/tienda\/recetas\/alcachofas-con-boletus\/#primaryimage","url":"https:\/\/www.gvtarra.com\/tienda\/wp-content\/uploads\/2021\/12\/Foto-12-min-scaled.jpg","contentUrl":"https:\/\/www.gvtarra.com\/tienda\/wp-content\/uploads\/2021\/12\/Foto-12-min-scaled.jpg","width":2560,"height":1707},{"@type":"BreadcrumbList","@id":"https:\/\/www.gvtarra.com\/tienda\/recetas\/alcachofas-con-boletus\/#breadcrumb","itemListElement":[{"@type":"ListItem","position":1,"name":"Portada","item":"https:\/\/www.gvtarra.com\/tienda\/"},{"@type":"ListItem","position":2,"name":"Recetas","item":"https:\/\/www.gvtarra.com\/tienda\/recetas\/"},{"@type":"ListItem","position":3,"name":"Alcachofas con boletus"}]},{"@type":"WebSite","@id":"https:\/\/www.gvtarra.com\/tienda\/#website","url":"https:\/\/www.gvtarra.com\/tienda\/","name":"Tienda Gvtarra","description":"","publisher":{"@id":"https:\/\/www.gvtarra.com\/tienda\/#organization"},"potentialAction":[{"@type":"SearchAction","target":{"@type":"EntryPoint","urlTemplate":"https:\/\/www.gvtarra.com\/tienda\/?s={search_term_string}"},"query-input":{"@type":"PropertyValueSpecification","valueRequired":true,"valueName":"search_term_string"}}],"inLanguage":"es"},{"@type":"Organization","@id":"https:\/\/www.gvtarra.com\/tienda\/#organization","name":"Tienda Gvtarra","url":"https:\/\/www.gvtarra.com\/tienda\/","logo":{"@type":"ImageObject","inLanguage":"es","@id":"https:\/\/www.gvtarra.com\/tienda\/#\/schema\/logo\/image\/","url":"https:\/\/www.gvtarra.com\/tienda\/wp-content\/uploads\/2023\/12\/cropped-Logo-Gvtarra-2017-min-scaled.png","contentUrl":"https:\/\/www.gvtarra.com\/tienda\/wp-content\/uploads\/2023\/12\/cropped-Logo-Gvtarra-2017-min-scaled.png","width":2560,"height":1315,"caption":"Tienda Gvtarra"},"image":{"@id":"https:\/\/www.gvtarra.com\/tienda\/#\/schema\/logo\/image\/"}}]}},"_links":{"self":[{"href":"https:\/\/www.gvtarra.com\/tienda\/wp-json\/wp\/v2\/pages\/1842","targetHints":{"allow":["GET"]}}],"collection":[{"href":"https:\/\/www.gvtarra.com\/tienda\/wp-json\/wp\/v2\/pages"}],"about":[{"href":"https:\/\/www.gvtarra.com\/tienda\/wp-json\/wp\/v2\/types\/page"}],"author":[{"embeddable":true,"href":"https:\/\/www.gvtarra.com\/tienda\/wp-json\/wp\/v2\/users\/122"}],"replies":[{"embeddable":true,"href":"https:\/\/www.gvtarra.com\/tienda\/wp-json\/wp\/v2\/comments?post=1842"}],"version-history":[{"count":0,"href":"https:\/\/www.gvtarra.com\/tienda\/wp-json\/wp\/v2\/pages\/1842\/revisions"}],"up":[{"embeddable":true,"href":"https:\/\/www.gvtarra.com\/tienda\/wp-json\/wp\/v2\/pages\/445"}],"wp:featuredmedia":[{"embeddable":true,"href":"https:\/\/www.gvtarra.com\/tienda\/wp-json\/wp\/v2\/media\/1843"}],"wp:attachment":[{"href":"https:\/\/www.gvtarra.com\/tienda\/wp-json\/wp\/v2\/media?parent=1842"}],"curies":[{"name":"wp","href":"https:\/\/api.w.org\/{rel}","templated":true}]}}