{"id":153,"date":"2024-09-02T09:42:32","date_gmt":"2024-09-02T07:42:32","guid":{"rendered":"https:\/\/www.gvtarra.com\/tienda\/?post_type=product&#038;p=153"},"modified":"2026-04-30T10:48:26","modified_gmt":"2026-04-30T08:48:26","slug":"de-primero","status":"publish","type":"product","link":"https:\/\/www.gvtarra.com\/tienda\/product\/hoy-no-cocino\/de-primero\/","title":{"rendered":"De Primero&#8230;"},"content":{"rendered":"<p><strong>JUDIA VERDE TIRAS, PATATA Y ZANAHORIA<\/strong><\/p>\n<p>INGREDIENTES: Jud\u00eda verde, patata (11%), zanahoria (11%), agua, sal y antioxidante: \u00e1cido asc\u00f3rbico.<\/p>\n<p>Peso neto (gr): 660<\/p>\n<p>Peso escurrido (gr): 380<\/p>\n<p><strong>ACELGA, PATATA Y ZANAHORIA<\/strong><\/p>\n<p>INGREDIENTES:Acelgas, patata (9%), zanahoria (9%), cebolla (9%), agua, sal y antioxidante: a\u0301cido asco\u0301rbico.<\/p>\n<p>Peso neto (gr): 660<\/p>\n<p>Peso escurrido (gr): 380<\/p>\n<p><strong>GARBANZO, ACELGA Y ZANAHORIA COCIDAS AL NATURAL<\/strong><\/p>\n<p>INGREDIENTES: Garbanzos, acelgas (25%), zanahorias (9%), agua, sal y antioxidantes: E-385 y E-223. Contiene sulfitos.<\/p>\n<p>Peso neto (gr): 560<\/p>\n<p>Peso escurrido (gr): 360<\/p>\n<p><strong>LENTEJA, PUERRO Y ZANAHORIA, COCIDAS AL NATURAL<\/strong><\/p>\n<p>INGREDIENTES: Lentejas, puerros (24%), zanahorias (11%), agua, sal y antioxidantes; E-385 y a\u0301cido asco\u0301rbico.<\/p>\n<p>Peso neto (gr): 560<\/p>\n<p>Peso escurrido (gr): 360<\/p>\n<h4><\/h4>\n<p>&nbsp;<\/p>\n","protected":false},"excerpt":{"rendered":"<p>Para esos d\u00edas en los que no te apetece cocinar, pero no quieres renunciar a la calidad\u2026 \u00a1Gvtarra piensa en ti! Con cada \u00abDe Primero\u00bb, tendr\u00e1s un plato sano, delicioso y elaborado a partir de verdura fresca en un momento.<\/p>\n<p>Solo tendr\u00e1s que escurrir, calentar y a\u00f1adir un chorrito de aceite o tu toque m\u00e1s personal. \u00a1Disfr\u00fatalos a tu manera!<\/p>\n<p><strong>PRODUCTOS INCLUIDOS (6 UNIDADES)<\/strong><\/p>\n<p><a href=\"https:\/\/www.gvtarra.com\/nuestros-productos\/hoy-no-cocino\/judias-verdes-patatas-y-zanahorias\/\">Jud\u00edas verde, patata y zanahoria, cocidas al natural (2u)<\/a><\/p>\n<p><a href=\"https:\/\/www.gvtarra.com\/nuestros-productos\/hoy-no-cocino\/acelgas-patatas-zanahorias-y-cebolla\/\">Acelga, patata y zanahoria, cocidas al natural (1u)<\/a><\/p>\n<p><a href=\"https:\/\/www.gvtarra.com\/nuestros-productos\/hoy-no-cocino\/garbanzos-acelgas-y-zanahorias\/\">Garbanzo, acelga, zanahoria, cocidas al natural (1u)<\/a><\/p>\n<p><a href=\"https:\/\/www.gvtarra.com\/nuestros-productos\/hoy-no-cocino\/lentejas-puerros-y-zanahorias\/\">Lenteja, puerro y zanahoria, cocidas al natural (2u)<\/a><\/p>\n","protected":false},"featured_media":16896,"comment_status":"open","ping_status":"closed","template":"","meta":{"_joinchat":[]},"product_brand":[],"product_cat":[20],"product_tag":[],"class_list":{"0":"post-153","1":"product","2":"type-product","3":"status-publish","4":"has-post-thumbnail","6":"product_cat-hoy-no-cocino","8":"first","9":"instock","10":"featured","11":"taxable","12":"shipping-taxable","13":"purchasable","14":"product-type-simple"},"yoast_head":"<!-- This site is optimized with the Yoast SEO Premium plugin v21.5 (Yoast SEO v27.2) - https:\/\/yoast.com\/product\/yoast-seo-premium-wordpress\/ -->\n<title>De Primero... - Tienda Gvtarra<\/title>\n<meta name=\"robots\" content=\"index, follow, max-snippet:-1, max-image-preview:large, max-video-preview:-1\" \/>\n<link rel=\"canonical\" href=\"https:\/\/www.gvtarra.com\/tienda\/product\/hoy-no-cocino\/de-primero\/\" \/>\n<meta property=\"og:locale\" content=\"es_ES\" \/>\n<meta property=\"og:type\" content=\"article\" \/>\n<meta property=\"og:title\" content=\"De Primero...\" \/>\n<meta property=\"og:description\" content=\"Para esos d\u00edas en los que no te apetece cocinar, pero no quieres renunciar a la calidad\u2026 \u00a1Gvtarra piensa en ti! Con cada &quot;De Primero&quot;, tendr\u00e1s un plato sano, delicioso y elaborado a partir de verdura fresca en un momento.  Solo tendr\u00e1s que escurrir, calentar y a\u00f1adir un chorrito de aceite o tu toque m\u00e1s personal. \u00a1Disfr\u00fatalos a tu manera!  PRODUCTOS INCLUIDOS (6 UNIDADES)  Jud\u00edas verde, patata y zanahoria, cocidas al natural (2u)  Acelga, patata y zanahoria, cocidas al natural (1u)  Garbanzo, acelga, zanahoria, cocidas al natural (1u)  Lenteja, puerro y zanahoria, cocidas al natural (2u)\" \/>\n<meta property=\"og:url\" content=\"https:\/\/www.gvtarra.com\/tienda\/product\/hoy-no-cocino\/de-primero\/\" \/>\n<meta property=\"og:site_name\" content=\"Tienda Gvtarra\" \/>\n<meta property=\"article:modified_time\" content=\"2026-04-30T08:48:26+00:00\" \/>\n<meta property=\"og:image\" content=\"https:\/\/www.gvtarra.com\/tienda\/wp-content\/uploads\/2026\/01\/foto-deprimero-web.jpg\" \/>\n\t<meta property=\"og:image:width\" content=\"1200\" \/>\n\t<meta property=\"og:image:height\" content=\"800\" \/>\n\t<meta property=\"og:image:type\" content=\"image\/jpeg\" \/>\n<meta name=\"twitter:card\" content=\"summary_large_image\" \/>\n<meta name=\"twitter:label1\" content=\"Tiempo de lectura\" \/>\n\t<meta name=\"twitter:data1\" content=\"1 minuto\" \/>\n<script type=\"application\/ld+json\" class=\"yoast-schema-graph\">{\"@context\":\"https:\/\/schema.org\",\"@graph\":[{\"@type\":\"WebPage\",\"@id\":\"https:\/\/www.gvtarra.com\/tienda\/product\/hoy-no-cocino\/de-primero\/\",\"url\":\"https:\/\/www.gvtarra.com\/tienda\/product\/hoy-no-cocino\/de-primero\/\",\"name\":\"De Primero... - Tienda Gvtarra\",\"isPartOf\":{\"@id\":\"https:\/\/www.gvtarra.com\/tienda\/#website\"},\"primaryImageOfPage\":{\"@id\":\"https:\/\/www.gvtarra.com\/tienda\/product\/hoy-no-cocino\/de-primero\/#primaryimage\"},\"image\":{\"@id\":\"https:\/\/www.gvtarra.com\/tienda\/product\/hoy-no-cocino\/de-primero\/#primaryimage\"},\"thumbnailUrl\":\"https:\/\/www.gvtarra.com\/tienda\/wp-content\/uploads\/2026\/01\/foto-deprimero-web.jpg\",\"datePublished\":\"2024-09-02T07:42:32+00:00\",\"dateModified\":\"2026-04-30T08:48:26+00:00\",\"breadcrumb\":{\"@id\":\"https:\/\/www.gvtarra.com\/tienda\/product\/hoy-no-cocino\/de-primero\/#breadcrumb\"},\"inLanguage\":\"es\",\"potentialAction\":[{\"@type\":\"ReadAction\",\"target\":[\"https:\/\/www.gvtarra.com\/tienda\/product\/hoy-no-cocino\/de-primero\/\"]}]},{\"@type\":\"ImageObject\",\"inLanguage\":\"es\",\"@id\":\"https:\/\/www.gvtarra.com\/tienda\/product\/hoy-no-cocino\/de-primero\/#primaryimage\",\"url\":\"https:\/\/www.gvtarra.com\/tienda\/wp-content\/uploads\/2026\/01\/foto-deprimero-web.jpg\",\"contentUrl\":\"https:\/\/www.gvtarra.com\/tienda\/wp-content\/uploads\/2026\/01\/foto-deprimero-web.jpg\",\"width\":1200,\"height\":800},{\"@type\":\"BreadcrumbList\",\"@id\":\"https:\/\/www.gvtarra.com\/tienda\/product\/hoy-no-cocino\/de-primero\/#breadcrumb\",\"itemListElement\":[{\"@type\":\"ListItem\",\"position\":1,\"name\":\"Portada\",\"item\":\"https:\/\/www.gvtarra.com\/tienda\/\"},{\"@type\":\"ListItem\",\"position\":2,\"name\":\"Tienda\",\"item\":\"https:\/\/www.gvtarra.com\/tienda\/comprar\/\"},{\"@type\":\"ListItem\",\"position\":3,\"name\":\"De Primero&#8230;\"}]},{\"@type\":\"WebSite\",\"@id\":\"https:\/\/www.gvtarra.com\/tienda\/#website\",\"url\":\"https:\/\/www.gvtarra.com\/tienda\/\",\"name\":\"Tienda Gvtarra\",\"description\":\"\",\"publisher\":{\"@id\":\"https:\/\/www.gvtarra.com\/tienda\/#organization\"},\"potentialAction\":[{\"@type\":\"SearchAction\",\"target\":{\"@type\":\"EntryPoint\",\"urlTemplate\":\"https:\/\/www.gvtarra.com\/tienda\/?s={search_term_string}\"},\"query-input\":{\"@type\":\"PropertyValueSpecification\",\"valueRequired\":true,\"valueName\":\"search_term_string\"}}],\"inLanguage\":\"es\"},{\"@type\":\"Organization\",\"@id\":\"https:\/\/www.gvtarra.com\/tienda\/#organization\",\"name\":\"Tienda Gvtarra\",\"url\":\"https:\/\/www.gvtarra.com\/tienda\/\",\"logo\":{\"@type\":\"ImageObject\",\"inLanguage\":\"es\",\"@id\":\"https:\/\/www.gvtarra.com\/tienda\/#\/schema\/logo\/image\/\",\"url\":\"https:\/\/www.gvtarra.com\/tienda\/wp-content\/uploads\/2023\/12\/cropped-Logo-Gvtarra-2017-min-scaled.png\",\"contentUrl\":\"https:\/\/www.gvtarra.com\/tienda\/wp-content\/uploads\/2023\/12\/cropped-Logo-Gvtarra-2017-min-scaled.png\",\"width\":2560,\"height\":1315,\"caption\":\"Tienda Gvtarra\"},\"image\":{\"@id\":\"https:\/\/www.gvtarra.com\/tienda\/#\/schema\/logo\/image\/\"}}]}<\/script>\n<!-- \/ Yoast SEO Premium plugin. -->","yoast_head_json":{"title":"De Primero... - Tienda Gvtarra","robots":{"index":"index","follow":"follow","max-snippet":"max-snippet:-1","max-image-preview":"max-image-preview:large","max-video-preview":"max-video-preview:-1"},"canonical":"https:\/\/www.gvtarra.com\/tienda\/product\/hoy-no-cocino\/de-primero\/","og_locale":"es_ES","og_type":"article","og_title":"De Primero...","og_description":"Para esos d\u00edas en los que no te apetece cocinar, pero no quieres renunciar a la calidad\u2026 \u00a1Gvtarra piensa en ti! Con cada \"De Primero\", tendr\u00e1s un plato sano, delicioso y elaborado a partir de verdura fresca en un momento.  Solo tendr\u00e1s que escurrir, calentar y a\u00f1adir un chorrito de aceite o tu toque m\u00e1s personal. \u00a1Disfr\u00fatalos a tu manera!  PRODUCTOS INCLUIDOS (6 UNIDADES)  Jud\u00edas verde, patata y zanahoria, cocidas al natural (2u)  Acelga, patata y zanahoria, cocidas al natural (1u)  Garbanzo, acelga, zanahoria, cocidas al natural (1u)  Lenteja, puerro y zanahoria, cocidas al natural (2u)","og_url":"https:\/\/www.gvtarra.com\/tienda\/product\/hoy-no-cocino\/de-primero\/","og_site_name":"Tienda Gvtarra","article_modified_time":"2026-04-30T08:48:26+00:00","og_image":[{"width":1200,"height":800,"url":"https:\/\/www.gvtarra.com\/tienda\/wp-content\/uploads\/2026\/01\/foto-deprimero-web.jpg","type":"image\/jpeg"}],"twitter_card":"summary_large_image","twitter_misc":{"Tiempo de lectura":"1 minuto"},"schema":{"@context":"https:\/\/schema.org","@graph":[{"@type":"WebPage","@id":"https:\/\/www.gvtarra.com\/tienda\/product\/hoy-no-cocino\/de-primero\/","url":"https:\/\/www.gvtarra.com\/tienda\/product\/hoy-no-cocino\/de-primero\/","name":"De Primero... - Tienda Gvtarra","isPartOf":{"@id":"https:\/\/www.gvtarra.com\/tienda\/#website"},"primaryImageOfPage":{"@id":"https:\/\/www.gvtarra.com\/tienda\/product\/hoy-no-cocino\/de-primero\/#primaryimage"},"image":{"@id":"https:\/\/www.gvtarra.com\/tienda\/product\/hoy-no-cocino\/de-primero\/#primaryimage"},"thumbnailUrl":"https:\/\/www.gvtarra.com\/tienda\/wp-content\/uploads\/2026\/01\/foto-deprimero-web.jpg","datePublished":"2024-09-02T07:42:32+00:00","dateModified":"2026-04-30T08:48:26+00:00","breadcrumb":{"@id":"https:\/\/www.gvtarra.com\/tienda\/product\/hoy-no-cocino\/de-primero\/#breadcrumb"},"inLanguage":"es","potentialAction":[{"@type":"ReadAction","target":["https:\/\/www.gvtarra.com\/tienda\/product\/hoy-no-cocino\/de-primero\/"]}]},{"@type":"ImageObject","inLanguage":"es","@id":"https:\/\/www.gvtarra.com\/tienda\/product\/hoy-no-cocino\/de-primero\/#primaryimage","url":"https:\/\/www.gvtarra.com\/tienda\/wp-content\/uploads\/2026\/01\/foto-deprimero-web.jpg","contentUrl":"https:\/\/www.gvtarra.com\/tienda\/wp-content\/uploads\/2026\/01\/foto-deprimero-web.jpg","width":1200,"height":800},{"@type":"BreadcrumbList","@id":"https:\/\/www.gvtarra.com\/tienda\/product\/hoy-no-cocino\/de-primero\/#breadcrumb","itemListElement":[{"@type":"ListItem","position":1,"name":"Portada","item":"https:\/\/www.gvtarra.com\/tienda\/"},{"@type":"ListItem","position":2,"name":"Tienda","item":"https:\/\/www.gvtarra.com\/tienda\/comprar\/"},{"@type":"ListItem","position":3,"name":"De Primero&#8230;"}]},{"@type":"WebSite","@id":"https:\/\/www.gvtarra.com\/tienda\/#website","url":"https:\/\/www.gvtarra.com\/tienda\/","name":"Tienda Gvtarra","description":"","publisher":{"@id":"https:\/\/www.gvtarra.com\/tienda\/#organization"},"potentialAction":[{"@type":"SearchAction","target":{"@type":"EntryPoint","urlTemplate":"https:\/\/www.gvtarra.com\/tienda\/?s={search_term_string}"},"query-input":{"@type":"PropertyValueSpecification","valueRequired":true,"valueName":"search_term_string"}}],"inLanguage":"es"},{"@type":"Organization","@id":"https:\/\/www.gvtarra.com\/tienda\/#organization","name":"Tienda Gvtarra","url":"https:\/\/www.gvtarra.com\/tienda\/","logo":{"@type":"ImageObject","inLanguage":"es","@id":"https:\/\/www.gvtarra.com\/tienda\/#\/schema\/logo\/image\/","url":"https:\/\/www.gvtarra.com\/tienda\/wp-content\/uploads\/2023\/12\/cropped-Logo-Gvtarra-2017-min-scaled.png","contentUrl":"https:\/\/www.gvtarra.com\/tienda\/wp-content\/uploads\/2023\/12\/cropped-Logo-Gvtarra-2017-min-scaled.png","width":2560,"height":1315,"caption":"Tienda Gvtarra"},"image":{"@id":"https:\/\/www.gvtarra.com\/tienda\/#\/schema\/logo\/image\/"}}]}},"_links":{"self":[{"href":"https:\/\/www.gvtarra.com\/tienda\/wp-json\/wp\/v2\/product\/153","targetHints":{"allow":["GET"]}}],"collection":[{"href":"https:\/\/www.gvtarra.com\/tienda\/wp-json\/wp\/v2\/product"}],"about":[{"href":"https:\/\/www.gvtarra.com\/tienda\/wp-json\/wp\/v2\/types\/product"}],"replies":[{"embeddable":true,"href":"https:\/\/www.gvtarra.com\/tienda\/wp-json\/wp\/v2\/comments?post=153"}],"version-history":[{"count":5,"href":"https:\/\/www.gvtarra.com\/tienda\/wp-json\/wp\/v2\/product\/153\/revisions"}],"predecessor-version":[{"id":17014,"href":"https:\/\/www.gvtarra.com\/tienda\/wp-json\/wp\/v2\/product\/153\/revisions\/17014"}],"wp:featuredmedia":[{"embeddable":true,"href":"https:\/\/www.gvtarra.com\/tienda\/wp-json\/wp\/v2\/media\/16896"}],"wp:attachment":[{"href":"https:\/\/www.gvtarra.com\/tienda\/wp-json\/wp\/v2\/media?parent=153"}],"wp:term":[{"taxonomy":"product_brand","embeddable":true,"href":"https:\/\/www.gvtarra.com\/tienda\/wp-json\/wp\/v2\/product_brand?post=153"},{"taxonomy":"product_cat","embeddable":true,"href":"https:\/\/www.gvtarra.com\/tienda\/wp-json\/wp\/v2\/product_cat?post=153"},{"taxonomy":"product_tag","embeddable":true,"href":"https:\/\/www.gvtarra.com\/tienda\/wp-json\/wp\/v2\/product_tag?post=153"}],"curies":[{"name":"wp","href":"https:\/\/api.w.org\/{rel}","templated":true}]}}