{"id":155,"date":"2020-11-09T09:46:33","date_gmt":"2020-11-09T09:46:33","guid":{"rendered":"https:\/\/www.gvtarra.com\/tienda\/?post_type=product&#038;p=155"},"modified":"2026-01-26T13:45:05","modified_gmt":"2026-01-26T12:45:05","slug":"lote-eco","status":"publish","type":"product","link":"https:\/\/www.gvtarra.com\/tienda\/product\/lotes-gourmet\/lote-eco\/","title":{"rendered":"Cosecha Ecol\u00f3gica"},"content":{"rendered":"<h5>JUDIAS VERDES TIRAS ECO<\/h5>\n<p>INGREDIENTES: jud\u00eda verde ecol\u00f3gica, agua, sal y antioxidante: \u00e1cido asc\u00f3rbico<\/p>\n<p>Peso neto (gr): 520<\/p>\n<p>Peso escurrido (gr): 250<\/p>\n<h5>ALCACHOFAS MITADES ECO<\/h5>\n<p>INGREDIENTES: Alcachofas mitades ecol\u00f3gicas, agua, sal y antioxidante: E-300 (\u00c1cido asc\u00f3rbico)<\/p>\n<p>Peso neto (gr): 520<\/p>\n<p>Peso escurrido (gr): 315<\/p>\n<h5>GUISANTES ECO<\/h5>\n<p>INGREDIENTES: Guisantes ecol\u00f3gicos, agua, sal y acidulante: \u00e1cido c\u00edtrico<\/p>\n<p>Peso neto (gr): 290<\/p>\n<p>Peso escurrido (gr): 180<\/p>\n<h5>MA\u00cdZ ECO<\/h5>\n<p>INGREDIENTES: Ma\u00edz dulce ecol\u00f3gico, agua, sal y acidulante: \u00e1cido c\u00edtrico<\/p>\n<p>Peso neto (gr): 290<\/p>\n<p>Peso escurrido (gr): 185<\/p>\n<h5>GARBANZO ECO<\/h5>\n<p>INGREDIENTES: Garbanzo ecol\u00f3gico, agua y sal.<\/p>\n<p>Peso neto (gr): 530<\/p>\n<p>Peso escurrido (gr): 375<\/p>\n<h5>LENTEJA ECO<\/h5>\n<p>INGREDIENTES: Lenteja ecol\u00f3gica, agua y sal.<\/p>\n<p>Peso neto (gr): 520<\/p>\n<p>Peso escurrido (gr): 375<\/p>\n<h5>ALUBIA BLANCA ECO<\/h5>\n<p>INGREDIENTES: Alubia blanca ecol\u00f3gica, agua y sal.<\/p>\n<p>Peso neto (gr): 520<\/p>\n<p>Peso escurrido (gr): 375<\/p>\n","protected":false},"excerpt":{"rendered":"<p>Para los amantes de las verduras y legumbres ecol\u00f3gicas, 7 variedades diferentes forman nuestra colecci\u00f3n \u00abCosecha Ecol\u00f3gica\u00bb con la garant\u00eda de Gvtarra. Disfruta de todo el sabor de las verduras y legumbres de siempre, \u00a1ahora ecol\u00f3gicas!.<\/p>\n<p><strong>PRODUCTOS INCLUIDOS (7 UNIDADES)<\/strong><\/p>\n<p><a href=\"https:\/\/www.gvtarra.com\/nuestros-productos\/las-de-cosecha-ecologica\/judias-verdes-tiras\/\" target=\"_blank\" rel=\"noopener noreferrer\">Jud\u00edas Verdes en Tiras Eco (1)<\/a><\/p>\n<p><a href=\"https:\/\/www.gvtarra.com\/nuestros-productos\/las-de-cosecha-ecologica\/alcachofas-mitades\/\">Alcachofas mitades Eco (1)<\/a><\/p>\n<p><a href=\"https:\/\/www.gvtarra.com\/nuestros-productos\/las-de-cosecha-ecologica\/guisantes\/\">Guisante Eco (1)<\/a><\/p>\n<p><a href=\"https:\/\/www.gvtarra.com\/nuestros-productos\/las-de-cosecha-ecologica\/maiz\/\">Ma\u00edz Eco (1)<\/a><\/p>\n<p><a href=\"https:\/\/www.gvtarra.com\/nuestros-productos\/las-de-cosecha-ecologica\/garbanzos\/\">Garbanzo Eco (1)<\/a><\/p>\n<p><a href=\"https:\/\/www.gvtarra.com\/nuestros-productos\/las-de-cosecha-ecologica\/alubias-blancas\/\">Alubia blanca Eco (1)<\/a><\/p>\n<p><a href=\"https:\/\/www.gvtarra.com\/nuestros-productos\/las-de-cosecha-ecologica\/lentejas\/\">Lentejas Eco (1)<\/a><\/p>\n","protected":false},"featured_media":7446,"comment_status":"open","ping_status":"closed","template":"","meta":{"_joinchat":[]},"product_brand":[],"product_cat":[30,24,15],"product_tag":[],"class_list":{"0":"post-155","1":"product","2":"type-product","3":"status-publish","4":"has-post-thumbnail","6":"product_cat-alcachofa","7":"product_cat-ecologico","8":"product_cat-lotes-gourmet","10":"first","11":"instock","12":"featured","13":"taxable","14":"shipping-taxable","15":"purchasable","16":"product-type-simple"},"yoast_head":"<!-- This site is optimized with the Yoast SEO Premium plugin v21.5 (Yoast SEO v27.2) - https:\/\/yoast.com\/product\/yoast-seo-premium-wordpress\/ -->\n<title>Cosecha Ecol\u00f3gica - Tienda Gvtarra<\/title>\n<meta name=\"robots\" content=\"index, follow, max-snippet:-1, max-image-preview:large, max-video-preview:-1\" \/>\n<link rel=\"canonical\" href=\"https:\/\/www.gvtarra.com\/tienda\/product\/lotes-gourmet\/lote-eco\/\" \/>\n<meta property=\"og:locale\" content=\"es_ES\" \/>\n<meta property=\"og:type\" content=\"article\" \/>\n<meta property=\"og:title\" content=\"Cosecha Ecol\u00f3gica\" \/>\n<meta property=\"og:description\" content=\"Para los amantes de las verduras y legumbres ecol\u00f3gicas, 7 variedades diferentes forman nuestra colecci\u00f3n \u00abCosecha Ecol\u00f3gica\u00bb con la garant\u00eda de Gvtarra. Disfruta de todo el sabor de las verduras y legumbres de siempre, \u00a1ahora ecol\u00f3gicas!.  PRODUCTOS INCLUIDOS (7 UNIDADES)  Jud\u00edas Verdes en Tiras Eco (1)  Alcachofas mitades Eco (1)  Guisante Eco (1)  Ma\u00edz Eco (1)  Garbanzo Eco (1)  Alubia blanca Eco (1)  Lentejas Eco (1)\" \/>\n<meta property=\"og:url\" content=\"https:\/\/www.gvtarra.com\/tienda\/product\/lotes-gourmet\/lote-eco\/\" \/>\n<meta property=\"og:site_name\" content=\"Tienda Gvtarra\" \/>\n<meta property=\"article:modified_time\" content=\"2026-01-26T12:45:05+00:00\" \/>\n<meta property=\"og:image\" content=\"https:\/\/www.gvtarra.com\/tienda\/wp-content\/uploads\/2020\/11\/ECOLOGICO.jpg\" \/>\n\t<meta property=\"og:image:width\" content=\"1200\" \/>\n\t<meta property=\"og:image:height\" content=\"801\" \/>\n\t<meta property=\"og:image:type\" content=\"image\/jpeg\" \/>\n<meta name=\"twitter:card\" content=\"summary_large_image\" \/>\n<meta name=\"twitter:label1\" content=\"Tiempo de lectura\" \/>\n\t<meta name=\"twitter:data1\" content=\"1 minuto\" \/>\n<script type=\"application\/ld+json\" class=\"yoast-schema-graph\">{\"@context\":\"https:\/\/schema.org\",\"@graph\":[{\"@type\":\"WebPage\",\"@id\":\"https:\/\/www.gvtarra.com\/tienda\/product\/lotes-gourmet\/lote-eco\/\",\"url\":\"https:\/\/www.gvtarra.com\/tienda\/product\/lotes-gourmet\/lote-eco\/\",\"name\":\"Cosecha Ecol\u00f3gica - Tienda Gvtarra\",\"isPartOf\":{\"@id\":\"https:\/\/www.gvtarra.com\/tienda\/#website\"},\"primaryImageOfPage\":{\"@id\":\"https:\/\/www.gvtarra.com\/tienda\/product\/lotes-gourmet\/lote-eco\/#primaryimage\"},\"image\":{\"@id\":\"https:\/\/www.gvtarra.com\/tienda\/product\/lotes-gourmet\/lote-eco\/#primaryimage\"},\"thumbnailUrl\":\"https:\/\/www.gvtarra.com\/tienda\/wp-content\/uploads\/2020\/11\/ECOLOGICO.jpg\",\"datePublished\":\"2020-11-09T09:46:33+00:00\",\"dateModified\":\"2026-01-26T12:45:05+00:00\",\"breadcrumb\":{\"@id\":\"https:\/\/www.gvtarra.com\/tienda\/product\/lotes-gourmet\/lote-eco\/#breadcrumb\"},\"inLanguage\":\"es\",\"potentialAction\":[{\"@type\":\"ReadAction\",\"target\":[\"https:\/\/www.gvtarra.com\/tienda\/product\/lotes-gourmet\/lote-eco\/\"]}]},{\"@type\":\"ImageObject\",\"inLanguage\":\"es\",\"@id\":\"https:\/\/www.gvtarra.com\/tienda\/product\/lotes-gourmet\/lote-eco\/#primaryimage\",\"url\":\"https:\/\/www.gvtarra.com\/tienda\/wp-content\/uploads\/2020\/11\/ECOLOGICO.jpg\",\"contentUrl\":\"https:\/\/www.gvtarra.com\/tienda\/wp-content\/uploads\/2020\/11\/ECOLOGICO.jpg\",\"width\":1200,\"height\":801},{\"@type\":\"BreadcrumbList\",\"@id\":\"https:\/\/www.gvtarra.com\/tienda\/product\/lotes-gourmet\/lote-eco\/#breadcrumb\",\"itemListElement\":[{\"@type\":\"ListItem\",\"position\":1,\"name\":\"Portada\",\"item\":\"https:\/\/www.gvtarra.com\/tienda\/\"},{\"@type\":\"ListItem\",\"position\":2,\"name\":\"Tienda\",\"item\":\"https:\/\/www.gvtarra.com\/tienda\/comprar\/\"},{\"@type\":\"ListItem\",\"position\":3,\"name\":\"Cosecha Ecol\u00f3gica\"}]},{\"@type\":\"WebSite\",\"@id\":\"https:\/\/www.gvtarra.com\/tienda\/#website\",\"url\":\"https:\/\/www.gvtarra.com\/tienda\/\",\"name\":\"Tienda Gvtarra\",\"description\":\"\",\"publisher\":{\"@id\":\"https:\/\/www.gvtarra.com\/tienda\/#organization\"},\"potentialAction\":[{\"@type\":\"SearchAction\",\"target\":{\"@type\":\"EntryPoint\",\"urlTemplate\":\"https:\/\/www.gvtarra.com\/tienda\/?s={search_term_string}\"},\"query-input\":{\"@type\":\"PropertyValueSpecification\",\"valueRequired\":true,\"valueName\":\"search_term_string\"}}],\"inLanguage\":\"es\"},{\"@type\":\"Organization\",\"@id\":\"https:\/\/www.gvtarra.com\/tienda\/#organization\",\"name\":\"Tienda Gvtarra\",\"url\":\"https:\/\/www.gvtarra.com\/tienda\/\",\"logo\":{\"@type\":\"ImageObject\",\"inLanguage\":\"es\",\"@id\":\"https:\/\/www.gvtarra.com\/tienda\/#\/schema\/logo\/image\/\",\"url\":\"https:\/\/www.gvtarra.com\/tienda\/wp-content\/uploads\/2023\/12\/cropped-Logo-Gvtarra-2017-min-scaled.png\",\"contentUrl\":\"https:\/\/www.gvtarra.com\/tienda\/wp-content\/uploads\/2023\/12\/cropped-Logo-Gvtarra-2017-min-scaled.png\",\"width\":2560,\"height\":1315,\"caption\":\"Tienda Gvtarra\"},\"image\":{\"@id\":\"https:\/\/www.gvtarra.com\/tienda\/#\/schema\/logo\/image\/\"}}]}<\/script>\n<!-- \/ Yoast SEO Premium plugin. -->","yoast_head_json":{"title":"Cosecha Ecol\u00f3gica - Tienda Gvtarra","robots":{"index":"index","follow":"follow","max-snippet":"max-snippet:-1","max-image-preview":"max-image-preview:large","max-video-preview":"max-video-preview:-1"},"canonical":"https:\/\/www.gvtarra.com\/tienda\/product\/lotes-gourmet\/lote-eco\/","og_locale":"es_ES","og_type":"article","og_title":"Cosecha Ecol\u00f3gica","og_description":"Para los amantes de las verduras y legumbres ecol\u00f3gicas, 7 variedades diferentes forman nuestra colecci\u00f3n \u00abCosecha Ecol\u00f3gica\u00bb con la garant\u00eda de Gvtarra. Disfruta de todo el sabor de las verduras y legumbres de siempre, \u00a1ahora ecol\u00f3gicas!.  PRODUCTOS INCLUIDOS (7 UNIDADES)  Jud\u00edas Verdes en Tiras Eco (1)  Alcachofas mitades Eco (1)  Guisante Eco (1)  Ma\u00edz Eco (1)  Garbanzo Eco (1)  Alubia blanca Eco (1)  Lentejas Eco (1)","og_url":"https:\/\/www.gvtarra.com\/tienda\/product\/lotes-gourmet\/lote-eco\/","og_site_name":"Tienda Gvtarra","article_modified_time":"2026-01-26T12:45:05+00:00","og_image":[{"width":1200,"height":801,"url":"https:\/\/www.gvtarra.com\/tienda\/wp-content\/uploads\/2020\/11\/ECOLOGICO.jpg","type":"image\/jpeg"}],"twitter_card":"summary_large_image","twitter_misc":{"Tiempo de lectura":"1 minuto"},"schema":{"@context":"https:\/\/schema.org","@graph":[{"@type":"WebPage","@id":"https:\/\/www.gvtarra.com\/tienda\/product\/lotes-gourmet\/lote-eco\/","url":"https:\/\/www.gvtarra.com\/tienda\/product\/lotes-gourmet\/lote-eco\/","name":"Cosecha Ecol\u00f3gica - Tienda Gvtarra","isPartOf":{"@id":"https:\/\/www.gvtarra.com\/tienda\/#website"},"primaryImageOfPage":{"@id":"https:\/\/www.gvtarra.com\/tienda\/product\/lotes-gourmet\/lote-eco\/#primaryimage"},"image":{"@id":"https:\/\/www.gvtarra.com\/tienda\/product\/lotes-gourmet\/lote-eco\/#primaryimage"},"thumbnailUrl":"https:\/\/www.gvtarra.com\/tienda\/wp-content\/uploads\/2020\/11\/ECOLOGICO.jpg","datePublished":"2020-11-09T09:46:33+00:00","dateModified":"2026-01-26T12:45:05+00:00","breadcrumb":{"@id":"https:\/\/www.gvtarra.com\/tienda\/product\/lotes-gourmet\/lote-eco\/#breadcrumb"},"inLanguage":"es","potentialAction":[{"@type":"ReadAction","target":["https:\/\/www.gvtarra.com\/tienda\/product\/lotes-gourmet\/lote-eco\/"]}]},{"@type":"ImageObject","inLanguage":"es","@id":"https:\/\/www.gvtarra.com\/tienda\/product\/lotes-gourmet\/lote-eco\/#primaryimage","url":"https:\/\/www.gvtarra.com\/tienda\/wp-content\/uploads\/2020\/11\/ECOLOGICO.jpg","contentUrl":"https:\/\/www.gvtarra.com\/tienda\/wp-content\/uploads\/2020\/11\/ECOLOGICO.jpg","width":1200,"height":801},{"@type":"BreadcrumbList","@id":"https:\/\/www.gvtarra.com\/tienda\/product\/lotes-gourmet\/lote-eco\/#breadcrumb","itemListElement":[{"@type":"ListItem","position":1,"name":"Portada","item":"https:\/\/www.gvtarra.com\/tienda\/"},{"@type":"ListItem","position":2,"name":"Tienda","item":"https:\/\/www.gvtarra.com\/tienda\/comprar\/"},{"@type":"ListItem","position":3,"name":"Cosecha Ecol\u00f3gica"}]},{"@type":"WebSite","@id":"https:\/\/www.gvtarra.com\/tienda\/#website","url":"https:\/\/www.gvtarra.com\/tienda\/","name":"Tienda Gvtarra","description":"","publisher":{"@id":"https:\/\/www.gvtarra.com\/tienda\/#organization"},"potentialAction":[{"@type":"SearchAction","target":{"@type":"EntryPoint","urlTemplate":"https:\/\/www.gvtarra.com\/tienda\/?s={search_term_string}"},"query-input":{"@type":"PropertyValueSpecification","valueRequired":true,"valueName":"search_term_string"}}],"inLanguage":"es"},{"@type":"Organization","@id":"https:\/\/www.gvtarra.com\/tienda\/#organization","name":"Tienda Gvtarra","url":"https:\/\/www.gvtarra.com\/tienda\/","logo":{"@type":"ImageObject","inLanguage":"es","@id":"https:\/\/www.gvtarra.com\/tienda\/#\/schema\/logo\/image\/","url":"https:\/\/www.gvtarra.com\/tienda\/wp-content\/uploads\/2023\/12\/cropped-Logo-Gvtarra-2017-min-scaled.png","contentUrl":"https:\/\/www.gvtarra.com\/tienda\/wp-content\/uploads\/2023\/12\/cropped-Logo-Gvtarra-2017-min-scaled.png","width":2560,"height":1315,"caption":"Tienda Gvtarra"},"image":{"@id":"https:\/\/www.gvtarra.com\/tienda\/#\/schema\/logo\/image\/"}}]}},"_links":{"self":[{"href":"https:\/\/www.gvtarra.com\/tienda\/wp-json\/wp\/v2\/product\/155","targetHints":{"allow":["GET"]}}],"collection":[{"href":"https:\/\/www.gvtarra.com\/tienda\/wp-json\/wp\/v2\/product"}],"about":[{"href":"https:\/\/www.gvtarra.com\/tienda\/wp-json\/wp\/v2\/types\/product"}],"replies":[{"embeddable":true,"href":"https:\/\/www.gvtarra.com\/tienda\/wp-json\/wp\/v2\/comments?post=155"}],"version-history":[{"count":6,"href":"https:\/\/www.gvtarra.com\/tienda\/wp-json\/wp\/v2\/product\/155\/revisions"}],"predecessor-version":[{"id":17070,"href":"https:\/\/www.gvtarra.com\/tienda\/wp-json\/wp\/v2\/product\/155\/revisions\/17070"}],"wp:featuredmedia":[{"embeddable":true,"href":"https:\/\/www.gvtarra.com\/tienda\/wp-json\/wp\/v2\/media\/7446"}],"wp:attachment":[{"href":"https:\/\/www.gvtarra.com\/tienda\/wp-json\/wp\/v2\/media?parent=155"}],"wp:term":[{"taxonomy":"product_brand","embeddable":true,"href":"https:\/\/www.gvtarra.com\/tienda\/wp-json\/wp\/v2\/product_brand?post=155"},{"taxonomy":"product_cat","embeddable":true,"href":"https:\/\/www.gvtarra.com\/tienda\/wp-json\/wp\/v2\/product_cat?post=155"},{"taxonomy":"product_tag","embeddable":true,"href":"https:\/\/www.gvtarra.com\/tienda\/wp-json\/wp\/v2\/product_tag?post=155"}],"curies":[{"name":"wp","href":"https:\/\/api.w.org\/{rel}","templated":true}]}}