{"id":2067,"date":"2024-11-17T09:00:39","date_gmt":"2024-11-17T08:00:39","guid":{"rendered":"https:\/\/www.gvtarra.com\/tienda\/?post_type=product&#038;p=2067"},"modified":"2026-01-26T12:49:40","modified_gmt":"2026-01-26T11:49:40","slug":"borraja-navarra","status":"publish","type":"product","link":"https:\/\/www.gvtarra.com\/tienda\/product\/nuestros-clasicos\/borraja-navarra\/","title":{"rendered":"Borraja Navarra (6u)"},"content":{"rendered":"<h5>INGREDIENTES<\/h5>\n<p>Borraja, agua, sal y antioxidante: a\u0301cido asco\u0301rbico.<\/p>\n<h5>INFORMACI\u00d3N NUTRICIONAL<\/h5>\n<p>Valor energ\u00e9tico:\u00a023 kJ \/ 6 kcal<br \/>\nGrasas:\u00a00 g<br \/>\nGrasas saturadas:\u00a00 g<br \/>\nHidratos de carbono:\u00a00,9 g<br \/>\nHidratos de carbono de los cu\u00e1les az\u00facares:\u00a00 g<br \/>\nFibra alimentaria:\u00a01,0 g<br \/>\nProte\u00ednas:\u00a00 g<br \/>\nSal:\u00a00,70 g<\/p>\n<h5>PESO<\/h5>\n<p>Peso neto (gr): 660<\/p>\n<p>Peso escurrido (gr): 400<\/p>\n","protected":false},"excerpt":{"rendered":"<p>Es una de las verduras m\u00e1s tiernas y suaves de la temporada de invierno, su caracter\u00edstico sabor \u201cmarino\u201d la hace \u00fanica e inconfundible entre todas las variedades cultivadas en la huerta navarra y aragonesa.<\/p>\n<p>En los meses de Oto\u00f1o comienza su recolecta y elaboraci\u00f3n, momento en el que, con mucho mimo, seleccionamos, limpiamos y troceamos los mejores tallos para ofrecerte solo la parte m\u00e1s tierna.<\/p>\n<p><strong>PRODUCTO INCLUIDO (6 UNIDADES)<\/strong><\/p>\n<p><a href=\"https:\/\/www.gvtarra.com\/nuestros-productos\/seleccion-de-nuestra-huerta\/borraja\/\">Borraja (6 unidades)<\/a><\/p>\n","protected":false},"featured_media":2101,"comment_status":"open","ping_status":"closed","template":"","meta":{"_joinchat":[]},"product_brand":[],"product_cat":[37],"product_tag":[],"class_list":{"0":"post-2067","1":"product","2":"type-product","3":"status-publish","4":"has-post-thumbnail","6":"product_cat-nuestros-clasicos","8":"first","9":"instock","10":"featured","11":"taxable","12":"shipping-taxable","13":"purchasable","14":"product-type-simple"},"yoast_head":"<!-- This site is optimized with the Yoast SEO Premium plugin v21.5 (Yoast SEO v27.2) - https:\/\/yoast.com\/product\/yoast-seo-premium-wordpress\/ -->\n<title>Borraja Navarra (6u) - Tienda Gvtarra<\/title>\n<meta name=\"robots\" content=\"index, follow, max-snippet:-1, max-image-preview:large, max-video-preview:-1\" \/>\n<link rel=\"canonical\" href=\"https:\/\/www.gvtarra.com\/tienda\/product\/nuestros-clasicos\/borraja-navarra\/\" \/>\n<meta property=\"og:locale\" content=\"es_ES\" \/>\n<meta property=\"og:type\" content=\"article\" \/>\n<meta property=\"og:title\" content=\"Borraja Navarra (6u)\" \/>\n<meta property=\"og:description\" content=\"Es una de las verduras m\u00e1s tiernas y suaves de la temporada de invierno, su caracter\u00edstico sabor \u201cmarino\u201d la hace \u00fanica e inconfundible entre todas las variedades cultivadas en la huerta navarra y aragonesa.  En los meses de Oto\u00f1o comienza su recolecta y elaboraci\u00f3n, momento en el que, con mucho mimo, seleccionamos, limpiamos y troceamos los mejores tallos para ofrecerte solo la parte m\u00e1s tierna.  PRODUCTO INCLUIDO (6 UNIDADES)  Borraja (6 unidades)\" \/>\n<meta property=\"og:url\" content=\"https:\/\/www.gvtarra.com\/tienda\/product\/nuestros-clasicos\/borraja-navarra\/\" \/>\n<meta property=\"og:site_name\" content=\"Tienda Gvtarra\" \/>\n<meta property=\"article:modified_time\" content=\"2026-01-26T11:49:40+00:00\" \/>\n<meta property=\"og:image\" content=\"https:\/\/www.gvtarra.com\/tienda\/wp-content\/uploads\/2022\/01\/006Gvtarra_TiendaOnline_borraja-scaled.jpg\" \/>\n\t<meta property=\"og:image:width\" content=\"2560\" \/>\n\t<meta property=\"og:image:height\" content=\"1706\" \/>\n\t<meta property=\"og:image:type\" content=\"image\/jpeg\" \/>\n<meta name=\"twitter:card\" content=\"summary_large_image\" \/>\n<meta name=\"twitter:label1\" content=\"Tiempo de lectura\" \/>\n\t<meta name=\"twitter:data1\" content=\"1 minuto\" \/>\n<script type=\"application\/ld+json\" class=\"yoast-schema-graph\">{\"@context\":\"https:\/\/schema.org\",\"@graph\":[{\"@type\":\"WebPage\",\"@id\":\"https:\/\/www.gvtarra.com\/tienda\/product\/nuestros-clasicos\/borraja-navarra\/\",\"url\":\"https:\/\/www.gvtarra.com\/tienda\/product\/nuestros-clasicos\/borraja-navarra\/\",\"name\":\"Borraja Navarra (6u) - Tienda Gvtarra\",\"isPartOf\":{\"@id\":\"https:\/\/www.gvtarra.com\/tienda\/#website\"},\"primaryImageOfPage\":{\"@id\":\"https:\/\/www.gvtarra.com\/tienda\/product\/nuestros-clasicos\/borraja-navarra\/#primaryimage\"},\"image\":{\"@id\":\"https:\/\/www.gvtarra.com\/tienda\/product\/nuestros-clasicos\/borraja-navarra\/#primaryimage\"},\"thumbnailUrl\":\"https:\/\/www.gvtarra.com\/tienda\/wp-content\/uploads\/2022\/01\/006Gvtarra_TiendaOnline_borraja-scaled.jpg\",\"datePublished\":\"2024-11-17T08:00:39+00:00\",\"dateModified\":\"2026-01-26T11:49:40+00:00\",\"breadcrumb\":{\"@id\":\"https:\/\/www.gvtarra.com\/tienda\/product\/nuestros-clasicos\/borraja-navarra\/#breadcrumb\"},\"inLanguage\":\"es\",\"potentialAction\":[{\"@type\":\"ReadAction\",\"target\":[\"https:\/\/www.gvtarra.com\/tienda\/product\/nuestros-clasicos\/borraja-navarra\/\"]}]},{\"@type\":\"ImageObject\",\"inLanguage\":\"es\",\"@id\":\"https:\/\/www.gvtarra.com\/tienda\/product\/nuestros-clasicos\/borraja-navarra\/#primaryimage\",\"url\":\"https:\/\/www.gvtarra.com\/tienda\/wp-content\/uploads\/2022\/01\/006Gvtarra_TiendaOnline_borraja-scaled.jpg\",\"contentUrl\":\"https:\/\/www.gvtarra.com\/tienda\/wp-content\/uploads\/2022\/01\/006Gvtarra_TiendaOnline_borraja-scaled.jpg\",\"width\":2560,\"height\":1706,\"caption\":\"006Gvtarra_TiendaOnline_borraja\"},{\"@type\":\"BreadcrumbList\",\"@id\":\"https:\/\/www.gvtarra.com\/tienda\/product\/nuestros-clasicos\/borraja-navarra\/#breadcrumb\",\"itemListElement\":[{\"@type\":\"ListItem\",\"position\":1,\"name\":\"Portada\",\"item\":\"https:\/\/www.gvtarra.com\/tienda\/\"},{\"@type\":\"ListItem\",\"position\":2,\"name\":\"Tienda\",\"item\":\"https:\/\/www.gvtarra.com\/tienda\/comprar\/\"},{\"@type\":\"ListItem\",\"position\":3,\"name\":\"Borraja Navarra (6u)\"}]},{\"@type\":\"WebSite\",\"@id\":\"https:\/\/www.gvtarra.com\/tienda\/#website\",\"url\":\"https:\/\/www.gvtarra.com\/tienda\/\",\"name\":\"Tienda Gvtarra\",\"description\":\"\",\"publisher\":{\"@id\":\"https:\/\/www.gvtarra.com\/tienda\/#organization\"},\"potentialAction\":[{\"@type\":\"SearchAction\",\"target\":{\"@type\":\"EntryPoint\",\"urlTemplate\":\"https:\/\/www.gvtarra.com\/tienda\/?s={search_term_string}\"},\"query-input\":{\"@type\":\"PropertyValueSpecification\",\"valueRequired\":true,\"valueName\":\"search_term_string\"}}],\"inLanguage\":\"es\"},{\"@type\":\"Organization\",\"@id\":\"https:\/\/www.gvtarra.com\/tienda\/#organization\",\"name\":\"Tienda Gvtarra\",\"url\":\"https:\/\/www.gvtarra.com\/tienda\/\",\"logo\":{\"@type\":\"ImageObject\",\"inLanguage\":\"es\",\"@id\":\"https:\/\/www.gvtarra.com\/tienda\/#\/schema\/logo\/image\/\",\"url\":\"https:\/\/www.gvtarra.com\/tienda\/wp-content\/uploads\/2023\/12\/cropped-Logo-Gvtarra-2017-min-scaled.png\",\"contentUrl\":\"https:\/\/www.gvtarra.com\/tienda\/wp-content\/uploads\/2023\/12\/cropped-Logo-Gvtarra-2017-min-scaled.png\",\"width\":2560,\"height\":1315,\"caption\":\"Tienda Gvtarra\"},\"image\":{\"@id\":\"https:\/\/www.gvtarra.com\/tienda\/#\/schema\/logo\/image\/\"}}]}<\/script>\n<!-- \/ Yoast SEO Premium plugin. -->","yoast_head_json":{"title":"Borraja Navarra (6u) - Tienda Gvtarra","robots":{"index":"index","follow":"follow","max-snippet":"max-snippet:-1","max-image-preview":"max-image-preview:large","max-video-preview":"max-video-preview:-1"},"canonical":"https:\/\/www.gvtarra.com\/tienda\/product\/nuestros-clasicos\/borraja-navarra\/","og_locale":"es_ES","og_type":"article","og_title":"Borraja Navarra (6u)","og_description":"Es una de las verduras m\u00e1s tiernas y suaves de la temporada de invierno, su caracter\u00edstico sabor \u201cmarino\u201d la hace \u00fanica e inconfundible entre todas las variedades cultivadas en la huerta navarra y aragonesa.  En los meses de Oto\u00f1o comienza su recolecta y elaboraci\u00f3n, momento en el que, con mucho mimo, seleccionamos, limpiamos y troceamos los mejores tallos para ofrecerte solo la parte m\u00e1s tierna.  PRODUCTO INCLUIDO (6 UNIDADES)  Borraja (6 unidades)","og_url":"https:\/\/www.gvtarra.com\/tienda\/product\/nuestros-clasicos\/borraja-navarra\/","og_site_name":"Tienda Gvtarra","article_modified_time":"2026-01-26T11:49:40+00:00","og_image":[{"width":2560,"height":1706,"url":"https:\/\/www.gvtarra.com\/tienda\/wp-content\/uploads\/2022\/01\/006Gvtarra_TiendaOnline_borraja-scaled.jpg","type":"image\/jpeg"}],"twitter_card":"summary_large_image","twitter_misc":{"Tiempo de lectura":"1 minuto"},"schema":{"@context":"https:\/\/schema.org","@graph":[{"@type":"WebPage","@id":"https:\/\/www.gvtarra.com\/tienda\/product\/nuestros-clasicos\/borraja-navarra\/","url":"https:\/\/www.gvtarra.com\/tienda\/product\/nuestros-clasicos\/borraja-navarra\/","name":"Borraja Navarra (6u) - Tienda Gvtarra","isPartOf":{"@id":"https:\/\/www.gvtarra.com\/tienda\/#website"},"primaryImageOfPage":{"@id":"https:\/\/www.gvtarra.com\/tienda\/product\/nuestros-clasicos\/borraja-navarra\/#primaryimage"},"image":{"@id":"https:\/\/www.gvtarra.com\/tienda\/product\/nuestros-clasicos\/borraja-navarra\/#primaryimage"},"thumbnailUrl":"https:\/\/www.gvtarra.com\/tienda\/wp-content\/uploads\/2022\/01\/006Gvtarra_TiendaOnline_borraja-scaled.jpg","datePublished":"2024-11-17T08:00:39+00:00","dateModified":"2026-01-26T11:49:40+00:00","breadcrumb":{"@id":"https:\/\/www.gvtarra.com\/tienda\/product\/nuestros-clasicos\/borraja-navarra\/#breadcrumb"},"inLanguage":"es","potentialAction":[{"@type":"ReadAction","target":["https:\/\/www.gvtarra.com\/tienda\/product\/nuestros-clasicos\/borraja-navarra\/"]}]},{"@type":"ImageObject","inLanguage":"es","@id":"https:\/\/www.gvtarra.com\/tienda\/product\/nuestros-clasicos\/borraja-navarra\/#primaryimage","url":"https:\/\/www.gvtarra.com\/tienda\/wp-content\/uploads\/2022\/01\/006Gvtarra_TiendaOnline_borraja-scaled.jpg","contentUrl":"https:\/\/www.gvtarra.com\/tienda\/wp-content\/uploads\/2022\/01\/006Gvtarra_TiendaOnline_borraja-scaled.jpg","width":2560,"height":1706,"caption":"006Gvtarra_TiendaOnline_borraja"},{"@type":"BreadcrumbList","@id":"https:\/\/www.gvtarra.com\/tienda\/product\/nuestros-clasicos\/borraja-navarra\/#breadcrumb","itemListElement":[{"@type":"ListItem","position":1,"name":"Portada","item":"https:\/\/www.gvtarra.com\/tienda\/"},{"@type":"ListItem","position":2,"name":"Tienda","item":"https:\/\/www.gvtarra.com\/tienda\/comprar\/"},{"@type":"ListItem","position":3,"name":"Borraja Navarra (6u)"}]},{"@type":"WebSite","@id":"https:\/\/www.gvtarra.com\/tienda\/#website","url":"https:\/\/www.gvtarra.com\/tienda\/","name":"Tienda Gvtarra","description":"","publisher":{"@id":"https:\/\/www.gvtarra.com\/tienda\/#organization"},"potentialAction":[{"@type":"SearchAction","target":{"@type":"EntryPoint","urlTemplate":"https:\/\/www.gvtarra.com\/tienda\/?s={search_term_string}"},"query-input":{"@type":"PropertyValueSpecification","valueRequired":true,"valueName":"search_term_string"}}],"inLanguage":"es"},{"@type":"Organization","@id":"https:\/\/www.gvtarra.com\/tienda\/#organization","name":"Tienda Gvtarra","url":"https:\/\/www.gvtarra.com\/tienda\/","logo":{"@type":"ImageObject","inLanguage":"es","@id":"https:\/\/www.gvtarra.com\/tienda\/#\/schema\/logo\/image\/","url":"https:\/\/www.gvtarra.com\/tienda\/wp-content\/uploads\/2023\/12\/cropped-Logo-Gvtarra-2017-min-scaled.png","contentUrl":"https:\/\/www.gvtarra.com\/tienda\/wp-content\/uploads\/2023\/12\/cropped-Logo-Gvtarra-2017-min-scaled.png","width":2560,"height":1315,"caption":"Tienda Gvtarra"},"image":{"@id":"https:\/\/www.gvtarra.com\/tienda\/#\/schema\/logo\/image\/"}}]}},"_links":{"self":[{"href":"https:\/\/www.gvtarra.com\/tienda\/wp-json\/wp\/v2\/product\/2067","targetHints":{"allow":["GET"]}}],"collection":[{"href":"https:\/\/www.gvtarra.com\/tienda\/wp-json\/wp\/v2\/product"}],"about":[{"href":"https:\/\/www.gvtarra.com\/tienda\/wp-json\/wp\/v2\/types\/product"}],"replies":[{"embeddable":true,"href":"https:\/\/www.gvtarra.com\/tienda\/wp-json\/wp\/v2\/comments?post=2067"}],"version-history":[{"count":5,"href":"https:\/\/www.gvtarra.com\/tienda\/wp-json\/wp\/v2\/product\/2067\/revisions"}],"predecessor-version":[{"id":17040,"href":"https:\/\/www.gvtarra.com\/tienda\/wp-json\/wp\/v2\/product\/2067\/revisions\/17040"}],"wp:featuredmedia":[{"embeddable":true,"href":"https:\/\/www.gvtarra.com\/tienda\/wp-json\/wp\/v2\/media\/2101"}],"wp:attachment":[{"href":"https:\/\/www.gvtarra.com\/tienda\/wp-json\/wp\/v2\/media?parent=2067"}],"wp:term":[{"taxonomy":"product_brand","embeddable":true,"href":"https:\/\/www.gvtarra.com\/tienda\/wp-json\/wp\/v2\/product_brand?post=2067"},{"taxonomy":"product_cat","embeddable":true,"href":"https:\/\/www.gvtarra.com\/tienda\/wp-json\/wp\/v2\/product_cat?post=2067"},{"taxonomy":"product_tag","embeddable":true,"href":"https:\/\/www.gvtarra.com\/tienda\/wp-json\/wp\/v2\/product_tag?post=2067"}],"curies":[{"name":"wp","href":"https:\/\/api.w.org\/{rel}","templated":true}]}}