{"id":2074,"date":"2024-11-16T11:40:13","date_gmt":"2024-11-16T10:40:13","guid":{"rendered":"https:\/\/www.gvtarra.com\/tienda\/?post_type=product&#038;p=2074"},"modified":"2026-01-26T12:53:34","modified_gmt":"2026-01-26T11:53:34","slug":"judias-verdes-corte-juliana","status":"publish","type":"product","link":"https:\/\/www.gvtarra.com\/tienda\/product\/nuestros-clasicos\/judias-verdes-corte-juliana\/","title":{"rendered":"Jud\u00edas Verdes juliana (6u)"},"content":{"rendered":"<h5>INGREDIENTES<\/h5>\n<div class=\"elementor-toggle-item\">\n<p id=\"elementor-tab-content-1301\" class=\"elementor-tab-content elementor-clearfix elementor-active\" role=\"region\" data-tab=\"1\" aria-labelledby=\"elementor-tab-title-1301\">Judi\u0301as verdes, agua, sal y antioxidante: a\u0301cido asco\u0301rbico.<\/p>\n<h5 role=\"region\" data-tab=\"1\" aria-labelledby=\"elementor-tab-title-1301\">INFORMACI\u00d3N NUTRICIONAL<\/h5>\n<p>Valor energ\u00e9tico:\u00a058 kJ \/ 14 kcal<br \/>\nGrasas:\u00a00 g<br \/>\nGrasas saturadas:\u00a00 g<br \/>\nHidratos de carbono:\u00a01,8 g<br \/>\nHidratos de carbono de los cu\u00e1les az\u00facares:\u00a00 g<br \/>\nFibra alimentaria:\u00a01,7 g<br \/>\nProte\u00ednas:\u00a00,8 g<br \/>\nSal:\u00a00,70 g<\/p>\n<\/div>\n<h5>PESO<\/h5>\n<p>Peso neto (gr): 3.660<\/p>\n<p>Peso escurrido (gr): 2.285<\/p>\n","protected":false},"excerpt":{"rendered":"<p>Nuestras jud\u00edas verdes son \u201cde temporada\u201d, es decir, son cultivadas de acuerdo a su ciclo natural de crecimiento. Lo hacemos as\u00ed porque respetamos el medio ambiente y porque queremos llevar a tu mesa productos elaborado a partir de verdura fresca. En la Tienda Gvtarra te ofrecemos el exclusivo corte en \u201cjuliana\u201d que evita los incomodos hilos y desagradables semillas, al tiempo que aporta una gran ternura. Adem\u00e1s, son muy f\u00e1ciles de utilizar tanto en recetas tradicionales como novedosas: c\u00f3melas en ensaladas o an\u00edmate a elaborar espaguetis vegetales con tus jud\u00edas. \u00a1No pueden faltar en tu dieta!<\/p>\n<p><strong>PRODUCTO INCLUIDO (6 UNIDADES)<\/strong><\/p>\n<p><a href=\"https:\/\/www.gvtarra.com\/nuestros-productos\/tradicion\/judias-verdes-tiras\/\">Jud\u00edas Verdes (6 unidades)<\/a><\/p>\n","protected":false},"featured_media":2069,"comment_status":"open","ping_status":"closed","template":"","meta":{"_joinchat":[]},"product_brand":[],"product_cat":[37],"product_tag":[],"class_list":{"0":"post-2074","1":"product","2":"type-product","3":"status-publish","4":"has-post-thumbnail","6":"product_cat-nuestros-clasicos","8":"first","9":"instock","10":"featured","11":"taxable","12":"shipping-taxable","13":"purchasable","14":"product-type-simple"},"yoast_head":"<!-- This site is optimized with the Yoast SEO Premium plugin v21.5 (Yoast SEO v27.2) - https:\/\/yoast.com\/product\/yoast-seo-premium-wordpress\/ -->\n<title>Jud\u00edas Verdes juliana (6u) - Tienda Gvtarra<\/title>\n<meta name=\"robots\" content=\"index, follow, max-snippet:-1, max-image-preview:large, max-video-preview:-1\" \/>\n<link rel=\"canonical\" href=\"https:\/\/www.gvtarra.com\/tienda\/product\/nuestros-clasicos\/judias-verdes-corte-juliana\/\" \/>\n<meta property=\"og:locale\" content=\"es_ES\" \/>\n<meta property=\"og:type\" content=\"article\" \/>\n<meta property=\"og:title\" content=\"Jud\u00edas Verdes juliana (6u)\" \/>\n<meta property=\"og:description\" content=\"Nuestras jud\u00edas verdes son \u201cde temporada\u201d, es decir, son cultivadas de acuerdo a su ciclo natural de crecimiento. Lo hacemos as\u00ed porque respetamos el medio ambiente y porque queremos llevar a tu mesa productos elaborado a partir de verdura fresca. En la Tienda Gvtarra te ofrecemos el exclusivo corte en \u201cjuliana\u201d que evita los incomodos hilos y desagradables semillas, al tiempo que aporta una gran ternura. Adem\u00e1s, son muy f\u00e1ciles de utilizar tanto en recetas tradicionales como novedosas: c\u00f3melas en ensaladas o an\u00edmate a elaborar espaguetis vegetales con tus jud\u00edas. \u00a1No pueden faltar en tu dieta!  PRODUCTO INCLUIDO (6 UNIDADES)  Jud\u00edas Verdes (6 unidades)\" \/>\n<meta property=\"og:url\" content=\"https:\/\/www.gvtarra.com\/tienda\/product\/nuestros-clasicos\/judias-verdes-corte-juliana\/\" \/>\n<meta property=\"og:site_name\" content=\"Tienda Gvtarra\" \/>\n<meta property=\"article:modified_time\" content=\"2026-01-26T11:53:34+00:00\" \/>\n<meta property=\"og:image\" content=\"https:\/\/www.gvtarra.com\/tienda\/wp-content\/uploads\/2022\/01\/003Gvtarra_TiendaOnline_judia-scaled.jpg\" \/>\n\t<meta property=\"og:image:width\" content=\"2560\" \/>\n\t<meta property=\"og:image:height\" content=\"1706\" \/>\n\t<meta property=\"og:image:type\" content=\"image\/jpeg\" \/>\n<meta name=\"twitter:card\" content=\"summary_large_image\" \/>\n<meta name=\"twitter:label1\" content=\"Tiempo de lectura\" \/>\n\t<meta name=\"twitter:data1\" content=\"1 minuto\" \/>\n<script type=\"application\/ld+json\" class=\"yoast-schema-graph\">{\"@context\":\"https:\/\/schema.org\",\"@graph\":[{\"@type\":\"WebPage\",\"@id\":\"https:\/\/www.gvtarra.com\/tienda\/product\/nuestros-clasicos\/judias-verdes-corte-juliana\/\",\"url\":\"https:\/\/www.gvtarra.com\/tienda\/product\/nuestros-clasicos\/judias-verdes-corte-juliana\/\",\"name\":\"Jud\u00edas Verdes juliana (6u) - Tienda Gvtarra\",\"isPartOf\":{\"@id\":\"https:\/\/www.gvtarra.com\/tienda\/#website\"},\"primaryImageOfPage\":{\"@id\":\"https:\/\/www.gvtarra.com\/tienda\/product\/nuestros-clasicos\/judias-verdes-corte-juliana\/#primaryimage\"},\"image\":{\"@id\":\"https:\/\/www.gvtarra.com\/tienda\/product\/nuestros-clasicos\/judias-verdes-corte-juliana\/#primaryimage\"},\"thumbnailUrl\":\"https:\/\/www.gvtarra.com\/tienda\/wp-content\/uploads\/2022\/01\/003Gvtarra_TiendaOnline_judia-scaled.jpg\",\"datePublished\":\"2024-11-16T10:40:13+00:00\",\"dateModified\":\"2026-01-26T11:53:34+00:00\",\"breadcrumb\":{\"@id\":\"https:\/\/www.gvtarra.com\/tienda\/product\/nuestros-clasicos\/judias-verdes-corte-juliana\/#breadcrumb\"},\"inLanguage\":\"es\",\"potentialAction\":[{\"@type\":\"ReadAction\",\"target\":[\"https:\/\/www.gvtarra.com\/tienda\/product\/nuestros-clasicos\/judias-verdes-corte-juliana\/\"]}]},{\"@type\":\"ImageObject\",\"inLanguage\":\"es\",\"@id\":\"https:\/\/www.gvtarra.com\/tienda\/product\/nuestros-clasicos\/judias-verdes-corte-juliana\/#primaryimage\",\"url\":\"https:\/\/www.gvtarra.com\/tienda\/wp-content\/uploads\/2022\/01\/003Gvtarra_TiendaOnline_judia-scaled.jpg\",\"contentUrl\":\"https:\/\/www.gvtarra.com\/tienda\/wp-content\/uploads\/2022\/01\/003Gvtarra_TiendaOnline_judia-scaled.jpg\",\"width\":2560,\"height\":1706,\"caption\":\"Jud\u00edas Verdes corte juliana\"},{\"@type\":\"BreadcrumbList\",\"@id\":\"https:\/\/www.gvtarra.com\/tienda\/product\/nuestros-clasicos\/judias-verdes-corte-juliana\/#breadcrumb\",\"itemListElement\":[{\"@type\":\"ListItem\",\"position\":1,\"name\":\"Portada\",\"item\":\"https:\/\/www.gvtarra.com\/tienda\/\"},{\"@type\":\"ListItem\",\"position\":2,\"name\":\"Tienda\",\"item\":\"https:\/\/www.gvtarra.com\/tienda\/comprar\/\"},{\"@type\":\"ListItem\",\"position\":3,\"name\":\"Jud\u00edas Verdes juliana (6u)\"}]},{\"@type\":\"WebSite\",\"@id\":\"https:\/\/www.gvtarra.com\/tienda\/#website\",\"url\":\"https:\/\/www.gvtarra.com\/tienda\/\",\"name\":\"Tienda Gvtarra\",\"description\":\"\",\"publisher\":{\"@id\":\"https:\/\/www.gvtarra.com\/tienda\/#organization\"},\"potentialAction\":[{\"@type\":\"SearchAction\",\"target\":{\"@type\":\"EntryPoint\",\"urlTemplate\":\"https:\/\/www.gvtarra.com\/tienda\/?s={search_term_string}\"},\"query-input\":{\"@type\":\"PropertyValueSpecification\",\"valueRequired\":true,\"valueName\":\"search_term_string\"}}],\"inLanguage\":\"es\"},{\"@type\":\"Organization\",\"@id\":\"https:\/\/www.gvtarra.com\/tienda\/#organization\",\"name\":\"Tienda Gvtarra\",\"url\":\"https:\/\/www.gvtarra.com\/tienda\/\",\"logo\":{\"@type\":\"ImageObject\",\"inLanguage\":\"es\",\"@id\":\"https:\/\/www.gvtarra.com\/tienda\/#\/schema\/logo\/image\/\",\"url\":\"https:\/\/www.gvtarra.com\/tienda\/wp-content\/uploads\/2023\/12\/cropped-Logo-Gvtarra-2017-min-scaled.png\",\"contentUrl\":\"https:\/\/www.gvtarra.com\/tienda\/wp-content\/uploads\/2023\/12\/cropped-Logo-Gvtarra-2017-min-scaled.png\",\"width\":2560,\"height\":1315,\"caption\":\"Tienda Gvtarra\"},\"image\":{\"@id\":\"https:\/\/www.gvtarra.com\/tienda\/#\/schema\/logo\/image\/\"}}]}<\/script>\n<!-- \/ Yoast SEO Premium plugin. -->","yoast_head_json":{"title":"Jud\u00edas Verdes juliana (6u) - Tienda Gvtarra","robots":{"index":"index","follow":"follow","max-snippet":"max-snippet:-1","max-image-preview":"max-image-preview:large","max-video-preview":"max-video-preview:-1"},"canonical":"https:\/\/www.gvtarra.com\/tienda\/product\/nuestros-clasicos\/judias-verdes-corte-juliana\/","og_locale":"es_ES","og_type":"article","og_title":"Jud\u00edas Verdes juliana (6u)","og_description":"Nuestras jud\u00edas verdes son \u201cde temporada\u201d, es decir, son cultivadas de acuerdo a su ciclo natural de crecimiento. Lo hacemos as\u00ed porque respetamos el medio ambiente y porque queremos llevar a tu mesa productos elaborado a partir de verdura fresca. En la Tienda Gvtarra te ofrecemos el exclusivo corte en \u201cjuliana\u201d que evita los incomodos hilos y desagradables semillas, al tiempo que aporta una gran ternura. Adem\u00e1s, son muy f\u00e1ciles de utilizar tanto en recetas tradicionales como novedosas: c\u00f3melas en ensaladas o an\u00edmate a elaborar espaguetis vegetales con tus jud\u00edas. \u00a1No pueden faltar en tu dieta!  PRODUCTO INCLUIDO (6 UNIDADES)  Jud\u00edas Verdes (6 unidades)","og_url":"https:\/\/www.gvtarra.com\/tienda\/product\/nuestros-clasicos\/judias-verdes-corte-juliana\/","og_site_name":"Tienda Gvtarra","article_modified_time":"2026-01-26T11:53:34+00:00","og_image":[{"width":2560,"height":1706,"url":"https:\/\/www.gvtarra.com\/tienda\/wp-content\/uploads\/2022\/01\/003Gvtarra_TiendaOnline_judia-scaled.jpg","type":"image\/jpeg"}],"twitter_card":"summary_large_image","twitter_misc":{"Tiempo de lectura":"1 minuto"},"schema":{"@context":"https:\/\/schema.org","@graph":[{"@type":"WebPage","@id":"https:\/\/www.gvtarra.com\/tienda\/product\/nuestros-clasicos\/judias-verdes-corte-juliana\/","url":"https:\/\/www.gvtarra.com\/tienda\/product\/nuestros-clasicos\/judias-verdes-corte-juliana\/","name":"Jud\u00edas Verdes juliana (6u) - Tienda Gvtarra","isPartOf":{"@id":"https:\/\/www.gvtarra.com\/tienda\/#website"},"primaryImageOfPage":{"@id":"https:\/\/www.gvtarra.com\/tienda\/product\/nuestros-clasicos\/judias-verdes-corte-juliana\/#primaryimage"},"image":{"@id":"https:\/\/www.gvtarra.com\/tienda\/product\/nuestros-clasicos\/judias-verdes-corte-juliana\/#primaryimage"},"thumbnailUrl":"https:\/\/www.gvtarra.com\/tienda\/wp-content\/uploads\/2022\/01\/003Gvtarra_TiendaOnline_judia-scaled.jpg","datePublished":"2024-11-16T10:40:13+00:00","dateModified":"2026-01-26T11:53:34+00:00","breadcrumb":{"@id":"https:\/\/www.gvtarra.com\/tienda\/product\/nuestros-clasicos\/judias-verdes-corte-juliana\/#breadcrumb"},"inLanguage":"es","potentialAction":[{"@type":"ReadAction","target":["https:\/\/www.gvtarra.com\/tienda\/product\/nuestros-clasicos\/judias-verdes-corte-juliana\/"]}]},{"@type":"ImageObject","inLanguage":"es","@id":"https:\/\/www.gvtarra.com\/tienda\/product\/nuestros-clasicos\/judias-verdes-corte-juliana\/#primaryimage","url":"https:\/\/www.gvtarra.com\/tienda\/wp-content\/uploads\/2022\/01\/003Gvtarra_TiendaOnline_judia-scaled.jpg","contentUrl":"https:\/\/www.gvtarra.com\/tienda\/wp-content\/uploads\/2022\/01\/003Gvtarra_TiendaOnline_judia-scaled.jpg","width":2560,"height":1706,"caption":"Jud\u00edas Verdes corte juliana"},{"@type":"BreadcrumbList","@id":"https:\/\/www.gvtarra.com\/tienda\/product\/nuestros-clasicos\/judias-verdes-corte-juliana\/#breadcrumb","itemListElement":[{"@type":"ListItem","position":1,"name":"Portada","item":"https:\/\/www.gvtarra.com\/tienda\/"},{"@type":"ListItem","position":2,"name":"Tienda","item":"https:\/\/www.gvtarra.com\/tienda\/comprar\/"},{"@type":"ListItem","position":3,"name":"Jud\u00edas Verdes juliana (6u)"}]},{"@type":"WebSite","@id":"https:\/\/www.gvtarra.com\/tienda\/#website","url":"https:\/\/www.gvtarra.com\/tienda\/","name":"Tienda Gvtarra","description":"","publisher":{"@id":"https:\/\/www.gvtarra.com\/tienda\/#organization"},"potentialAction":[{"@type":"SearchAction","target":{"@type":"EntryPoint","urlTemplate":"https:\/\/www.gvtarra.com\/tienda\/?s={search_term_string}"},"query-input":{"@type":"PropertyValueSpecification","valueRequired":true,"valueName":"search_term_string"}}],"inLanguage":"es"},{"@type":"Organization","@id":"https:\/\/www.gvtarra.com\/tienda\/#organization","name":"Tienda Gvtarra","url":"https:\/\/www.gvtarra.com\/tienda\/","logo":{"@type":"ImageObject","inLanguage":"es","@id":"https:\/\/www.gvtarra.com\/tienda\/#\/schema\/logo\/image\/","url":"https:\/\/www.gvtarra.com\/tienda\/wp-content\/uploads\/2023\/12\/cropped-Logo-Gvtarra-2017-min-scaled.png","contentUrl":"https:\/\/www.gvtarra.com\/tienda\/wp-content\/uploads\/2023\/12\/cropped-Logo-Gvtarra-2017-min-scaled.png","width":2560,"height":1315,"caption":"Tienda Gvtarra"},"image":{"@id":"https:\/\/www.gvtarra.com\/tienda\/#\/schema\/logo\/image\/"}}]}},"_links":{"self":[{"href":"https:\/\/www.gvtarra.com\/tienda\/wp-json\/wp\/v2\/product\/2074","targetHints":{"allow":["GET"]}}],"collection":[{"href":"https:\/\/www.gvtarra.com\/tienda\/wp-json\/wp\/v2\/product"}],"about":[{"href":"https:\/\/www.gvtarra.com\/tienda\/wp-json\/wp\/v2\/types\/product"}],"replies":[{"embeddable":true,"href":"https:\/\/www.gvtarra.com\/tienda\/wp-json\/wp\/v2\/comments?post=2074"}],"version-history":[{"count":6,"href":"https:\/\/www.gvtarra.com\/tienda\/wp-json\/wp\/v2\/product\/2074\/revisions"}],"predecessor-version":[{"id":17043,"href":"https:\/\/www.gvtarra.com\/tienda\/wp-json\/wp\/v2\/product\/2074\/revisions\/17043"}],"wp:featuredmedia":[{"embeddable":true,"href":"https:\/\/www.gvtarra.com\/tienda\/wp-json\/wp\/v2\/media\/2069"}],"wp:attachment":[{"href":"https:\/\/www.gvtarra.com\/tienda\/wp-json\/wp\/v2\/media?parent=2074"}],"wp:term":[{"taxonomy":"product_brand","embeddable":true,"href":"https:\/\/www.gvtarra.com\/tienda\/wp-json\/wp\/v2\/product_brand?post=2074"},{"taxonomy":"product_cat","embeddable":true,"href":"https:\/\/www.gvtarra.com\/tienda\/wp-json\/wp\/v2\/product_cat?post=2074"},{"taxonomy":"product_tag","embeddable":true,"href":"https:\/\/www.gvtarra.com\/tienda\/wp-json\/wp\/v2\/product_tag?post=2074"}],"curies":[{"name":"wp","href":"https:\/\/api.w.org\/{rel}","templated":true}]}}