{"id":2080,"date":"2025-11-15T13:05:48","date_gmt":"2025-11-15T12:05:48","guid":{"rendered":"https:\/\/www.gvtarra.com\/tienda\/?post_type=product&#038;p=2080"},"modified":"2026-04-30T10:38:56","modified_gmt":"2026-04-30T08:38:56","slug":"fritada-piperrada","status":"publish","type":"product","link":"https:\/\/www.gvtarra.com\/tienda\/product\/nuestros-clasicos\/fritada-piperrada\/","title":{"rendered":"Fritada &#8211; Piperrada (6u)"},"content":{"rendered":"<h5>INGREDIENTES<\/h5>\n<p>Tomate, pimiento, cebolla, aceite de girasol, az\u00facar, sal, ajo, estabilizante: E-412 y E-415 y acidulante: \u00e1cido c\u00edtrico.<\/p>\n<h5>INFORMACI\u00d3N NUTRICIONAL<\/h5>\n<table class=\"table table-sm mb-0\">\n<tbody>\n<tr>\n<td>Valor energ\u00e9tico<\/td>\n<td class=\"text-right\">232 kJ \/ 56 kcal<\/td>\n<\/tr>\n<tr>\n<td>Grasas<\/td>\n<td class=\"text-right\">2,9 g<\/td>\n<\/tr>\n<tr>\n<td>de las cuales saturadas<\/td>\n<td class=\"text-right\">0,4 g<\/td>\n<\/tr>\n<tr>\n<td>Hidratos de carbono<\/td>\n<td class=\"text-right\">5,4 g<\/td>\n<\/tr>\n<tr>\n<td>de los cuales az\u00facares<\/td>\n<td class=\"text-right\">4,5 g<\/td>\n<\/tr>\n<tr>\n<td>Fibra alimentaria<\/td>\n<td class=\"text-right\">1,9 g<\/td>\n<\/tr>\n<tr>\n<td>Prote\u00ednas<\/td>\n<td class=\"text-right\">1,0 g<\/td>\n<\/tr>\n<tr>\n<td>Sal<\/td>\n<td class=\"text-right\">1,22 g<\/td>\n<\/tr>\n<\/tbody>\n<\/table>\n<p><small>Valores nutricionales por 100g de producto<\/small><\/p>\n<p><strong>PESO<\/strong><\/p>\n<p>Peso neto (gr): 660<br \/>\nPeso escurrido (gr): 660<\/p>\n","protected":false},"excerpt":{"rendered":"<p>La fritada forma parte del recetario popular de toda Espa\u00f1a, pero especialmente de la zona norte (Navarra y Pa\u00eds Vasco), donde recibe el nombre de \u201cPiperrada\u201d. La receta Gvtarra est\u00e1 elaborada por tomate, pimiento rojo, cebolla y ajo. La clave de su sabor est\u00e1 en la \u201cpaciencia\u201d esa que ten\u00edan nuestra abuelas, ya que cuece a fuego lento. Es una salsa ideal como base para otras salsas, como la famosa bolo\u00f1esa, o platos de pescado, como el bacalao a la bizkaina, o tambi\u00e9n para bases para pizzas y burritos. Incorpora la Fritada Gvtarra a tus guisos y obtendr\u00e1s platos como \u201ccomo las de antes\u201d sin perderte ni un minuto del \u201cahora\u201d.<\/p>\n<p><strong>PRODUCTOS INCLUIDOS (6 UNIDADES)<\/strong><\/p>\n<p><a href=\"https:\/\/www.gvtarra.com\/nuestros-productos\/tomates-y-sofritos\/fritada\/\">Fritada &#8211; piperrada (6 unidades)<\/a><\/p>\n","protected":false},"featured_media":2071,"comment_status":"open","ping_status":"closed","template":"","meta":{"_joinchat":[]},"product_brand":[],"product_cat":[37,40],"product_tag":[],"class_list":{"0":"post-2080","1":"product","2":"type-product","3":"status-publish","4":"has-post-thumbnail","6":"product_cat-nuestros-clasicos","7":"product_cat-tomates","9":"first","10":"instock","11":"featured","12":"taxable","13":"shipping-taxable","14":"purchasable","15":"product-type-simple"},"yoast_head":"<!-- This site is optimized with the Yoast SEO Premium plugin v21.5 (Yoast SEO v27.5) - https:\/\/yoast.com\/product\/yoast-seo-premium-wordpress\/ -->\n<title>Fritada - Piperrada (6u) - Tienda Gvtarra<\/title>\n<meta name=\"robots\" content=\"index, follow, max-snippet:-1, max-image-preview:large, max-video-preview:-1\" \/>\n<link rel=\"canonical\" href=\"https:\/\/www.gvtarra.com\/tienda\/product\/nuestros-clasicos\/fritada-piperrada\/\" \/>\n<meta property=\"og:locale\" content=\"es_ES\" \/>\n<meta property=\"og:type\" content=\"article\" \/>\n<meta property=\"og:title\" content=\"Fritada - Piperrada (6u)\" \/>\n<meta property=\"og:description\" content=\"La fritada forma parte del recetario popular de toda Espa\u00f1a, pero especialmente de la zona norte (Navarra y Pa\u00eds Vasco), donde recibe el nombre de \u201cPiperrada\u201d. La receta Gvtarra est\u00e1 elaborada por tomate, pimiento rojo, cebolla y ajo. La clave de su sabor est\u00e1 en la \u201cpaciencia\u201d esa que ten\u00edan nuestra abuelas, ya que cuece a fuego lento. Es una salsa ideal como base para otras salsas, como la famosa bolo\u00f1esa, o platos de pescado, como el bacalao a la bizkaina, o tambi\u00e9n para bases para pizzas y burritos. Incorpora la Fritada Gvtarra a tus guisos y obtendr\u00e1s platos como \u201ccomo las de antes\u201d sin perderte ni un minuto del \u201cahora\u201d.  PRODUCTOS INCLUIDOS (6 UNIDADES)  Fritada - piperrada (6 unidades)\" \/>\n<meta property=\"og:url\" content=\"https:\/\/www.gvtarra.com\/tienda\/product\/nuestros-clasicos\/fritada-piperrada\/\" \/>\n<meta property=\"og:site_name\" content=\"Tienda Gvtarra\" \/>\n<meta property=\"article:modified_time\" content=\"2026-04-30T08:38:56+00:00\" \/>\n<meta property=\"og:image\" content=\"https:\/\/www.gvtarra.com\/tienda\/wp-content\/uploads\/2022\/01\/003Gvtarra_TiendaOnline_fritada-scaled.jpg\" \/>\n\t<meta property=\"og:image:width\" content=\"2560\" \/>\n\t<meta property=\"og:image:height\" content=\"1706\" \/>\n\t<meta property=\"og:image:type\" content=\"image\/jpeg\" \/>\n<meta name=\"twitter:card\" content=\"summary_large_image\" \/>\n<meta name=\"twitter:label1\" content=\"Tiempo de lectura\" \/>\n\t<meta name=\"twitter:data1\" content=\"1 minuto\" \/>\n<script type=\"application\/ld+json\" class=\"yoast-schema-graph\">{\"@context\":\"https:\\\/\\\/schema.org\",\"@graph\":[{\"@type\":\"WebPage\",\"@id\":\"https:\\\/\\\/www.gvtarra.com\\\/tienda\\\/product\\\/nuestros-clasicos\\\/fritada-piperrada\\\/\",\"url\":\"https:\\\/\\\/www.gvtarra.com\\\/tienda\\\/product\\\/nuestros-clasicos\\\/fritada-piperrada\\\/\",\"name\":\"Fritada - Piperrada (6u) - Tienda Gvtarra\",\"isPartOf\":{\"@id\":\"https:\\\/\\\/www.gvtarra.com\\\/tienda\\\/#website\"},\"primaryImageOfPage\":{\"@id\":\"https:\\\/\\\/www.gvtarra.com\\\/tienda\\\/product\\\/nuestros-clasicos\\\/fritada-piperrada\\\/#primaryimage\"},\"image\":{\"@id\":\"https:\\\/\\\/www.gvtarra.com\\\/tienda\\\/product\\\/nuestros-clasicos\\\/fritada-piperrada\\\/#primaryimage\"},\"thumbnailUrl\":\"https:\\\/\\\/www.gvtarra.com\\\/tienda\\\/wp-content\\\/uploads\\\/2022\\\/01\\\/003Gvtarra_TiendaOnline_fritada-scaled.jpg\",\"datePublished\":\"2025-11-15T12:05:48+00:00\",\"dateModified\":\"2026-04-30T08:38:56+00:00\",\"breadcrumb\":{\"@id\":\"https:\\\/\\\/www.gvtarra.com\\\/tienda\\\/product\\\/nuestros-clasicos\\\/fritada-piperrada\\\/#breadcrumb\"},\"inLanguage\":\"es\",\"potentialAction\":[{\"@type\":\"ReadAction\",\"target\":[\"https:\\\/\\\/www.gvtarra.com\\\/tienda\\\/product\\\/nuestros-clasicos\\\/fritada-piperrada\\\/\"]}]},{\"@type\":\"ImageObject\",\"inLanguage\":\"es\",\"@id\":\"https:\\\/\\\/www.gvtarra.com\\\/tienda\\\/product\\\/nuestros-clasicos\\\/fritada-piperrada\\\/#primaryimage\",\"url\":\"https:\\\/\\\/www.gvtarra.com\\\/tienda\\\/wp-content\\\/uploads\\\/2022\\\/01\\\/003Gvtarra_TiendaOnline_fritada-scaled.jpg\",\"contentUrl\":\"https:\\\/\\\/www.gvtarra.com\\\/tienda\\\/wp-content\\\/uploads\\\/2022\\\/01\\\/003Gvtarra_TiendaOnline_fritada-scaled.jpg\",\"width\":2560,\"height\":1706},{\"@type\":\"BreadcrumbList\",\"@id\":\"https:\\\/\\\/www.gvtarra.com\\\/tienda\\\/product\\\/nuestros-clasicos\\\/fritada-piperrada\\\/#breadcrumb\",\"itemListElement\":[{\"@type\":\"ListItem\",\"position\":1,\"name\":\"Portada\",\"item\":\"https:\\\/\\\/www.gvtarra.com\\\/tienda\\\/\"},{\"@type\":\"ListItem\",\"position\":2,\"name\":\"Tienda\",\"item\":\"https:\\\/\\\/www.gvtarra.com\\\/tienda\\\/comprar\\\/\"},{\"@type\":\"ListItem\",\"position\":3,\"name\":\"Fritada &#8211; Piperrada (6u)\"}]},{\"@type\":\"WebSite\",\"@id\":\"https:\\\/\\\/www.gvtarra.com\\\/tienda\\\/#website\",\"url\":\"https:\\\/\\\/www.gvtarra.com\\\/tienda\\\/\",\"name\":\"Tienda Gvtarra\",\"description\":\"\",\"publisher\":{\"@id\":\"https:\\\/\\\/www.gvtarra.com\\\/tienda\\\/#organization\"},\"potentialAction\":[{\"@type\":\"SearchAction\",\"target\":{\"@type\":\"EntryPoint\",\"urlTemplate\":\"https:\\\/\\\/www.gvtarra.com\\\/tienda\\\/?s={search_term_string}\"},\"query-input\":{\"@type\":\"PropertyValueSpecification\",\"valueRequired\":true,\"valueName\":\"search_term_string\"}}],\"inLanguage\":\"es\"},{\"@type\":\"Organization\",\"@id\":\"https:\\\/\\\/www.gvtarra.com\\\/tienda\\\/#organization\",\"name\":\"Tienda Gvtarra\",\"url\":\"https:\\\/\\\/www.gvtarra.com\\\/tienda\\\/\",\"logo\":{\"@type\":\"ImageObject\",\"inLanguage\":\"es\",\"@id\":\"https:\\\/\\\/www.gvtarra.com\\\/tienda\\\/#\\\/schema\\\/logo\\\/image\\\/\",\"url\":\"https:\\\/\\\/www.gvtarra.com\\\/tienda\\\/wp-content\\\/uploads\\\/2023\\\/12\\\/cropped-Logo-Gvtarra-2017-min-scaled.png\",\"contentUrl\":\"https:\\\/\\\/www.gvtarra.com\\\/tienda\\\/wp-content\\\/uploads\\\/2023\\\/12\\\/cropped-Logo-Gvtarra-2017-min-scaled.png\",\"width\":2560,\"height\":1315,\"caption\":\"Tienda Gvtarra\"},\"image\":{\"@id\":\"https:\\\/\\\/www.gvtarra.com\\\/tienda\\\/#\\\/schema\\\/logo\\\/image\\\/\"}}]}<\/script>\n<!-- \/ Yoast SEO Premium plugin. -->","yoast_head_json":{"title":"Fritada - Piperrada (6u) - Tienda Gvtarra","robots":{"index":"index","follow":"follow","max-snippet":"max-snippet:-1","max-image-preview":"max-image-preview:large","max-video-preview":"max-video-preview:-1"},"canonical":"https:\/\/www.gvtarra.com\/tienda\/product\/nuestros-clasicos\/fritada-piperrada\/","og_locale":"es_ES","og_type":"article","og_title":"Fritada - Piperrada (6u)","og_description":"La fritada forma parte del recetario popular de toda Espa\u00f1a, pero especialmente de la zona norte (Navarra y Pa\u00eds Vasco), donde recibe el nombre de \u201cPiperrada\u201d. La receta Gvtarra est\u00e1 elaborada por tomate, pimiento rojo, cebolla y ajo. La clave de su sabor est\u00e1 en la \u201cpaciencia\u201d esa que ten\u00edan nuestra abuelas, ya que cuece a fuego lento. Es una salsa ideal como base para otras salsas, como la famosa bolo\u00f1esa, o platos de pescado, como el bacalao a la bizkaina, o tambi\u00e9n para bases para pizzas y burritos. Incorpora la Fritada Gvtarra a tus guisos y obtendr\u00e1s platos como \u201ccomo las de antes\u201d sin perderte ni un minuto del \u201cahora\u201d.  PRODUCTOS INCLUIDOS (6 UNIDADES)  Fritada - piperrada (6 unidades)","og_url":"https:\/\/www.gvtarra.com\/tienda\/product\/nuestros-clasicos\/fritada-piperrada\/","og_site_name":"Tienda Gvtarra","article_modified_time":"2026-04-30T08:38:56+00:00","og_image":[{"width":2560,"height":1706,"url":"https:\/\/www.gvtarra.com\/tienda\/wp-content\/uploads\/2022\/01\/003Gvtarra_TiendaOnline_fritada-scaled.jpg","type":"image\/jpeg"}],"twitter_card":"summary_large_image","twitter_misc":{"Tiempo de lectura":"1 minuto"},"schema":{"@context":"https:\/\/schema.org","@graph":[{"@type":"WebPage","@id":"https:\/\/www.gvtarra.com\/tienda\/product\/nuestros-clasicos\/fritada-piperrada\/","url":"https:\/\/www.gvtarra.com\/tienda\/product\/nuestros-clasicos\/fritada-piperrada\/","name":"Fritada - Piperrada (6u) - Tienda Gvtarra","isPartOf":{"@id":"https:\/\/www.gvtarra.com\/tienda\/#website"},"primaryImageOfPage":{"@id":"https:\/\/www.gvtarra.com\/tienda\/product\/nuestros-clasicos\/fritada-piperrada\/#primaryimage"},"image":{"@id":"https:\/\/www.gvtarra.com\/tienda\/product\/nuestros-clasicos\/fritada-piperrada\/#primaryimage"},"thumbnailUrl":"https:\/\/www.gvtarra.com\/tienda\/wp-content\/uploads\/2022\/01\/003Gvtarra_TiendaOnline_fritada-scaled.jpg","datePublished":"2025-11-15T12:05:48+00:00","dateModified":"2026-04-30T08:38:56+00:00","breadcrumb":{"@id":"https:\/\/www.gvtarra.com\/tienda\/product\/nuestros-clasicos\/fritada-piperrada\/#breadcrumb"},"inLanguage":"es","potentialAction":[{"@type":"ReadAction","target":["https:\/\/www.gvtarra.com\/tienda\/product\/nuestros-clasicos\/fritada-piperrada\/"]}]},{"@type":"ImageObject","inLanguage":"es","@id":"https:\/\/www.gvtarra.com\/tienda\/product\/nuestros-clasicos\/fritada-piperrada\/#primaryimage","url":"https:\/\/www.gvtarra.com\/tienda\/wp-content\/uploads\/2022\/01\/003Gvtarra_TiendaOnline_fritada-scaled.jpg","contentUrl":"https:\/\/www.gvtarra.com\/tienda\/wp-content\/uploads\/2022\/01\/003Gvtarra_TiendaOnline_fritada-scaled.jpg","width":2560,"height":1706},{"@type":"BreadcrumbList","@id":"https:\/\/www.gvtarra.com\/tienda\/product\/nuestros-clasicos\/fritada-piperrada\/#breadcrumb","itemListElement":[{"@type":"ListItem","position":1,"name":"Portada","item":"https:\/\/www.gvtarra.com\/tienda\/"},{"@type":"ListItem","position":2,"name":"Tienda","item":"https:\/\/www.gvtarra.com\/tienda\/comprar\/"},{"@type":"ListItem","position":3,"name":"Fritada &#8211; Piperrada (6u)"}]},{"@type":"WebSite","@id":"https:\/\/www.gvtarra.com\/tienda\/#website","url":"https:\/\/www.gvtarra.com\/tienda\/","name":"Tienda Gvtarra","description":"","publisher":{"@id":"https:\/\/www.gvtarra.com\/tienda\/#organization"},"potentialAction":[{"@type":"SearchAction","target":{"@type":"EntryPoint","urlTemplate":"https:\/\/www.gvtarra.com\/tienda\/?s={search_term_string}"},"query-input":{"@type":"PropertyValueSpecification","valueRequired":true,"valueName":"search_term_string"}}],"inLanguage":"es"},{"@type":"Organization","@id":"https:\/\/www.gvtarra.com\/tienda\/#organization","name":"Tienda Gvtarra","url":"https:\/\/www.gvtarra.com\/tienda\/","logo":{"@type":"ImageObject","inLanguage":"es","@id":"https:\/\/www.gvtarra.com\/tienda\/#\/schema\/logo\/image\/","url":"https:\/\/www.gvtarra.com\/tienda\/wp-content\/uploads\/2023\/12\/cropped-Logo-Gvtarra-2017-min-scaled.png","contentUrl":"https:\/\/www.gvtarra.com\/tienda\/wp-content\/uploads\/2023\/12\/cropped-Logo-Gvtarra-2017-min-scaled.png","width":2560,"height":1315,"caption":"Tienda Gvtarra"},"image":{"@id":"https:\/\/www.gvtarra.com\/tienda\/#\/schema\/logo\/image\/"}}]}},"_links":{"self":[{"href":"https:\/\/www.gvtarra.com\/tienda\/wp-json\/wp\/v2\/product\/2080","targetHints":{"allow":["GET"]}}],"collection":[{"href":"https:\/\/www.gvtarra.com\/tienda\/wp-json\/wp\/v2\/product"}],"about":[{"href":"https:\/\/www.gvtarra.com\/tienda\/wp-json\/wp\/v2\/types\/product"}],"replies":[{"embeddable":true,"href":"https:\/\/www.gvtarra.com\/tienda\/wp-json\/wp\/v2\/comments?post=2080"}],"version-history":[{"count":5,"href":"https:\/\/www.gvtarra.com\/tienda\/wp-json\/wp\/v2\/product\/2080\/revisions"}],"predecessor-version":[{"id":17074,"href":"https:\/\/www.gvtarra.com\/tienda\/wp-json\/wp\/v2\/product\/2080\/revisions\/17074"}],"wp:featuredmedia":[{"embeddable":true,"href":"https:\/\/www.gvtarra.com\/tienda\/wp-json\/wp\/v2\/media\/2071"}],"wp:attachment":[{"href":"https:\/\/www.gvtarra.com\/tienda\/wp-json\/wp\/v2\/media?parent=2080"}],"wp:term":[{"taxonomy":"product_brand","embeddable":true,"href":"https:\/\/www.gvtarra.com\/tienda\/wp-json\/wp\/v2\/product_brand?post=2080"},{"taxonomy":"product_cat","embeddable":true,"href":"https:\/\/www.gvtarra.com\/tienda\/wp-json\/wp\/v2\/product_cat?post=2080"},{"taxonomy":"product_tag","embeddable":true,"href":"https:\/\/www.gvtarra.com\/tienda\/wp-json\/wp\/v2\/product_tag?post=2080"}],"curies":[{"name":"wp","href":"https:\/\/api.w.org\/{rel}","templated":true}]}}