{"id":2396,"date":"2022-03-21T14:28:24","date_gmt":"2022-03-21T14:28:24","guid":{"rendered":"https:\/\/www.gvtarra.com\/tienda\/?post_type=product&#038;p=2396"},"modified":"2023-05-15T08:12:37","modified_gmt":"2023-05-15T08:12:37","slug":"aroma-bouquet","status":"publish","type":"product","link":"https:\/\/www.gvtarra.com\/tienda\/product\/lotes-gourmet\/aroma-bouquet\/","title":{"rendered":"Aroma Bouquet"},"content":{"rendered":"<h4>PESO<\/h4>\n<p>Peso neto (gr): 3.660<\/p>\n<p>Peso escurrido (gr): 2.285<\/p>\n","protected":false},"excerpt":{"rendered":"<p>Con nuestro exclusivo lote \u201cAroma Bouquet\u201d, una selecci\u00f3n gourmet de las mejores verduras cultivadas en las riberas del r\u00edo Ebro, queremos rendir culto a la huerta Navarra.<\/p>\n<p>Un lote \u00fanico y muy especial para los paladares m\u00e1s sibaritas: Cardo Rojo, Esp\u00e1rrago Blanco y Piquillo D.O., Pochas Frescas y Habitas finas combinadas con vino de las Bodegas Otazu.<\/p>\n<p><strong>Elige m\u00e1s abajo la opci\u00f3n que m\u00e1s te guste<\/strong> tinto Cuv\u00e9e o Blanco Chardonay.\u00a0Y Disfruta con Gvtarra del sabor del conocido como \u201cReyno Gourmet\u201d<\/p>\n<h4>PRODUCTOS INCLUIDOS<\/h4>\n<p><a href=\"http:\/\/www.otazu.com\/vino\/chardonnay\">Otazu chardonay (1 unidad, a elegir)<\/a><br \/>\n<a href=\"http:\/\/www.otazu.com\/vino\/cuvee\">Otazu Tinto Cuv\u00e9e (1 unidad, a elegir)<\/a><br \/>\n<a href=\"https:\/\/www.gvtarra.com\/tienda\/shop\/lotes\/cardo-rojo\/\">Cardo rojo (1 unidad)<\/a><br \/>\nEsp\u00e1rrago (1 unidad)<br \/>\n<a href=\"https:\/\/www.gvtarra.com\/nuestros-productos\/seleccion-de-nuestra-huerta\/pimientos-del-piquillo-de-lodosa-d-o\/\">Piquillos D.O.\u00a0<\/a><br \/>\n<a href=\"https:\/\/www.gvtarra.com\/nuestros-productos\/seleccion-de-nuestra-huerta\/pochas-de-navarra\/\">Pochas\u00a0 (1 unidad)<\/a><br \/>\n<a href=\"https:\/\/www.gvtarra.com\/nuestros-productos\/seleccion-de-nuestra-huerta\/habitas-tiernas\/\">Habitas\u00a0 (1 unidad)<\/a><\/p>\n<p><strong>Antes de a\u00f1adir al carrito, selecciona la opci\u00f3n entre su vino Tinto Cuv\u00e9e o su vino Blanco Chardonay.<\/strong><\/p>\n","protected":false},"featured_media":2291,"comment_status":"open","ping_status":"closed","template":"","meta":{"_joinchat":[]},"product_brand":[],"product_cat":[15],"product_tag":[],"class_list":{"0":"post-2396","1":"product","2":"type-product","3":"status-publish","4":"has-post-thumbnail","6":"product_cat-lotes-gourmet","8":"first","9":"outofstock","10":"taxable","11":"shipping-taxable","12":"purchasable","13":"product-type-variable"},"yoast_head":"<!-- This site is optimized with the Yoast SEO Premium plugin v21.5 (Yoast SEO v27.2) - https:\/\/yoast.com\/product\/yoast-seo-premium-wordpress\/ -->\n<title>Aroma Bouquet - Tienda Gvtarra<\/title>\n<meta name=\"robots\" content=\"index, follow, max-snippet:-1, max-image-preview:large, max-video-preview:-1\" \/>\n<link rel=\"canonical\" href=\"https:\/\/www.gvtarra.com\/tienda\/product\/lotes-gourmet\/aroma-bouquet\/\" \/>\n<meta property=\"og:locale\" content=\"es_ES\" \/>\n<meta property=\"og:type\" content=\"article\" \/>\n<meta property=\"og:title\" content=\"Aroma Bouquet\" \/>\n<meta property=\"og:description\" content=\"Con nuestro exclusivo lote \u201cAroma Bouquet\u201d, una selecci\u00f3n gourmet de las mejores verduras cultivadas en las riberas del r\u00edo Ebro, queremos rendir culto a la huerta Navarra.  Un lote \u00fanico y muy especial para los paladares m\u00e1s sibaritas: Cardo Rojo, Esp\u00e1rrago Blanco y Piquillo D.O., Pochas Frescas y Habitas finas combinadas con vino de las Bodegas Otazu.  Elige m\u00e1s abajo la opci\u00f3n que m\u00e1s te guste tinto Cuv\u00e9e o Blanco Chardonay.\u00a0Y Disfruta con Gvtarra del sabor del conocido como \u201cReyno Gourmet\u201d PRODUCTOS INCLUIDOS Otazu chardonay (1 unidad, a elegir) Otazu Tinto Cuv\u00e9e (1 unidad, a elegir) Cardo rojo (1 unidad) Esp\u00e1rrago (1 unidad) Piquillos D.O.\u00a0 Pochas\u00a0 (1 unidad) Habitas\u00a0 (1 unidad)  Antes de a\u00f1adir al carrito, selecciona la opci\u00f3n entre su vino Tinto Cuv\u00e9e o su vino Blanco Chardonay.\" \/>\n<meta property=\"og:url\" content=\"https:\/\/www.gvtarra.com\/tienda\/product\/lotes-gourmet\/aroma-bouquet\/\" \/>\n<meta property=\"og:site_name\" content=\"Tienda Gvtarra\" \/>\n<meta property=\"article:modified_time\" content=\"2023-05-15T08:12:37+00:00\" \/>\n<meta property=\"og:image\" content=\"https:\/\/www.gvtarra.com\/tienda\/wp-content\/uploads\/2022\/03\/Gvtarra-Padre-03-2022-Dd.jpg\" \/>\n\t<meta property=\"og:image:width\" content=\"1258\" \/>\n\t<meta property=\"og:image:height\" content=\"882\" \/>\n\t<meta property=\"og:image:type\" content=\"image\/jpeg\" \/>\n<meta name=\"twitter:card\" content=\"summary_large_image\" \/>\n<meta name=\"twitter:label1\" content=\"Tiempo de lectura\" \/>\n\t<meta name=\"twitter:data1\" content=\"1 minuto\" \/>\n<script type=\"application\/ld+json\" class=\"yoast-schema-graph\">{\"@context\":\"https:\/\/schema.org\",\"@graph\":[{\"@type\":\"WebPage\",\"@id\":\"https:\/\/www.gvtarra.com\/tienda\/product\/lotes-gourmet\/aroma-bouquet\/\",\"url\":\"https:\/\/www.gvtarra.com\/tienda\/product\/lotes-gourmet\/aroma-bouquet\/\",\"name\":\"Aroma Bouquet - Tienda Gvtarra\",\"isPartOf\":{\"@id\":\"https:\/\/www.gvtarra.com\/tienda\/#website\"},\"primaryImageOfPage\":{\"@id\":\"https:\/\/www.gvtarra.com\/tienda\/product\/lotes-gourmet\/aroma-bouquet\/#primaryimage\"},\"image\":{\"@id\":\"https:\/\/www.gvtarra.com\/tienda\/product\/lotes-gourmet\/aroma-bouquet\/#primaryimage\"},\"thumbnailUrl\":\"https:\/\/www.gvtarra.com\/tienda\/wp-content\/uploads\/2022\/03\/Gvtarra-Padre-03-2022-Dd.jpg\",\"datePublished\":\"2022-03-21T14:28:24+00:00\",\"dateModified\":\"2023-05-15T08:12:37+00:00\",\"breadcrumb\":{\"@id\":\"https:\/\/www.gvtarra.com\/tienda\/product\/lotes-gourmet\/aroma-bouquet\/#breadcrumb\"},\"inLanguage\":\"es\",\"potentialAction\":[{\"@type\":\"ReadAction\",\"target\":[\"https:\/\/www.gvtarra.com\/tienda\/product\/lotes-gourmet\/aroma-bouquet\/\"]}]},{\"@type\":\"ImageObject\",\"inLanguage\":\"es\",\"@id\":\"https:\/\/www.gvtarra.com\/tienda\/product\/lotes-gourmet\/aroma-bouquet\/#primaryimage\",\"url\":\"https:\/\/www.gvtarra.com\/tienda\/wp-content\/uploads\/2022\/03\/Gvtarra-Padre-03-2022-Dd.jpg\",\"contentUrl\":\"https:\/\/www.gvtarra.com\/tienda\/wp-content\/uploads\/2022\/03\/Gvtarra-Padre-03-2022-Dd.jpg\",\"width\":1258,\"height\":882},{\"@type\":\"BreadcrumbList\",\"@id\":\"https:\/\/www.gvtarra.com\/tienda\/product\/lotes-gourmet\/aroma-bouquet\/#breadcrumb\",\"itemListElement\":[{\"@type\":\"ListItem\",\"position\":1,\"name\":\"Portada\",\"item\":\"https:\/\/www.gvtarra.com\/tienda\/\"},{\"@type\":\"ListItem\",\"position\":2,\"name\":\"Tienda\",\"item\":\"https:\/\/www.gvtarra.com\/tienda\/comprar\/\"},{\"@type\":\"ListItem\",\"position\":3,\"name\":\"Aroma Bouquet\"}]},{\"@type\":\"WebSite\",\"@id\":\"https:\/\/www.gvtarra.com\/tienda\/#website\",\"url\":\"https:\/\/www.gvtarra.com\/tienda\/\",\"name\":\"Tienda Gvtarra\",\"description\":\"\",\"publisher\":{\"@id\":\"https:\/\/www.gvtarra.com\/tienda\/#organization\"},\"potentialAction\":[{\"@type\":\"SearchAction\",\"target\":{\"@type\":\"EntryPoint\",\"urlTemplate\":\"https:\/\/www.gvtarra.com\/tienda\/?s={search_term_string}\"},\"query-input\":{\"@type\":\"PropertyValueSpecification\",\"valueRequired\":true,\"valueName\":\"search_term_string\"}}],\"inLanguage\":\"es\"},{\"@type\":\"Organization\",\"@id\":\"https:\/\/www.gvtarra.com\/tienda\/#organization\",\"name\":\"Tienda Gvtarra\",\"url\":\"https:\/\/www.gvtarra.com\/tienda\/\",\"logo\":{\"@type\":\"ImageObject\",\"inLanguage\":\"es\",\"@id\":\"https:\/\/www.gvtarra.com\/tienda\/#\/schema\/logo\/image\/\",\"url\":\"https:\/\/www.gvtarra.com\/tienda\/wp-content\/uploads\/2023\/12\/cropped-Logo-Gvtarra-2017-min-scaled.png\",\"contentUrl\":\"https:\/\/www.gvtarra.com\/tienda\/wp-content\/uploads\/2023\/12\/cropped-Logo-Gvtarra-2017-min-scaled.png\",\"width\":2560,\"height\":1315,\"caption\":\"Tienda Gvtarra\"},\"image\":{\"@id\":\"https:\/\/www.gvtarra.com\/tienda\/#\/schema\/logo\/image\/\"}}]}<\/script>\n<!-- \/ Yoast SEO Premium plugin. -->","yoast_head_json":{"title":"Aroma Bouquet - Tienda Gvtarra","robots":{"index":"index","follow":"follow","max-snippet":"max-snippet:-1","max-image-preview":"max-image-preview:large","max-video-preview":"max-video-preview:-1"},"canonical":"https:\/\/www.gvtarra.com\/tienda\/product\/lotes-gourmet\/aroma-bouquet\/","og_locale":"es_ES","og_type":"article","og_title":"Aroma Bouquet","og_description":"Con nuestro exclusivo lote \u201cAroma Bouquet\u201d, una selecci\u00f3n gourmet de las mejores verduras cultivadas en las riberas del r\u00edo Ebro, queremos rendir culto a la huerta Navarra.  Un lote \u00fanico y muy especial para los paladares m\u00e1s sibaritas: Cardo Rojo, Esp\u00e1rrago Blanco y Piquillo D.O., Pochas Frescas y Habitas finas combinadas con vino de las Bodegas Otazu.  Elige m\u00e1s abajo la opci\u00f3n que m\u00e1s te guste tinto Cuv\u00e9e o Blanco Chardonay.\u00a0Y Disfruta con Gvtarra del sabor del conocido como \u201cReyno Gourmet\u201d PRODUCTOS INCLUIDOS Otazu chardonay (1 unidad, a elegir) Otazu Tinto Cuv\u00e9e (1 unidad, a elegir) Cardo rojo (1 unidad) Esp\u00e1rrago (1 unidad) Piquillos D.O.\u00a0 Pochas\u00a0 (1 unidad) Habitas\u00a0 (1 unidad)  Antes de a\u00f1adir al carrito, selecciona la opci\u00f3n entre su vino Tinto Cuv\u00e9e o su vino Blanco Chardonay.","og_url":"https:\/\/www.gvtarra.com\/tienda\/product\/lotes-gourmet\/aroma-bouquet\/","og_site_name":"Tienda Gvtarra","article_modified_time":"2023-05-15T08:12:37+00:00","og_image":[{"width":1258,"height":882,"url":"https:\/\/www.gvtarra.com\/tienda\/wp-content\/uploads\/2022\/03\/Gvtarra-Padre-03-2022-Dd.jpg","type":"image\/jpeg"}],"twitter_card":"summary_large_image","twitter_misc":{"Tiempo de lectura":"1 minuto"},"schema":{"@context":"https:\/\/schema.org","@graph":[{"@type":"WebPage","@id":"https:\/\/www.gvtarra.com\/tienda\/product\/lotes-gourmet\/aroma-bouquet\/","url":"https:\/\/www.gvtarra.com\/tienda\/product\/lotes-gourmet\/aroma-bouquet\/","name":"Aroma Bouquet - Tienda Gvtarra","isPartOf":{"@id":"https:\/\/www.gvtarra.com\/tienda\/#website"},"primaryImageOfPage":{"@id":"https:\/\/www.gvtarra.com\/tienda\/product\/lotes-gourmet\/aroma-bouquet\/#primaryimage"},"image":{"@id":"https:\/\/www.gvtarra.com\/tienda\/product\/lotes-gourmet\/aroma-bouquet\/#primaryimage"},"thumbnailUrl":"https:\/\/www.gvtarra.com\/tienda\/wp-content\/uploads\/2022\/03\/Gvtarra-Padre-03-2022-Dd.jpg","datePublished":"2022-03-21T14:28:24+00:00","dateModified":"2023-05-15T08:12:37+00:00","breadcrumb":{"@id":"https:\/\/www.gvtarra.com\/tienda\/product\/lotes-gourmet\/aroma-bouquet\/#breadcrumb"},"inLanguage":"es","potentialAction":[{"@type":"ReadAction","target":["https:\/\/www.gvtarra.com\/tienda\/product\/lotes-gourmet\/aroma-bouquet\/"]}]},{"@type":"ImageObject","inLanguage":"es","@id":"https:\/\/www.gvtarra.com\/tienda\/product\/lotes-gourmet\/aroma-bouquet\/#primaryimage","url":"https:\/\/www.gvtarra.com\/tienda\/wp-content\/uploads\/2022\/03\/Gvtarra-Padre-03-2022-Dd.jpg","contentUrl":"https:\/\/www.gvtarra.com\/tienda\/wp-content\/uploads\/2022\/03\/Gvtarra-Padre-03-2022-Dd.jpg","width":1258,"height":882},{"@type":"BreadcrumbList","@id":"https:\/\/www.gvtarra.com\/tienda\/product\/lotes-gourmet\/aroma-bouquet\/#breadcrumb","itemListElement":[{"@type":"ListItem","position":1,"name":"Portada","item":"https:\/\/www.gvtarra.com\/tienda\/"},{"@type":"ListItem","position":2,"name":"Tienda","item":"https:\/\/www.gvtarra.com\/tienda\/comprar\/"},{"@type":"ListItem","position":3,"name":"Aroma Bouquet"}]},{"@type":"WebSite","@id":"https:\/\/www.gvtarra.com\/tienda\/#website","url":"https:\/\/www.gvtarra.com\/tienda\/","name":"Tienda Gvtarra","description":"","publisher":{"@id":"https:\/\/www.gvtarra.com\/tienda\/#organization"},"potentialAction":[{"@type":"SearchAction","target":{"@type":"EntryPoint","urlTemplate":"https:\/\/www.gvtarra.com\/tienda\/?s={search_term_string}"},"query-input":{"@type":"PropertyValueSpecification","valueRequired":true,"valueName":"search_term_string"}}],"inLanguage":"es"},{"@type":"Organization","@id":"https:\/\/www.gvtarra.com\/tienda\/#organization","name":"Tienda Gvtarra","url":"https:\/\/www.gvtarra.com\/tienda\/","logo":{"@type":"ImageObject","inLanguage":"es","@id":"https:\/\/www.gvtarra.com\/tienda\/#\/schema\/logo\/image\/","url":"https:\/\/www.gvtarra.com\/tienda\/wp-content\/uploads\/2023\/12\/cropped-Logo-Gvtarra-2017-min-scaled.png","contentUrl":"https:\/\/www.gvtarra.com\/tienda\/wp-content\/uploads\/2023\/12\/cropped-Logo-Gvtarra-2017-min-scaled.png","width":2560,"height":1315,"caption":"Tienda Gvtarra"},"image":{"@id":"https:\/\/www.gvtarra.com\/tienda\/#\/schema\/logo\/image\/"}}]}},"_links":{"self":[{"href":"https:\/\/www.gvtarra.com\/tienda\/wp-json\/wp\/v2\/product\/2396","targetHints":{"allow":["GET"]}}],"collection":[{"href":"https:\/\/www.gvtarra.com\/tienda\/wp-json\/wp\/v2\/product"}],"about":[{"href":"https:\/\/www.gvtarra.com\/tienda\/wp-json\/wp\/v2\/types\/product"}],"replies":[{"embeddable":true,"href":"https:\/\/www.gvtarra.com\/tienda\/wp-json\/wp\/v2\/comments?post=2396"}],"version-history":[{"count":1,"href":"https:\/\/www.gvtarra.com\/tienda\/wp-json\/wp\/v2\/product\/2396\/revisions"}],"predecessor-version":[{"id":8834,"href":"https:\/\/www.gvtarra.com\/tienda\/wp-json\/wp\/v2\/product\/2396\/revisions\/8834"}],"wp:featuredmedia":[{"embeddable":true,"href":"https:\/\/www.gvtarra.com\/tienda\/wp-json\/wp\/v2\/media\/2291"}],"wp:attachment":[{"href":"https:\/\/www.gvtarra.com\/tienda\/wp-json\/wp\/v2\/media?parent=2396"}],"wp:term":[{"taxonomy":"product_brand","embeddable":true,"href":"https:\/\/www.gvtarra.com\/tienda\/wp-json\/wp\/v2\/product_brand?post=2396"},{"taxonomy":"product_cat","embeddable":true,"href":"https:\/\/www.gvtarra.com\/tienda\/wp-json\/wp\/v2\/product_cat?post=2396"},{"taxonomy":"product_tag","embeddable":true,"href":"https:\/\/www.gvtarra.com\/tienda\/wp-json\/wp\/v2\/product_tag?post=2396"}],"curies":[{"name":"wp","href":"https:\/\/api.w.org\/{rel}","templated":true}]}}