{"id":2483,"date":"2022-04-12T11:02:04","date_gmt":"2022-04-12T11:02:04","guid":{"rendered":"https:\/\/www.gvtarra.com\/tienda\/?post_type=product&#038;p=2483"},"modified":"2023-05-15T08:11:07","modified_gmt":"2023-05-15T08:11:07","slug":"origen-navarra","status":"publish","type":"product","link":"https:\/\/www.gvtarra.com\/tienda\/product\/lotes-gourmet\/origen-navarra\/","title":{"rendered":"Lote Origen"},"content":{"rendered":"<h4>DESCRIPCI\u00d3N:<\/h4>\n<p><strong>Esp\u00e1rrago DO Navarra (6 unidades).<\/strong><\/p>\n<p><strong>Ingredientes:<\/strong> Esp\u00e1rrago Blanco Extra, agua, sal y acidulante (\u00e1cido c\u00edtrico).<\/p>\n<p><strong>Peso: <\/strong><\/p>\n<ul>\n<li>Peso neto unidad (gr): 345<\/li>\n<li>Peso Escurrido unidad(gr): 220<\/li>\n<\/ul>\n<p><b>Pimiento del piquillo D.O Lodosa (2 unidades)<\/b><\/p>\n<p><b>Ingredientes: <\/b>Pimiento del Piquillo, agua, sal y acidulante (\u00e1cido c\u00edtrico)<\/p>\n<p><strong>Peso:<\/strong><\/p>\n<ul>\n<li>Peso neto unidad (gr): 225<\/li>\n<li>Peso Escurrido unidad (gr): 210<\/li>\n<\/ul>\n<p><b>Aceite Edici\u00f3n Limitada \u201cLa Maja\u201d (1 unidad)<\/b><\/p>\n<p><b>Ingredientes:<\/b> AOVE 100% variedad Arbosana<\/p>\n<p><strong>Peso:<\/strong><\/p>\n<ul>\n<li>Peso neto unidad (ml): 500<\/li>\n<li>Peso Escurrido unidad (ml): 500<\/li>\n<\/ul>\n<p>&nbsp;<\/p>\n","protected":false},"excerpt":{"rendered":"<p>\u00bfSabes por qu\u00e9 este lote es <b>\u00fanico y especial<\/b>?<\/p>\n<p>Incorpora dos de nuestros productos <b>con sello de denominaci\u00f3n de origen, <\/b>que indica, que sus <b>cualidades son \u00fanicas en el mundo<\/b>. Esto se debe, principalmente, al medio geogr\u00e1fico en que son cultivados o elaborados, es decir, a esos factores geogr\u00e1ficos y humanos que los hacen extraordinarios.<\/p>\n<p>Disfruta con este lote de un<b> Esp\u00e1rrago DO Navarra de tallos gruesos y tiernos<\/b>, de <b>un pimiento del piquillo DO Lodosa (Navarra) que destaca por su color rojo intenso,\u00a0 piel fina y sabor dulce <\/b>y de un <b>AOVE 100% variedad <\/b><b>Arbosana<\/b> que combina a la perfecci\u00f3n con ambas delicatessen.<\/p>\n<p>Si has tenido la suerte de tener en tu paladar alguno de estos\u00a0 productos, sabes que <b>tienen algo especial que los hacen inigualables e inimitables.<\/b><\/p>\n<p><b>\u00a1No te quedes sin conocer este capricho culinario!<\/b><\/p>\n<p>Exclusivo en nuestra tienda online.<\/p>\n<p><strong>PRODUCTOS INCLUIDOS<\/strong><\/p>\n<p>Esp\u00e1rrago Blanco Extra D.O Navarra (6 unidades)<\/p>\n<p><a href=\"https:\/\/www.gvtarra.com\/nuestros-productos\/seleccion-de-nuestra-huerta\/pimientos-del-piquillo-de-lodosa-d-o\/\">Pimientos del Piquillo D.O. Lodosa (2 unidades)<\/a><\/p>\n<p><a href=\"http:\/\/www.aceiteslamaja.com\/lamaja\/?q=Edici%C3%B3nLimitada\">AOVE variedad Arbosana\u00a0 \u201cEdicion Limitada\u201d de La Maja 500ml (1 unidad)<\/a><\/p>\n<h4><\/h4>\n<p>&nbsp;<\/p>\n","protected":false},"featured_media":2487,"comment_status":"open","ping_status":"closed","template":"","meta":{"_joinchat":[]},"product_brand":[],"product_cat":[38,15],"product_tag":[],"class_list":{"0":"post-2483","1":"product","2":"type-product","3":"status-publish","4":"has-post-thumbnail","6":"product_cat-esparrago-blanco-do-navarra","7":"product_cat-lotes-gourmet","9":"first","10":"outofstock","11":"taxable","12":"shipping-taxable","13":"purchasable","14":"product-type-simple"},"yoast_head":"<!-- This site is optimized with the Yoast SEO Premium plugin v21.5 (Yoast SEO v27.2) - https:\/\/yoast.com\/product\/yoast-seo-premium-wordpress\/ -->\n<title>Lote Origen - Tienda Gvtarra<\/title>\n<meta name=\"robots\" content=\"index, follow, max-snippet:-1, max-image-preview:large, max-video-preview:-1\" \/>\n<link rel=\"canonical\" href=\"https:\/\/www.gvtarra.com\/tienda\/product\/lotes-gourmet\/origen-navarra\/\" \/>\n<meta property=\"og:locale\" content=\"es_ES\" \/>\n<meta property=\"og:type\" content=\"article\" \/>\n<meta property=\"og:title\" content=\"Lote Origen\" \/>\n<meta property=\"og:description\" content=\"\u00bfSabes por qu\u00e9 este lote es \u00fanico y especial?  Incorpora dos de nuestros productos con sello de denominaci\u00f3n de origen, que indica, que sus cualidades son \u00fanicas en el mundo. Esto se debe, principalmente, al medio geogr\u00e1fico en que son cultivados o elaborados, es decir, a esos factores geogr\u00e1ficos y humanos que los hacen extraordinarios.  Disfruta con este lote de un Esp\u00e1rrago DO Navarra de tallos gruesos y tiernos, de un pimiento del piquillo DO Lodosa (Navarra) que destaca por su color rojo intenso,\u00a0 piel fina y sabor dulce y de un AOVE 100% variedad Arbosana que combina a la perfecci\u00f3n con ambas delicatessen.  Si has tenido la suerte de tener en tu paladar alguno de estos\u00a0 productos, sabes que tienen algo especial que los hacen inigualables e inimitables.  \u00a1No te quedes sin conocer este capricho culinario!  Exclusivo en nuestra tienda online.  PRODUCTOS INCLUIDOS  Esp\u00e1rrago Blanco Extra D.O Navarra (6 unidades)  Pimientos del Piquillo D.O. Lodosa (2 unidades)  AOVE variedad Arbosana\u00a0 \u201cEdicion Limitada\u201d de La Maja 500ml (1 unidad)  &nbsp;\" \/>\n<meta property=\"og:url\" content=\"https:\/\/www.gvtarra.com\/tienda\/product\/lotes-gourmet\/origen-navarra\/\" \/>\n<meta property=\"og:site_name\" content=\"Tienda Gvtarra\" \/>\n<meta property=\"article:modified_time\" content=\"2023-05-15T08:11:07+00:00\" \/>\n<meta property=\"og:image\" content=\"https:\/\/www.gvtarra.com\/tienda\/wp-content\/uploads\/2022\/04\/EsparragosPimientosAceite-.jpg\" \/>\n\t<meta property=\"og:image:width\" content=\"1200\" \/>\n\t<meta property=\"og:image:height\" content=\"800\" \/>\n\t<meta property=\"og:image:type\" content=\"image\/jpeg\" \/>\n<meta name=\"twitter:card\" content=\"summary_large_image\" \/>\n<meta name=\"twitter:label1\" content=\"Tiempo de lectura\" \/>\n\t<meta name=\"twitter:data1\" content=\"1 minuto\" \/>\n<script type=\"application\/ld+json\" class=\"yoast-schema-graph\">{\"@context\":\"https:\/\/schema.org\",\"@graph\":[{\"@type\":\"WebPage\",\"@id\":\"https:\/\/www.gvtarra.com\/tienda\/product\/lotes-gourmet\/origen-navarra\/\",\"url\":\"https:\/\/www.gvtarra.com\/tienda\/product\/lotes-gourmet\/origen-navarra\/\",\"name\":\"Lote Origen - Tienda Gvtarra\",\"isPartOf\":{\"@id\":\"https:\/\/www.gvtarra.com\/tienda\/#website\"},\"primaryImageOfPage\":{\"@id\":\"https:\/\/www.gvtarra.com\/tienda\/product\/lotes-gourmet\/origen-navarra\/#primaryimage\"},\"image\":{\"@id\":\"https:\/\/www.gvtarra.com\/tienda\/product\/lotes-gourmet\/origen-navarra\/#primaryimage\"},\"thumbnailUrl\":\"https:\/\/www.gvtarra.com\/tienda\/wp-content\/uploads\/2022\/04\/EsparragosPimientosAceite-.jpg\",\"datePublished\":\"2022-04-12T11:02:04+00:00\",\"dateModified\":\"2023-05-15T08:11:07+00:00\",\"breadcrumb\":{\"@id\":\"https:\/\/www.gvtarra.com\/tienda\/product\/lotes-gourmet\/origen-navarra\/#breadcrumb\"},\"inLanguage\":\"es\",\"potentialAction\":[{\"@type\":\"ReadAction\",\"target\":[\"https:\/\/www.gvtarra.com\/tienda\/product\/lotes-gourmet\/origen-navarra\/\"]}]},{\"@type\":\"ImageObject\",\"inLanguage\":\"es\",\"@id\":\"https:\/\/www.gvtarra.com\/tienda\/product\/lotes-gourmet\/origen-navarra\/#primaryimage\",\"url\":\"https:\/\/www.gvtarra.com\/tienda\/wp-content\/uploads\/2022\/04\/EsparragosPimientosAceite-.jpg\",\"contentUrl\":\"https:\/\/www.gvtarra.com\/tienda\/wp-content\/uploads\/2022\/04\/EsparragosPimientosAceite-.jpg\",\"width\":1200,\"height\":800},{\"@type\":\"BreadcrumbList\",\"@id\":\"https:\/\/www.gvtarra.com\/tienda\/product\/lotes-gourmet\/origen-navarra\/#breadcrumb\",\"itemListElement\":[{\"@type\":\"ListItem\",\"position\":1,\"name\":\"Portada\",\"item\":\"https:\/\/www.gvtarra.com\/tienda\/\"},{\"@type\":\"ListItem\",\"position\":2,\"name\":\"Tienda\",\"item\":\"https:\/\/www.gvtarra.com\/tienda\/comprar\/\"},{\"@type\":\"ListItem\",\"position\":3,\"name\":\"Lote Origen\"}]},{\"@type\":\"WebSite\",\"@id\":\"https:\/\/www.gvtarra.com\/tienda\/#website\",\"url\":\"https:\/\/www.gvtarra.com\/tienda\/\",\"name\":\"Tienda Gvtarra\",\"description\":\"\",\"publisher\":{\"@id\":\"https:\/\/www.gvtarra.com\/tienda\/#organization\"},\"potentialAction\":[{\"@type\":\"SearchAction\",\"target\":{\"@type\":\"EntryPoint\",\"urlTemplate\":\"https:\/\/www.gvtarra.com\/tienda\/?s={search_term_string}\"},\"query-input\":{\"@type\":\"PropertyValueSpecification\",\"valueRequired\":true,\"valueName\":\"search_term_string\"}}],\"inLanguage\":\"es\"},{\"@type\":\"Organization\",\"@id\":\"https:\/\/www.gvtarra.com\/tienda\/#organization\",\"name\":\"Tienda Gvtarra\",\"url\":\"https:\/\/www.gvtarra.com\/tienda\/\",\"logo\":{\"@type\":\"ImageObject\",\"inLanguage\":\"es\",\"@id\":\"https:\/\/www.gvtarra.com\/tienda\/#\/schema\/logo\/image\/\",\"url\":\"https:\/\/www.gvtarra.com\/tienda\/wp-content\/uploads\/2023\/12\/cropped-Logo-Gvtarra-2017-min-scaled.png\",\"contentUrl\":\"https:\/\/www.gvtarra.com\/tienda\/wp-content\/uploads\/2023\/12\/cropped-Logo-Gvtarra-2017-min-scaled.png\",\"width\":2560,\"height\":1315,\"caption\":\"Tienda Gvtarra\"},\"image\":{\"@id\":\"https:\/\/www.gvtarra.com\/tienda\/#\/schema\/logo\/image\/\"}}]}<\/script>\n<!-- \/ Yoast SEO Premium plugin. -->","yoast_head_json":{"title":"Lote Origen - Tienda Gvtarra","robots":{"index":"index","follow":"follow","max-snippet":"max-snippet:-1","max-image-preview":"max-image-preview:large","max-video-preview":"max-video-preview:-1"},"canonical":"https:\/\/www.gvtarra.com\/tienda\/product\/lotes-gourmet\/origen-navarra\/","og_locale":"es_ES","og_type":"article","og_title":"Lote Origen","og_description":"\u00bfSabes por qu\u00e9 este lote es \u00fanico y especial?  Incorpora dos de nuestros productos con sello de denominaci\u00f3n de origen, que indica, que sus cualidades son \u00fanicas en el mundo. Esto se debe, principalmente, al medio geogr\u00e1fico en que son cultivados o elaborados, es decir, a esos factores geogr\u00e1ficos y humanos que los hacen extraordinarios.  Disfruta con este lote de un Esp\u00e1rrago DO Navarra de tallos gruesos y tiernos, de un pimiento del piquillo DO Lodosa (Navarra) que destaca por su color rojo intenso,\u00a0 piel fina y sabor dulce y de un AOVE 100% variedad Arbosana que combina a la perfecci\u00f3n con ambas delicatessen.  Si has tenido la suerte de tener en tu paladar alguno de estos\u00a0 productos, sabes que tienen algo especial que los hacen inigualables e inimitables.  \u00a1No te quedes sin conocer este capricho culinario!  Exclusivo en nuestra tienda online.  PRODUCTOS INCLUIDOS  Esp\u00e1rrago Blanco Extra D.O Navarra (6 unidades)  Pimientos del Piquillo D.O. Lodosa (2 unidades)  AOVE variedad Arbosana\u00a0 \u201cEdicion Limitada\u201d de La Maja 500ml (1 unidad)  &nbsp;","og_url":"https:\/\/www.gvtarra.com\/tienda\/product\/lotes-gourmet\/origen-navarra\/","og_site_name":"Tienda Gvtarra","article_modified_time":"2023-05-15T08:11:07+00:00","og_image":[{"width":1200,"height":800,"url":"https:\/\/www.gvtarra.com\/tienda\/wp-content\/uploads\/2022\/04\/EsparragosPimientosAceite-.jpg","type":"image\/jpeg"}],"twitter_card":"summary_large_image","twitter_misc":{"Tiempo de lectura":"1 minuto"},"schema":{"@context":"https:\/\/schema.org","@graph":[{"@type":"WebPage","@id":"https:\/\/www.gvtarra.com\/tienda\/product\/lotes-gourmet\/origen-navarra\/","url":"https:\/\/www.gvtarra.com\/tienda\/product\/lotes-gourmet\/origen-navarra\/","name":"Lote Origen - Tienda Gvtarra","isPartOf":{"@id":"https:\/\/www.gvtarra.com\/tienda\/#website"},"primaryImageOfPage":{"@id":"https:\/\/www.gvtarra.com\/tienda\/product\/lotes-gourmet\/origen-navarra\/#primaryimage"},"image":{"@id":"https:\/\/www.gvtarra.com\/tienda\/product\/lotes-gourmet\/origen-navarra\/#primaryimage"},"thumbnailUrl":"https:\/\/www.gvtarra.com\/tienda\/wp-content\/uploads\/2022\/04\/EsparragosPimientosAceite-.jpg","datePublished":"2022-04-12T11:02:04+00:00","dateModified":"2023-05-15T08:11:07+00:00","breadcrumb":{"@id":"https:\/\/www.gvtarra.com\/tienda\/product\/lotes-gourmet\/origen-navarra\/#breadcrumb"},"inLanguage":"es","potentialAction":[{"@type":"ReadAction","target":["https:\/\/www.gvtarra.com\/tienda\/product\/lotes-gourmet\/origen-navarra\/"]}]},{"@type":"ImageObject","inLanguage":"es","@id":"https:\/\/www.gvtarra.com\/tienda\/product\/lotes-gourmet\/origen-navarra\/#primaryimage","url":"https:\/\/www.gvtarra.com\/tienda\/wp-content\/uploads\/2022\/04\/EsparragosPimientosAceite-.jpg","contentUrl":"https:\/\/www.gvtarra.com\/tienda\/wp-content\/uploads\/2022\/04\/EsparragosPimientosAceite-.jpg","width":1200,"height":800},{"@type":"BreadcrumbList","@id":"https:\/\/www.gvtarra.com\/tienda\/product\/lotes-gourmet\/origen-navarra\/#breadcrumb","itemListElement":[{"@type":"ListItem","position":1,"name":"Portada","item":"https:\/\/www.gvtarra.com\/tienda\/"},{"@type":"ListItem","position":2,"name":"Tienda","item":"https:\/\/www.gvtarra.com\/tienda\/comprar\/"},{"@type":"ListItem","position":3,"name":"Lote Origen"}]},{"@type":"WebSite","@id":"https:\/\/www.gvtarra.com\/tienda\/#website","url":"https:\/\/www.gvtarra.com\/tienda\/","name":"Tienda Gvtarra","description":"","publisher":{"@id":"https:\/\/www.gvtarra.com\/tienda\/#organization"},"potentialAction":[{"@type":"SearchAction","target":{"@type":"EntryPoint","urlTemplate":"https:\/\/www.gvtarra.com\/tienda\/?s={search_term_string}"},"query-input":{"@type":"PropertyValueSpecification","valueRequired":true,"valueName":"search_term_string"}}],"inLanguage":"es"},{"@type":"Organization","@id":"https:\/\/www.gvtarra.com\/tienda\/#organization","name":"Tienda Gvtarra","url":"https:\/\/www.gvtarra.com\/tienda\/","logo":{"@type":"ImageObject","inLanguage":"es","@id":"https:\/\/www.gvtarra.com\/tienda\/#\/schema\/logo\/image\/","url":"https:\/\/www.gvtarra.com\/tienda\/wp-content\/uploads\/2023\/12\/cropped-Logo-Gvtarra-2017-min-scaled.png","contentUrl":"https:\/\/www.gvtarra.com\/tienda\/wp-content\/uploads\/2023\/12\/cropped-Logo-Gvtarra-2017-min-scaled.png","width":2560,"height":1315,"caption":"Tienda Gvtarra"},"image":{"@id":"https:\/\/www.gvtarra.com\/tienda\/#\/schema\/logo\/image\/"}}]}},"_links":{"self":[{"href":"https:\/\/www.gvtarra.com\/tienda\/wp-json\/wp\/v2\/product\/2483","targetHints":{"allow":["GET"]}}],"collection":[{"href":"https:\/\/www.gvtarra.com\/tienda\/wp-json\/wp\/v2\/product"}],"about":[{"href":"https:\/\/www.gvtarra.com\/tienda\/wp-json\/wp\/v2\/types\/product"}],"replies":[{"embeddable":true,"href":"https:\/\/www.gvtarra.com\/tienda\/wp-json\/wp\/v2\/comments?post=2483"}],"version-history":[{"count":0,"href":"https:\/\/www.gvtarra.com\/tienda\/wp-json\/wp\/v2\/product\/2483\/revisions"}],"wp:featuredmedia":[{"embeddable":true,"href":"https:\/\/www.gvtarra.com\/tienda\/wp-json\/wp\/v2\/media\/2487"}],"wp:attachment":[{"href":"https:\/\/www.gvtarra.com\/tienda\/wp-json\/wp\/v2\/media?parent=2483"}],"wp:term":[{"taxonomy":"product_brand","embeddable":true,"href":"https:\/\/www.gvtarra.com\/tienda\/wp-json\/wp\/v2\/product_brand?post=2483"},{"taxonomy":"product_cat","embeddable":true,"href":"https:\/\/www.gvtarra.com\/tienda\/wp-json\/wp\/v2\/product_cat?post=2483"},{"taxonomy":"product_tag","embeddable":true,"href":"https:\/\/www.gvtarra.com\/tienda\/wp-json\/wp\/v2\/product_tag?post=2483"}],"curies":[{"name":"wp","href":"https:\/\/api.w.org\/{rel}","templated":true}]}}