{"id":28,"date":"2021-06-19T10:39:25","date_gmt":"2021-06-19T10:39:25","guid":{"rendered":"https:\/\/www.gvtarra.com\/tienda\/?post_type=product&#038;p=28"},"modified":"2026-01-26T13:21:10","modified_gmt":"2026-01-26T12:21:10","slug":"autentica-navarra","status":"publish","type":"product","link":"https:\/\/www.gvtarra.com\/tienda\/product\/lotes-gourmet\/autentica-navarra\/","title":{"rendered":"Aut\u00e9ntica NavaRRa"},"content":{"rendered":"\t\t<div data-elementor-type=\"product-post\" data-elementor-id=\"28\" class=\"elementor elementor-28\" data-elementor-post-type=\"product\">\n\t\t\t\t\t\t<section class=\"elementor-section elementor-top-section elementor-element elementor-element-30ae3d75 elementor-section-boxed elementor-section-height-default elementor-section-height-default\" data-id=\"30ae3d75\" data-element_type=\"section\" data-e-type=\"section\">\n\t\t\t\t\t\t<div class=\"elementor-container elementor-column-gap-default\">\n\t\t\t\t\t<div class=\"elementor-column elementor-col-100 elementor-top-column elementor-element elementor-element-6256f7ac\" data-id=\"6256f7ac\" data-element_type=\"column\" data-e-type=\"column\">\n\t\t\t<div class=\"elementor-widget-wrap elementor-element-populated\">\n\t\t\t\t\t\t<div class=\"elementor-element elementor-element-25a7924f elementor-widget elementor-widget-text-editor\" data-id=\"25a7924f\" data-element_type=\"widget\" data-e-type=\"widget\" data-widget_type=\"text-editor.default\">\n\t\t\t\t<div class=\"elementor-widget-container\">\n\t\t\t\t\t\t\t\t\t<h5>CARDO<\/h5><p>INGREDIENTES: Cardo, agua, sal y antioxidante: \u00e1cido asc\u00f3rbico.<\/p><p>Peso neto (gr): 660<\/p><p>Peso escurrido (gr): 400<\/p><h5>MENESTRA NAVARRA<\/h5><p>INGREDIENTES: Alcachofas, espa\u0301rragos, guisantes, zanahorias, agua, sal y antioxidante: a\u0301cido asco\u0301rbico<\/p><p>Peso neto (gr): 660<\/p><p>Peso escurrido (gr): 425<\/p><h5>BORRAJA<\/h5><p>INGREDIENTES: Borraja, agua, sal y antioxidante: a\u0301cido asco\u0301rbico<\/p><p>Peso neto (gr): 660<\/p><p>Peso escurrido (gr): 400<\/p><h5>POCHAS FRESCAS NAVARRA<\/h5><p>INGREDIENTES: Alubias pochas, agua, sal antioxidante: E-223. Contiene sulfitos.<\/p><p>Peso neto (gr): 650<\/p><p>Peso escurrido (gr): 400<\/p><h5>ACEITE DE OLIVA VIRGEN EXTRA \u00abLA MAJA\u00bb<\/h5><p>AOVE Edici\u00f3n Limitada\u00a0<\/p><p>Botella de 50cl<\/p>\t\t\t\t\t\t\t\t<\/div>\n\t\t\t\t<\/div>\n\t\t\t\t\t<\/div>\n\t\t<\/div>\n\t\t\t\t\t<\/div>\n\t\t<\/section>\n\t\t\t\t<\/div>\n\t\t","protected":false},"excerpt":{"rendered":"<p>Si piensas en el aut\u00e9ntico sabor de la huerta Navarra, no te puedes perder esta selecci\u00f3n de verduras.<\/p>\n<p>En este lote gourmet encontrar\u00e1s las ic\u00f3nicas: cardo, menestra navarra, borraja y pochas frescas, todas ellas delicias de nuestra tierra.\u00a0 Acomp\u00e1\u00f1alo con un chorrito de aceite de oliva virgen extra \u00abLa Maja\u00bb y disfruta de los verdaderos placeres de la nuestra huerta Navarra.<\/p>\n<p><strong>PRODUCTOS INCLUIDOS (5 UNIDADES)<\/strong><\/p>\n<p><a href=\"https:\/\/www.gvtarra.com\/nuestros-productos\/las-navarricas\/cardo\/\">Cardo (1)<\/a><\/p>\n<p><a href=\"https:\/\/www.gvtarra.com\/nuestros-productos\/las-navarricas\/menestra-navarra\/\">Menestra Navarra (1)<\/a><\/p>\n<p><a href=\"https:\/\/www.gvtarra.com\/nuestros-productos\/las-navarricas\/borraja\/\">Borrajas (1)<\/a><\/p>\n<p><a href=\"https:\/\/www.gvtarra.com\/nuestros-productos\/las-navarricas\/pochas-de-navarra\/\">Pochas Frescas Navarra (1)<\/a><\/p>\n<p><a href=\"https:\/\/www.aceiteslamaja.com\/product\/eco-botella-vidrio-50cl\/\">Botella AOVE \u00abLa Maja\u00bb (1)<\/a><\/p>\n","protected":false},"featured_media":9853,"comment_status":"open","ping_status":"closed","template":"","meta":{"_joinchat":[]},"product_brand":[],"product_cat":[22,15,23],"product_tag":[],"class_list":{"0":"post-28","1":"product","2":"type-product","3":"status-publish","4":"has-post-thumbnail","6":"product_cat-cardo","7":"product_cat-lotes-gourmet","8":"product_cat-pochas","10":"first","11":"instock","12":"featured","13":"taxable","14":"shipping-taxable","15":"purchasable","16":"product-type-simple"},"yoast_head":"<!-- This site is optimized with the Yoast SEO Premium plugin v21.5 (Yoast SEO v27.2) - https:\/\/yoast.com\/product\/yoast-seo-premium-wordpress\/ -->\n<title>Aut\u00e9ntica NavaRRa - Tienda Gvtarra<\/title>\n<meta name=\"robots\" content=\"index, follow, max-snippet:-1, max-image-preview:large, max-video-preview:-1\" \/>\n<link rel=\"canonical\" href=\"https:\/\/www.gvtarra.com\/tienda\/product\/lotes-gourmet\/autentica-navarra\/\" \/>\n<meta property=\"og:locale\" content=\"es_ES\" \/>\n<meta property=\"og:type\" content=\"article\" \/>\n<meta property=\"og:title\" content=\"Aut\u00e9ntica NavaRRa\" \/>\n<meta property=\"og:description\" content=\"Si piensas en el aut\u00e9ntico sabor de la huerta Navarra, no te puedes perder esta selecci\u00f3n de verduras.  En este lote gourmet encontrar\u00e1s las ic\u00f3nicas: cardo, menestra navarra, borraja y pochas frescas, todas ellas delicias de nuestra tierra.\u00a0 Acomp\u00e1\u00f1alo con un chorrito de aceite de oliva virgen extra &quot;La Maja&quot; y disfruta de los verdaderos placeres de la nuestra huerta Navarra.  PRODUCTOS INCLUIDOS (5 UNIDADES)  Cardo (1)  Menestra Navarra (1)  Borrajas (1)  Pochas Frescas Navarra (1)  Botella AOVE &quot;La Maja&quot; (1)\" \/>\n<meta property=\"og:url\" content=\"https:\/\/www.gvtarra.com\/tienda\/product\/lotes-gourmet\/autentica-navarra\/\" \/>\n<meta property=\"og:site_name\" content=\"Tienda Gvtarra\" \/>\n<meta property=\"article:modified_time\" content=\"2026-01-26T12:21:10+00:00\" \/>\n<meta property=\"og:image\" content=\"https:\/\/www.gvtarra.com\/tienda\/wp-content\/uploads\/2021\/06\/AUTENTICANAVARRA-1.jpg\" \/>\n\t<meta property=\"og:image:width\" content=\"2000\" \/>\n\t<meta property=\"og:image:height\" content=\"1334\" \/>\n\t<meta property=\"og:image:type\" content=\"image\/jpeg\" \/>\n<meta name=\"twitter:card\" content=\"summary_large_image\" \/>\n<script type=\"application\/ld+json\" class=\"yoast-schema-graph\">{\"@context\":\"https:\/\/schema.org\",\"@graph\":[{\"@type\":\"WebPage\",\"@id\":\"https:\/\/www.gvtarra.com\/tienda\/product\/lotes-gourmet\/autentica-navarra\/\",\"url\":\"https:\/\/www.gvtarra.com\/tienda\/product\/lotes-gourmet\/autentica-navarra\/\",\"name\":\"Aut\u00e9ntica NavaRRa - Tienda Gvtarra\",\"isPartOf\":{\"@id\":\"https:\/\/www.gvtarra.com\/tienda\/#website\"},\"primaryImageOfPage\":{\"@id\":\"https:\/\/www.gvtarra.com\/tienda\/product\/lotes-gourmet\/autentica-navarra\/#primaryimage\"},\"image\":{\"@id\":\"https:\/\/www.gvtarra.com\/tienda\/product\/lotes-gourmet\/autentica-navarra\/#primaryimage\"},\"thumbnailUrl\":\"https:\/\/www.gvtarra.com\/tienda\/wp-content\/uploads\/2021\/06\/AUTENTICANAVARRA-1.jpg\",\"datePublished\":\"2021-06-19T10:39:25+00:00\",\"dateModified\":\"2026-01-26T12:21:10+00:00\",\"breadcrumb\":{\"@id\":\"https:\/\/www.gvtarra.com\/tienda\/product\/lotes-gourmet\/autentica-navarra\/#breadcrumb\"},\"inLanguage\":\"es\",\"potentialAction\":[{\"@type\":\"ReadAction\",\"target\":[\"https:\/\/www.gvtarra.com\/tienda\/product\/lotes-gourmet\/autentica-navarra\/\"]}]},{\"@type\":\"ImageObject\",\"inLanguage\":\"es\",\"@id\":\"https:\/\/www.gvtarra.com\/tienda\/product\/lotes-gourmet\/autentica-navarra\/#primaryimage\",\"url\":\"https:\/\/www.gvtarra.com\/tienda\/wp-content\/uploads\/2021\/06\/AUTENTICANAVARRA-1.jpg\",\"contentUrl\":\"https:\/\/www.gvtarra.com\/tienda\/wp-content\/uploads\/2021\/06\/AUTENTICANAVARRA-1.jpg\",\"width\":2000,\"height\":1334},{\"@type\":\"BreadcrumbList\",\"@id\":\"https:\/\/www.gvtarra.com\/tienda\/product\/lotes-gourmet\/autentica-navarra\/#breadcrumb\",\"itemListElement\":[{\"@type\":\"ListItem\",\"position\":1,\"name\":\"Portada\",\"item\":\"https:\/\/www.gvtarra.com\/tienda\/\"},{\"@type\":\"ListItem\",\"position\":2,\"name\":\"Tienda\",\"item\":\"https:\/\/www.gvtarra.com\/tienda\/comprar\/\"},{\"@type\":\"ListItem\",\"position\":3,\"name\":\"Aut\u00e9ntica NavaRRa\"}]},{\"@type\":\"WebSite\",\"@id\":\"https:\/\/www.gvtarra.com\/tienda\/#website\",\"url\":\"https:\/\/www.gvtarra.com\/tienda\/\",\"name\":\"Tienda Gvtarra\",\"description\":\"\",\"publisher\":{\"@id\":\"https:\/\/www.gvtarra.com\/tienda\/#organization\"},\"potentialAction\":[{\"@type\":\"SearchAction\",\"target\":{\"@type\":\"EntryPoint\",\"urlTemplate\":\"https:\/\/www.gvtarra.com\/tienda\/?s={search_term_string}\"},\"query-input\":{\"@type\":\"PropertyValueSpecification\",\"valueRequired\":true,\"valueName\":\"search_term_string\"}}],\"inLanguage\":\"es\"},{\"@type\":\"Organization\",\"@id\":\"https:\/\/www.gvtarra.com\/tienda\/#organization\",\"name\":\"Tienda Gvtarra\",\"url\":\"https:\/\/www.gvtarra.com\/tienda\/\",\"logo\":{\"@type\":\"ImageObject\",\"inLanguage\":\"es\",\"@id\":\"https:\/\/www.gvtarra.com\/tienda\/#\/schema\/logo\/image\/\",\"url\":\"https:\/\/www.gvtarra.com\/tienda\/wp-content\/uploads\/2023\/12\/cropped-Logo-Gvtarra-2017-min-scaled.png\",\"contentUrl\":\"https:\/\/www.gvtarra.com\/tienda\/wp-content\/uploads\/2023\/12\/cropped-Logo-Gvtarra-2017-min-scaled.png\",\"width\":2560,\"height\":1315,\"caption\":\"Tienda Gvtarra\"},\"image\":{\"@id\":\"https:\/\/www.gvtarra.com\/tienda\/#\/schema\/logo\/image\/\"}}]}<\/script>\n<!-- \/ Yoast SEO Premium plugin. -->","yoast_head_json":{"title":"Aut\u00e9ntica NavaRRa - Tienda Gvtarra","robots":{"index":"index","follow":"follow","max-snippet":"max-snippet:-1","max-image-preview":"max-image-preview:large","max-video-preview":"max-video-preview:-1"},"canonical":"https:\/\/www.gvtarra.com\/tienda\/product\/lotes-gourmet\/autentica-navarra\/","og_locale":"es_ES","og_type":"article","og_title":"Aut\u00e9ntica NavaRRa","og_description":"Si piensas en el aut\u00e9ntico sabor de la huerta Navarra, no te puedes perder esta selecci\u00f3n de verduras.  En este lote gourmet encontrar\u00e1s las ic\u00f3nicas: cardo, menestra navarra, borraja y pochas frescas, todas ellas delicias de nuestra tierra.\u00a0 Acomp\u00e1\u00f1alo con un chorrito de aceite de oliva virgen extra \"La Maja\" y disfruta de los verdaderos placeres de la nuestra huerta Navarra.  PRODUCTOS INCLUIDOS (5 UNIDADES)  Cardo (1)  Menestra Navarra (1)  Borrajas (1)  Pochas Frescas Navarra (1)  Botella AOVE \"La Maja\" (1)","og_url":"https:\/\/www.gvtarra.com\/tienda\/product\/lotes-gourmet\/autentica-navarra\/","og_site_name":"Tienda Gvtarra","article_modified_time":"2026-01-26T12:21:10+00:00","og_image":[{"width":2000,"height":1334,"url":"https:\/\/www.gvtarra.com\/tienda\/wp-content\/uploads\/2021\/06\/AUTENTICANAVARRA-1.jpg","type":"image\/jpeg"}],"twitter_card":"summary_large_image","schema":{"@context":"https:\/\/schema.org","@graph":[{"@type":"WebPage","@id":"https:\/\/www.gvtarra.com\/tienda\/product\/lotes-gourmet\/autentica-navarra\/","url":"https:\/\/www.gvtarra.com\/tienda\/product\/lotes-gourmet\/autentica-navarra\/","name":"Aut\u00e9ntica NavaRRa - Tienda Gvtarra","isPartOf":{"@id":"https:\/\/www.gvtarra.com\/tienda\/#website"},"primaryImageOfPage":{"@id":"https:\/\/www.gvtarra.com\/tienda\/product\/lotes-gourmet\/autentica-navarra\/#primaryimage"},"image":{"@id":"https:\/\/www.gvtarra.com\/tienda\/product\/lotes-gourmet\/autentica-navarra\/#primaryimage"},"thumbnailUrl":"https:\/\/www.gvtarra.com\/tienda\/wp-content\/uploads\/2021\/06\/AUTENTICANAVARRA-1.jpg","datePublished":"2021-06-19T10:39:25+00:00","dateModified":"2026-01-26T12:21:10+00:00","breadcrumb":{"@id":"https:\/\/www.gvtarra.com\/tienda\/product\/lotes-gourmet\/autentica-navarra\/#breadcrumb"},"inLanguage":"es","potentialAction":[{"@type":"ReadAction","target":["https:\/\/www.gvtarra.com\/tienda\/product\/lotes-gourmet\/autentica-navarra\/"]}]},{"@type":"ImageObject","inLanguage":"es","@id":"https:\/\/www.gvtarra.com\/tienda\/product\/lotes-gourmet\/autentica-navarra\/#primaryimage","url":"https:\/\/www.gvtarra.com\/tienda\/wp-content\/uploads\/2021\/06\/AUTENTICANAVARRA-1.jpg","contentUrl":"https:\/\/www.gvtarra.com\/tienda\/wp-content\/uploads\/2021\/06\/AUTENTICANAVARRA-1.jpg","width":2000,"height":1334},{"@type":"BreadcrumbList","@id":"https:\/\/www.gvtarra.com\/tienda\/product\/lotes-gourmet\/autentica-navarra\/#breadcrumb","itemListElement":[{"@type":"ListItem","position":1,"name":"Portada","item":"https:\/\/www.gvtarra.com\/tienda\/"},{"@type":"ListItem","position":2,"name":"Tienda","item":"https:\/\/www.gvtarra.com\/tienda\/comprar\/"},{"@type":"ListItem","position":3,"name":"Aut\u00e9ntica NavaRRa"}]},{"@type":"WebSite","@id":"https:\/\/www.gvtarra.com\/tienda\/#website","url":"https:\/\/www.gvtarra.com\/tienda\/","name":"Tienda Gvtarra","description":"","publisher":{"@id":"https:\/\/www.gvtarra.com\/tienda\/#organization"},"potentialAction":[{"@type":"SearchAction","target":{"@type":"EntryPoint","urlTemplate":"https:\/\/www.gvtarra.com\/tienda\/?s={search_term_string}"},"query-input":{"@type":"PropertyValueSpecification","valueRequired":true,"valueName":"search_term_string"}}],"inLanguage":"es"},{"@type":"Organization","@id":"https:\/\/www.gvtarra.com\/tienda\/#organization","name":"Tienda Gvtarra","url":"https:\/\/www.gvtarra.com\/tienda\/","logo":{"@type":"ImageObject","inLanguage":"es","@id":"https:\/\/www.gvtarra.com\/tienda\/#\/schema\/logo\/image\/","url":"https:\/\/www.gvtarra.com\/tienda\/wp-content\/uploads\/2023\/12\/cropped-Logo-Gvtarra-2017-min-scaled.png","contentUrl":"https:\/\/www.gvtarra.com\/tienda\/wp-content\/uploads\/2023\/12\/cropped-Logo-Gvtarra-2017-min-scaled.png","width":2560,"height":1315,"caption":"Tienda Gvtarra"},"image":{"@id":"https:\/\/www.gvtarra.com\/tienda\/#\/schema\/logo\/image\/"}}]}},"_links":{"self":[{"href":"https:\/\/www.gvtarra.com\/tienda\/wp-json\/wp\/v2\/product\/28","targetHints":{"allow":["GET"]}}],"collection":[{"href":"https:\/\/www.gvtarra.com\/tienda\/wp-json\/wp\/v2\/product"}],"about":[{"href":"https:\/\/www.gvtarra.com\/tienda\/wp-json\/wp\/v2\/types\/product"}],"replies":[{"embeddable":true,"href":"https:\/\/www.gvtarra.com\/tienda\/wp-json\/wp\/v2\/comments?post=28"}],"version-history":[{"count":8,"href":"https:\/\/www.gvtarra.com\/tienda\/wp-json\/wp\/v2\/product\/28\/revisions"}],"predecessor-version":[{"id":17067,"href":"https:\/\/www.gvtarra.com\/tienda\/wp-json\/wp\/v2\/product\/28\/revisions\/17067"}],"wp:featuredmedia":[{"embeddable":true,"href":"https:\/\/www.gvtarra.com\/tienda\/wp-json\/wp\/v2\/media\/9853"}],"wp:attachment":[{"href":"https:\/\/www.gvtarra.com\/tienda\/wp-json\/wp\/v2\/media?parent=28"}],"wp:term":[{"taxonomy":"product_brand","embeddable":true,"href":"https:\/\/www.gvtarra.com\/tienda\/wp-json\/wp\/v2\/product_brand?post=28"},{"taxonomy":"product_cat","embeddable":true,"href":"https:\/\/www.gvtarra.com\/tienda\/wp-json\/wp\/v2\/product_cat?post=28"},{"taxonomy":"product_tag","embeddable":true,"href":"https:\/\/www.gvtarra.com\/tienda\/wp-json\/wp\/v2\/product_tag?post=28"}],"curies":[{"name":"wp","href":"https:\/\/api.w.org\/{rel}","templated":true}]}}