{"id":5791,"date":"2024-04-12T08:43:06","date_gmt":"2024-04-12T08:43:06","guid":{"rendered":"https:\/\/www.gvtarra.com\/tienda\/?post_type=product&#038;p=5791"},"modified":"2026-01-26T13:46:59","modified_gmt":"2026-01-26T12:46:59","slug":"natura-sin-sal","status":"publish","type":"product","link":"https:\/\/www.gvtarra.com\/tienda\/product\/lotes-gourmet\/natura-sin-sal\/","title":{"rendered":"Natura, Sin Sal"},"content":{"rendered":"<h5><b>ALCACHOFA MITADES NATURA, Sin Sal<\/b><\/h5>\n<p>INGREDIENTES:\u00a0 Alcachofas, agua y antioxidante: \u00e1cido asc\u00f3rbico.<\/p>\n<p>Peso neto (g): 535<\/p>\n<p>Peso escurrido (g): 320<\/p>\n<h5><b>CARDO NATURA, Sin Sal<\/b><\/h5>\n<p>INGREDIENTES<b>: <\/b>Cardo, agua y antioxidante: \u00e1cido asc\u00f3rbico.<\/p>\n<p>Peso neto (g): 535<\/p>\n<p>Peso escurrido (g): 325<\/p>\n<h5><b>GUISANTES EXTRA NATURA, Sin Sal<\/b><\/h5>\n<p>INGREDIENTES<b>: <\/b>Guisantes, agua, az\u00facar y antioxidante: \u00e1cido asc\u00f3rbico.<\/p>\n<p>Peso neto (g): 535<\/p>\n<p>Peso escurrido (g): 360<\/p>\n","protected":false},"excerpt":{"rendered":"<p>Porque reducir el consumo de sal ayuda a llevar una dieta m\u00e1s saludable, te traemos la nueva gama Natura, Sin Sal.<\/p>\n<p>Ahora podr\u00e1s disfrutar de tus verduras favoritas, con el mismo sabor y ternura de siempre, pero sin sal a\u00f1adida.<\/p>\n<p><strong>PRODUCTOS INCLUIDOS (6 UNIDADES)<\/strong><\/p>\n<p><a href=\"https:\/\/www.gvtarra.com\/nuestros-productos\/las-sin-sal\/corazones-de-alcachofa\/\">Alcachofas mitades primera (2)<\/a><\/p>\n<p><a href=\"https:\/\/www.gvtarra.com\/nuestros-productos\/las-sin-sal\/cardo-troceado\/\">Cardo troceado (2)<\/a><\/p>\n<p><a href=\"https:\/\/www.gvtarra.com\/nuestros-productos\/las-sin-sal\/guisantes\/\">Guisantes (2)<\/a><\/p>\n<p>&nbsp;<\/p>\n","protected":false},"featured_media":9846,"comment_status":"open","ping_status":"closed","template":"","meta":{"_joinchat":[]},"product_brand":[],"product_cat":[30,15,41],"product_tag":[],"class_list":{"0":"post-5791","1":"product","2":"type-product","3":"status-publish","4":"has-post-thumbnail","6":"product_cat-alcachofa","7":"product_cat-lotes-gourmet","8":"product_cat-sin-sal","10":"first","11":"instock","12":"featured","13":"taxable","14":"shipping-taxable","15":"purchasable","16":"product-type-simple"},"yoast_head":"<!-- This site is optimized with the Yoast SEO Premium plugin v21.5 (Yoast SEO v27.6) - https:\/\/yoast.com\/product\/yoast-seo-premium-wordpress\/ -->\n<title>Natura, Sin Sal - Tienda Gvtarra<\/title>\n<meta name=\"robots\" content=\"index, follow, max-snippet:-1, max-image-preview:large, max-video-preview:-1\" \/>\n<link rel=\"canonical\" href=\"https:\/\/www.gvtarra.com\/tienda\/product\/lotes-gourmet\/natura-sin-sal\/\" \/>\n<meta property=\"og:locale\" content=\"es_ES\" \/>\n<meta property=\"og:type\" content=\"article\" \/>\n<meta property=\"og:title\" content=\"Natura, Sin Sal\" \/>\n<meta property=\"og:description\" content=\"Porque reducir el consumo de sal ayuda a llevar una dieta m\u00e1s saludable, te traemos la nueva gama Natura, Sin Sal.  Ahora podr\u00e1s disfrutar de tus verduras favoritas, con el mismo sabor y ternura de siempre, pero sin sal a\u00f1adida.  PRODUCTOS INCLUIDOS (6 UNIDADES)  Alcachofas mitades primera (2)  Cardo troceado (2)  Guisantes (2)  &nbsp;\" \/>\n<meta property=\"og:url\" content=\"https:\/\/www.gvtarra.com\/tienda\/product\/lotes-gourmet\/natura-sin-sal\/\" \/>\n<meta property=\"og:site_name\" content=\"Tienda Gvtarra\" \/>\n<meta property=\"article:modified_time\" content=\"2026-01-26T12:46:59+00:00\" \/>\n<meta property=\"og:image\" content=\"https:\/\/www.gvtarra.com\/tienda\/wp-content\/uploads\/2024\/03\/2023.04.28_natura-7.jpg\" \/>\n\t<meta property=\"og:image:width\" content=\"2560\" \/>\n\t<meta property=\"og:image:height\" content=\"1707\" \/>\n\t<meta property=\"og:image:type\" content=\"image\/jpeg\" \/>\n<meta name=\"twitter:card\" content=\"summary_large_image\" \/>\n<meta name=\"twitter:label1\" content=\"Tiempo de lectura\" \/>\n\t<meta name=\"twitter:data1\" content=\"1 minuto\" \/>\n<script type=\"application\/ld+json\" class=\"yoast-schema-graph\">{\"@context\":\"https:\\\/\\\/schema.org\",\"@graph\":[{\"@type\":\"WebPage\",\"@id\":\"https:\\\/\\\/www.gvtarra.com\\\/tienda\\\/product\\\/lotes-gourmet\\\/natura-sin-sal\\\/\",\"url\":\"https:\\\/\\\/www.gvtarra.com\\\/tienda\\\/product\\\/lotes-gourmet\\\/natura-sin-sal\\\/\",\"name\":\"Natura, Sin Sal - Tienda Gvtarra\",\"isPartOf\":{\"@id\":\"https:\\\/\\\/www.gvtarra.com\\\/tienda\\\/#website\"},\"primaryImageOfPage\":{\"@id\":\"https:\\\/\\\/www.gvtarra.com\\\/tienda\\\/product\\\/lotes-gourmet\\\/natura-sin-sal\\\/#primaryimage\"},\"image\":{\"@id\":\"https:\\\/\\\/www.gvtarra.com\\\/tienda\\\/product\\\/lotes-gourmet\\\/natura-sin-sal\\\/#primaryimage\"},\"thumbnailUrl\":\"https:\\\/\\\/www.gvtarra.com\\\/tienda\\\/wp-content\\\/uploads\\\/2024\\\/03\\\/2023.04.28_natura-7.jpg\",\"datePublished\":\"2024-04-12T08:43:06+00:00\",\"dateModified\":\"2026-01-26T12:46:59+00:00\",\"breadcrumb\":{\"@id\":\"https:\\\/\\\/www.gvtarra.com\\\/tienda\\\/product\\\/lotes-gourmet\\\/natura-sin-sal\\\/#breadcrumb\"},\"inLanguage\":\"es\",\"potentialAction\":[{\"@type\":\"ReadAction\",\"target\":[\"https:\\\/\\\/www.gvtarra.com\\\/tienda\\\/product\\\/lotes-gourmet\\\/natura-sin-sal\\\/\"]}]},{\"@type\":\"ImageObject\",\"inLanguage\":\"es\",\"@id\":\"https:\\\/\\\/www.gvtarra.com\\\/tienda\\\/product\\\/lotes-gourmet\\\/natura-sin-sal\\\/#primaryimage\",\"url\":\"https:\\\/\\\/www.gvtarra.com\\\/tienda\\\/wp-content\\\/uploads\\\/2024\\\/03\\\/2023.04.28_natura-7.jpg\",\"contentUrl\":\"https:\\\/\\\/www.gvtarra.com\\\/tienda\\\/wp-content\\\/uploads\\\/2024\\\/03\\\/2023.04.28_natura-7.jpg\",\"width\":2560,\"height\":1707},{\"@type\":\"BreadcrumbList\",\"@id\":\"https:\\\/\\\/www.gvtarra.com\\\/tienda\\\/product\\\/lotes-gourmet\\\/natura-sin-sal\\\/#breadcrumb\",\"itemListElement\":[{\"@type\":\"ListItem\",\"position\":1,\"name\":\"Portada\",\"item\":\"https:\\\/\\\/www.gvtarra.com\\\/tienda\\\/\"},{\"@type\":\"ListItem\",\"position\":2,\"name\":\"Tienda\",\"item\":\"https:\\\/\\\/www.gvtarra.com\\\/tienda\\\/comprar\\\/\"},{\"@type\":\"ListItem\",\"position\":3,\"name\":\"Natura, Sin Sal\"}]},{\"@type\":\"WebSite\",\"@id\":\"https:\\\/\\\/www.gvtarra.com\\\/tienda\\\/#website\",\"url\":\"https:\\\/\\\/www.gvtarra.com\\\/tienda\\\/\",\"name\":\"Tienda Gvtarra\",\"description\":\"\",\"publisher\":{\"@id\":\"https:\\\/\\\/www.gvtarra.com\\\/tienda\\\/#organization\"},\"potentialAction\":[{\"@type\":\"SearchAction\",\"target\":{\"@type\":\"EntryPoint\",\"urlTemplate\":\"https:\\\/\\\/www.gvtarra.com\\\/tienda\\\/?s={search_term_string}\"},\"query-input\":{\"@type\":\"PropertyValueSpecification\",\"valueRequired\":true,\"valueName\":\"search_term_string\"}}],\"inLanguage\":\"es\"},{\"@type\":\"Organization\",\"@id\":\"https:\\\/\\\/www.gvtarra.com\\\/tienda\\\/#organization\",\"name\":\"Tienda Gvtarra\",\"url\":\"https:\\\/\\\/www.gvtarra.com\\\/tienda\\\/\",\"logo\":{\"@type\":\"ImageObject\",\"inLanguage\":\"es\",\"@id\":\"https:\\\/\\\/www.gvtarra.com\\\/tienda\\\/#\\\/schema\\\/logo\\\/image\\\/\",\"url\":\"https:\\\/\\\/www.gvtarra.com\\\/tienda\\\/wp-content\\\/uploads\\\/2023\\\/12\\\/cropped-Logo-Gvtarra-2017-min-scaled.png\",\"contentUrl\":\"https:\\\/\\\/www.gvtarra.com\\\/tienda\\\/wp-content\\\/uploads\\\/2023\\\/12\\\/cropped-Logo-Gvtarra-2017-min-scaled.png\",\"width\":2560,\"height\":1315,\"caption\":\"Tienda Gvtarra\"},\"image\":{\"@id\":\"https:\\\/\\\/www.gvtarra.com\\\/tienda\\\/#\\\/schema\\\/logo\\\/image\\\/\"}}]}<\/script>\n<!-- \/ Yoast SEO Premium plugin. -->","yoast_head_json":{"title":"Natura, Sin Sal - Tienda Gvtarra","robots":{"index":"index","follow":"follow","max-snippet":"max-snippet:-1","max-image-preview":"max-image-preview:large","max-video-preview":"max-video-preview:-1"},"canonical":"https:\/\/www.gvtarra.com\/tienda\/product\/lotes-gourmet\/natura-sin-sal\/","og_locale":"es_ES","og_type":"article","og_title":"Natura, Sin Sal","og_description":"Porque reducir el consumo de sal ayuda a llevar una dieta m\u00e1s saludable, te traemos la nueva gama Natura, Sin Sal.  Ahora podr\u00e1s disfrutar de tus verduras favoritas, con el mismo sabor y ternura de siempre, pero sin sal a\u00f1adida.  PRODUCTOS INCLUIDOS (6 UNIDADES)  Alcachofas mitades primera (2)  Cardo troceado (2)  Guisantes (2)  &nbsp;","og_url":"https:\/\/www.gvtarra.com\/tienda\/product\/lotes-gourmet\/natura-sin-sal\/","og_site_name":"Tienda Gvtarra","article_modified_time":"2026-01-26T12:46:59+00:00","og_image":[{"width":2560,"height":1707,"url":"https:\/\/www.gvtarra.com\/tienda\/wp-content\/uploads\/2024\/03\/2023.04.28_natura-7.jpg","type":"image\/jpeg"}],"twitter_card":"summary_large_image","twitter_misc":{"Tiempo de lectura":"1 minuto"},"schema":{"@context":"https:\/\/schema.org","@graph":[{"@type":"WebPage","@id":"https:\/\/www.gvtarra.com\/tienda\/product\/lotes-gourmet\/natura-sin-sal\/","url":"https:\/\/www.gvtarra.com\/tienda\/product\/lotes-gourmet\/natura-sin-sal\/","name":"Natura, Sin Sal - Tienda Gvtarra","isPartOf":{"@id":"https:\/\/www.gvtarra.com\/tienda\/#website"},"primaryImageOfPage":{"@id":"https:\/\/www.gvtarra.com\/tienda\/product\/lotes-gourmet\/natura-sin-sal\/#primaryimage"},"image":{"@id":"https:\/\/www.gvtarra.com\/tienda\/product\/lotes-gourmet\/natura-sin-sal\/#primaryimage"},"thumbnailUrl":"https:\/\/www.gvtarra.com\/tienda\/wp-content\/uploads\/2024\/03\/2023.04.28_natura-7.jpg","datePublished":"2024-04-12T08:43:06+00:00","dateModified":"2026-01-26T12:46:59+00:00","breadcrumb":{"@id":"https:\/\/www.gvtarra.com\/tienda\/product\/lotes-gourmet\/natura-sin-sal\/#breadcrumb"},"inLanguage":"es","potentialAction":[{"@type":"ReadAction","target":["https:\/\/www.gvtarra.com\/tienda\/product\/lotes-gourmet\/natura-sin-sal\/"]}]},{"@type":"ImageObject","inLanguage":"es","@id":"https:\/\/www.gvtarra.com\/tienda\/product\/lotes-gourmet\/natura-sin-sal\/#primaryimage","url":"https:\/\/www.gvtarra.com\/tienda\/wp-content\/uploads\/2024\/03\/2023.04.28_natura-7.jpg","contentUrl":"https:\/\/www.gvtarra.com\/tienda\/wp-content\/uploads\/2024\/03\/2023.04.28_natura-7.jpg","width":2560,"height":1707},{"@type":"BreadcrumbList","@id":"https:\/\/www.gvtarra.com\/tienda\/product\/lotes-gourmet\/natura-sin-sal\/#breadcrumb","itemListElement":[{"@type":"ListItem","position":1,"name":"Portada","item":"https:\/\/www.gvtarra.com\/tienda\/"},{"@type":"ListItem","position":2,"name":"Tienda","item":"https:\/\/www.gvtarra.com\/tienda\/comprar\/"},{"@type":"ListItem","position":3,"name":"Natura, Sin Sal"}]},{"@type":"WebSite","@id":"https:\/\/www.gvtarra.com\/tienda\/#website","url":"https:\/\/www.gvtarra.com\/tienda\/","name":"Tienda Gvtarra","description":"","publisher":{"@id":"https:\/\/www.gvtarra.com\/tienda\/#organization"},"potentialAction":[{"@type":"SearchAction","target":{"@type":"EntryPoint","urlTemplate":"https:\/\/www.gvtarra.com\/tienda\/?s={search_term_string}"},"query-input":{"@type":"PropertyValueSpecification","valueRequired":true,"valueName":"search_term_string"}}],"inLanguage":"es"},{"@type":"Organization","@id":"https:\/\/www.gvtarra.com\/tienda\/#organization","name":"Tienda Gvtarra","url":"https:\/\/www.gvtarra.com\/tienda\/","logo":{"@type":"ImageObject","inLanguage":"es","@id":"https:\/\/www.gvtarra.com\/tienda\/#\/schema\/logo\/image\/","url":"https:\/\/www.gvtarra.com\/tienda\/wp-content\/uploads\/2023\/12\/cropped-Logo-Gvtarra-2017-min-scaled.png","contentUrl":"https:\/\/www.gvtarra.com\/tienda\/wp-content\/uploads\/2023\/12\/cropped-Logo-Gvtarra-2017-min-scaled.png","width":2560,"height":1315,"caption":"Tienda Gvtarra"},"image":{"@id":"https:\/\/www.gvtarra.com\/tienda\/#\/schema\/logo\/image\/"}}]}},"_links":{"self":[{"href":"https:\/\/www.gvtarra.com\/tienda\/wp-json\/wp\/v2\/product\/5791","targetHints":{"allow":["GET"]}}],"collection":[{"href":"https:\/\/www.gvtarra.com\/tienda\/wp-json\/wp\/v2\/product"}],"about":[{"href":"https:\/\/www.gvtarra.com\/tienda\/wp-json\/wp\/v2\/types\/product"}],"replies":[{"embeddable":true,"href":"https:\/\/www.gvtarra.com\/tienda\/wp-json\/wp\/v2\/comments?post=5791"}],"version-history":[{"count":5,"href":"https:\/\/www.gvtarra.com\/tienda\/wp-json\/wp\/v2\/product\/5791\/revisions"}],"predecessor-version":[{"id":17071,"href":"https:\/\/www.gvtarra.com\/tienda\/wp-json\/wp\/v2\/product\/5791\/revisions\/17071"}],"wp:featuredmedia":[{"embeddable":true,"href":"https:\/\/www.gvtarra.com\/tienda\/wp-json\/wp\/v2\/media\/9846"}],"wp:attachment":[{"href":"https:\/\/www.gvtarra.com\/tienda\/wp-json\/wp\/v2\/media?parent=5791"}],"wp:term":[{"taxonomy":"product_brand","embeddable":true,"href":"https:\/\/www.gvtarra.com\/tienda\/wp-json\/wp\/v2\/product_brand?post=5791"},{"taxonomy":"product_cat","embeddable":true,"href":"https:\/\/www.gvtarra.com\/tienda\/wp-json\/wp\/v2\/product_cat?post=5791"},{"taxonomy":"product_tag","embeddable":true,"href":"https:\/\/www.gvtarra.com\/tienda\/wp-json\/wp\/v2\/product_tag?post=5791"}],"curies":[{"name":"wp","href":"https:\/\/api.w.org\/{rel}","templated":true}]}}