{"id":7346,"date":"2024-09-02T07:57:54","date_gmt":"2024-09-02T05:57:54","guid":{"rendered":"https:\/\/www.gvtarra.com\/tienda\/?post_type=product&#038;p=7346"},"modified":"2026-03-03T13:26:51","modified_gmt":"2026-03-03T12:26:51","slug":"judias-amarillas","status":"publish","type":"product","link":"https:\/\/www.gvtarra.com\/tienda\/product\/hoy-no-cocino\/judias-amarillas\/","title":{"rendered":"Jud\u00edas Amarillas (6u)"},"content":{"rendered":"\t\t<div data-elementor-type=\"product-post\" data-elementor-id=\"7346\" class=\"elementor elementor-7346\" data-elementor-post-type=\"product\">\n\t\t\t\t\t\t<section class=\"elementor-section elementor-top-section elementor-element elementor-element-6fe1928 elementor-section-boxed elementor-section-height-default elementor-section-height-default\" data-id=\"6fe1928\" data-element_type=\"section\" data-e-type=\"section\">\n\t\t\t\t\t\t<div class=\"elementor-container elementor-column-gap-default\">\n\t\t\t\t\t<div class=\"elementor-column elementor-col-50 elementor-top-column elementor-element elementor-element-31fd721\" data-id=\"31fd721\" data-element_type=\"column\" data-e-type=\"column\">\n\t\t\t<div class=\"elementor-widget-wrap elementor-element-populated\">\n\t\t\t\t\t\t<div class=\"elementor-element elementor-element-2798a4f elementor-widget elementor-widget-text-editor\" data-id=\"2798a4f\" data-element_type=\"widget\" data-e-type=\"widget\" data-widget_type=\"text-editor.default\">\n\t\t\t\t<div class=\"elementor-widget-container\">\n\t\t\t\t\t\t\t\t\t<h5>INGREDIENTES<\/h5><p>Jud\u00eda amarilla, agua, sal y antioxidante: \u00e1cido asc\u00f3rbico<\/p><h5>INFORMACI\u00d3N NUTRICIONAL<\/h5><table class=\"table table-sm mb-0\"><tbody><tr><td>Valor energ\u00e9tico<\/td><td class=\"text-right\">58 kJ \/ 14 kca kcal<\/td><\/tr><tr><td>Grasas<\/td><td class=\"text-right\">0 g<\/td><\/tr><tr><td>de las cuales saturadas<\/td><td class=\"text-right\">0 g<\/td><\/tr><tr><td>Hidratos de carbono<\/td><td class=\"text-right\">1,7 g<\/td><\/tr><tr><td>de los cuales az\u00facares<\/td><td class=\"text-right\">0 g<\/td><\/tr><tr><td>Fibra alimentaria<\/td><td class=\"text-right\">1,7 g<\/td><\/tr><tr><td>Prote\u00ednas<\/td><td class=\"text-right\">0,8 g<\/td><\/tr><tr><td>Sal<\/td><td class=\"text-right\">0,70 g<\/td><\/tr><\/tbody><\/table><p><span style=\"font-size: 12.75px; color: var( --e-global-color-text ); letter-spacing: 0px;\">Valores nutricionales por 100g de producto<\/span><\/p><h5>PESO UNITARIO<\/h5><p>Peso neto (gr): 520<\/p><p>Peso escurrido (gr): 275<\/p>\t\t\t\t\t\t\t\t<\/div>\n\t\t\t\t<\/div>\n\t\t\t\t\t<\/div>\n\t\t<\/div>\n\t\t\t\t<div class=\"elementor-column elementor-col-50 elementor-top-column elementor-element elementor-element-82930fb\" data-id=\"82930fb\" data-element_type=\"column\" data-e-type=\"column\">\n\t\t\t<div class=\"elementor-widget-wrap elementor-element-populated\">\n\t\t\t\t\t\t\t<\/div>\n\t\t<\/div>\n\t\t\t\t\t<\/div>\n\t\t<\/section>\n\t\t\t\t<\/div>\n\t\t","protected":false},"excerpt":{"rendered":"<p>\u00bfTe encantan nuestras jud\u00edas verdes? Pues est\u00e1s de suerte porque\u2026 \u00a1las nuevas jud\u00edas de Gvtarra son ahora amarillas!.<\/p>\n<p>D\u00e9jate llevar por su ternura y suave sabor y ponle color a tus platos de una forma s\u00faper divertida, sabrosa y nutritiva.<\/p>\n<p>Pru\u00e9balas de mil maneras: salteadas, en ensalada o con nuestro nuevo tomate frito y prep\u00e1rate unos deliciosos espaguetis <em>veggie<\/em>.<\/p>\n<p><strong>PRODUCTOS INCLUIDOS (6 UNIDADES)<\/strong><\/p>\n<p><a href=\"https:\/\/www.gvtarra.com\/nuestros-productos\/las-edicion-limitada\/judia-amarilla-tiras\/\">Jud\u00edas Amarillas (6 unidades)<\/a><\/p>\n<p>&nbsp;<\/p>\n","protected":false},"featured_media":16667,"comment_status":"open","ping_status":"closed","template":"","meta":{"_joinchat":[]},"product_brand":[],"product_cat":[20],"product_tag":[],"class_list":{"0":"post-7346","1":"product","2":"type-product","3":"status-publish","4":"has-post-thumbnail","6":"product_cat-hoy-no-cocino","8":"first","9":"instock","10":"featured","11":"taxable","12":"shipping-taxable","13":"purchasable","14":"product-type-simple"},"yoast_head":"<!-- This site is optimized with the Yoast SEO Premium plugin v21.5 (Yoast SEO v27.5) - https:\/\/yoast.com\/product\/yoast-seo-premium-wordpress\/ -->\n<title>Jud\u00edas Amarillas (6u) - Tienda Gvtarra<\/title>\n<meta name=\"robots\" content=\"index, follow, max-snippet:-1, max-image-preview:large, max-video-preview:-1\" \/>\n<link rel=\"canonical\" href=\"https:\/\/www.gvtarra.com\/tienda\/product\/hoy-no-cocino\/judias-amarillas\/\" \/>\n<meta property=\"og:locale\" content=\"es_ES\" \/>\n<meta property=\"og:type\" content=\"article\" \/>\n<meta property=\"og:title\" content=\"Jud\u00edas Amarillas (6u)\" \/>\n<meta property=\"og:description\" content=\"\u00bfTe encantan nuestras jud\u00edas verdes? Pues est\u00e1s de suerte porque\u2026 \u00a1las nuevas jud\u00edas de Gvtarra son ahora amarillas!.  D\u00e9jate llevar por su ternura y suave sabor y ponle color a tus platos de una forma s\u00faper divertida, sabrosa y nutritiva.  Pru\u00e9balas de mil maneras: salteadas, en ensalada o con nuestro nuevo tomate frito y prep\u00e1rate unos deliciosos espaguetis veggie.  PRODUCTOS INCLUIDOS (6 UNIDADES)  Jud\u00edas Amarillas (6 unidades)  &nbsp;\" \/>\n<meta property=\"og:url\" content=\"https:\/\/www.gvtarra.com\/tienda\/product\/hoy-no-cocino\/judias-amarillas\/\" \/>\n<meta property=\"og:site_name\" content=\"Tienda Gvtarra\" \/>\n<meta property=\"article:modified_time\" content=\"2026-03-03T12:26:51+00:00\" \/>\n<meta property=\"og:image\" content=\"https:\/\/www.gvtarra.com\/tienda\/wp-content\/uploads\/2024\/09\/judia-amarilla-1.jpg\" \/>\n\t<meta property=\"og:image:width\" content=\"1801\" \/>\n\t<meta property=\"og:image:height\" content=\"1200\" \/>\n\t<meta property=\"og:image:type\" content=\"image\/jpeg\" \/>\n<meta name=\"twitter:card\" content=\"summary_large_image\" \/>\n<meta name=\"twitter:label1\" content=\"Tiempo de lectura\" \/>\n\t<meta name=\"twitter:data1\" content=\"1 minuto\" \/>\n<script type=\"application\/ld+json\" class=\"yoast-schema-graph\">{\"@context\":\"https:\\\/\\\/schema.org\",\"@graph\":[{\"@type\":\"WebPage\",\"@id\":\"https:\\\/\\\/www.gvtarra.com\\\/tienda\\\/product\\\/hoy-no-cocino\\\/judias-amarillas\\\/\",\"url\":\"https:\\\/\\\/www.gvtarra.com\\\/tienda\\\/product\\\/hoy-no-cocino\\\/judias-amarillas\\\/\",\"name\":\"Jud\u00edas Amarillas (6u) - Tienda Gvtarra\",\"isPartOf\":{\"@id\":\"https:\\\/\\\/www.gvtarra.com\\\/tienda\\\/#website\"},\"primaryImageOfPage\":{\"@id\":\"https:\\\/\\\/www.gvtarra.com\\\/tienda\\\/product\\\/hoy-no-cocino\\\/judias-amarillas\\\/#primaryimage\"},\"image\":{\"@id\":\"https:\\\/\\\/www.gvtarra.com\\\/tienda\\\/product\\\/hoy-no-cocino\\\/judias-amarillas\\\/#primaryimage\"},\"thumbnailUrl\":\"https:\\\/\\\/www.gvtarra.com\\\/tienda\\\/wp-content\\\/uploads\\\/2024\\\/09\\\/judia-amarilla-1.jpg\",\"datePublished\":\"2024-09-02T05:57:54+00:00\",\"dateModified\":\"2026-03-03T12:26:51+00:00\",\"breadcrumb\":{\"@id\":\"https:\\\/\\\/www.gvtarra.com\\\/tienda\\\/product\\\/hoy-no-cocino\\\/judias-amarillas\\\/#breadcrumb\"},\"inLanguage\":\"es\",\"potentialAction\":[{\"@type\":\"ReadAction\",\"target\":[\"https:\\\/\\\/www.gvtarra.com\\\/tienda\\\/product\\\/hoy-no-cocino\\\/judias-amarillas\\\/\"]}]},{\"@type\":\"ImageObject\",\"inLanguage\":\"es\",\"@id\":\"https:\\\/\\\/www.gvtarra.com\\\/tienda\\\/product\\\/hoy-no-cocino\\\/judias-amarillas\\\/#primaryimage\",\"url\":\"https:\\\/\\\/www.gvtarra.com\\\/tienda\\\/wp-content\\\/uploads\\\/2024\\\/09\\\/judia-amarilla-1.jpg\",\"contentUrl\":\"https:\\\/\\\/www.gvtarra.com\\\/tienda\\\/wp-content\\\/uploads\\\/2024\\\/09\\\/judia-amarilla-1.jpg\",\"width\":1801,\"height\":1200},{\"@type\":\"BreadcrumbList\",\"@id\":\"https:\\\/\\\/www.gvtarra.com\\\/tienda\\\/product\\\/hoy-no-cocino\\\/judias-amarillas\\\/#breadcrumb\",\"itemListElement\":[{\"@type\":\"ListItem\",\"position\":1,\"name\":\"Portada\",\"item\":\"https:\\\/\\\/www.gvtarra.com\\\/tienda\\\/\"},{\"@type\":\"ListItem\",\"position\":2,\"name\":\"Tienda\",\"item\":\"https:\\\/\\\/www.gvtarra.com\\\/tienda\\\/comprar\\\/\"},{\"@type\":\"ListItem\",\"position\":3,\"name\":\"Jud\u00edas Amarillas (6u)\"}]},{\"@type\":\"WebSite\",\"@id\":\"https:\\\/\\\/www.gvtarra.com\\\/tienda\\\/#website\",\"url\":\"https:\\\/\\\/www.gvtarra.com\\\/tienda\\\/\",\"name\":\"Tienda Gvtarra\",\"description\":\"\",\"publisher\":{\"@id\":\"https:\\\/\\\/www.gvtarra.com\\\/tienda\\\/#organization\"},\"potentialAction\":[{\"@type\":\"SearchAction\",\"target\":{\"@type\":\"EntryPoint\",\"urlTemplate\":\"https:\\\/\\\/www.gvtarra.com\\\/tienda\\\/?s={search_term_string}\"},\"query-input\":{\"@type\":\"PropertyValueSpecification\",\"valueRequired\":true,\"valueName\":\"search_term_string\"}}],\"inLanguage\":\"es\"},{\"@type\":\"Organization\",\"@id\":\"https:\\\/\\\/www.gvtarra.com\\\/tienda\\\/#organization\",\"name\":\"Tienda Gvtarra\",\"url\":\"https:\\\/\\\/www.gvtarra.com\\\/tienda\\\/\",\"logo\":{\"@type\":\"ImageObject\",\"inLanguage\":\"es\",\"@id\":\"https:\\\/\\\/www.gvtarra.com\\\/tienda\\\/#\\\/schema\\\/logo\\\/image\\\/\",\"url\":\"https:\\\/\\\/www.gvtarra.com\\\/tienda\\\/wp-content\\\/uploads\\\/2023\\\/12\\\/cropped-Logo-Gvtarra-2017-min-scaled.png\",\"contentUrl\":\"https:\\\/\\\/www.gvtarra.com\\\/tienda\\\/wp-content\\\/uploads\\\/2023\\\/12\\\/cropped-Logo-Gvtarra-2017-min-scaled.png\",\"width\":2560,\"height\":1315,\"caption\":\"Tienda Gvtarra\"},\"image\":{\"@id\":\"https:\\\/\\\/www.gvtarra.com\\\/tienda\\\/#\\\/schema\\\/logo\\\/image\\\/\"}}]}<\/script>\n<!-- \/ Yoast SEO Premium plugin. -->","yoast_head_json":{"title":"Jud\u00edas Amarillas (6u) - Tienda Gvtarra","robots":{"index":"index","follow":"follow","max-snippet":"max-snippet:-1","max-image-preview":"max-image-preview:large","max-video-preview":"max-video-preview:-1"},"canonical":"https:\/\/www.gvtarra.com\/tienda\/product\/hoy-no-cocino\/judias-amarillas\/","og_locale":"es_ES","og_type":"article","og_title":"Jud\u00edas Amarillas (6u)","og_description":"\u00bfTe encantan nuestras jud\u00edas verdes? Pues est\u00e1s de suerte porque\u2026 \u00a1las nuevas jud\u00edas de Gvtarra son ahora amarillas!.  D\u00e9jate llevar por su ternura y suave sabor y ponle color a tus platos de una forma s\u00faper divertida, sabrosa y nutritiva.  Pru\u00e9balas de mil maneras: salteadas, en ensalada o con nuestro nuevo tomate frito y prep\u00e1rate unos deliciosos espaguetis veggie.  PRODUCTOS INCLUIDOS (6 UNIDADES)  Jud\u00edas Amarillas (6 unidades)  &nbsp;","og_url":"https:\/\/www.gvtarra.com\/tienda\/product\/hoy-no-cocino\/judias-amarillas\/","og_site_name":"Tienda Gvtarra","article_modified_time":"2026-03-03T12:26:51+00:00","og_image":[{"width":1801,"height":1200,"url":"https:\/\/www.gvtarra.com\/tienda\/wp-content\/uploads\/2024\/09\/judia-amarilla-1.jpg","type":"image\/jpeg"}],"twitter_card":"summary_large_image","twitter_misc":{"Tiempo de lectura":"1 minuto"},"schema":{"@context":"https:\/\/schema.org","@graph":[{"@type":"WebPage","@id":"https:\/\/www.gvtarra.com\/tienda\/product\/hoy-no-cocino\/judias-amarillas\/","url":"https:\/\/www.gvtarra.com\/tienda\/product\/hoy-no-cocino\/judias-amarillas\/","name":"Jud\u00edas Amarillas (6u) - Tienda Gvtarra","isPartOf":{"@id":"https:\/\/www.gvtarra.com\/tienda\/#website"},"primaryImageOfPage":{"@id":"https:\/\/www.gvtarra.com\/tienda\/product\/hoy-no-cocino\/judias-amarillas\/#primaryimage"},"image":{"@id":"https:\/\/www.gvtarra.com\/tienda\/product\/hoy-no-cocino\/judias-amarillas\/#primaryimage"},"thumbnailUrl":"https:\/\/www.gvtarra.com\/tienda\/wp-content\/uploads\/2024\/09\/judia-amarilla-1.jpg","datePublished":"2024-09-02T05:57:54+00:00","dateModified":"2026-03-03T12:26:51+00:00","breadcrumb":{"@id":"https:\/\/www.gvtarra.com\/tienda\/product\/hoy-no-cocino\/judias-amarillas\/#breadcrumb"},"inLanguage":"es","potentialAction":[{"@type":"ReadAction","target":["https:\/\/www.gvtarra.com\/tienda\/product\/hoy-no-cocino\/judias-amarillas\/"]}]},{"@type":"ImageObject","inLanguage":"es","@id":"https:\/\/www.gvtarra.com\/tienda\/product\/hoy-no-cocino\/judias-amarillas\/#primaryimage","url":"https:\/\/www.gvtarra.com\/tienda\/wp-content\/uploads\/2024\/09\/judia-amarilla-1.jpg","contentUrl":"https:\/\/www.gvtarra.com\/tienda\/wp-content\/uploads\/2024\/09\/judia-amarilla-1.jpg","width":1801,"height":1200},{"@type":"BreadcrumbList","@id":"https:\/\/www.gvtarra.com\/tienda\/product\/hoy-no-cocino\/judias-amarillas\/#breadcrumb","itemListElement":[{"@type":"ListItem","position":1,"name":"Portada","item":"https:\/\/www.gvtarra.com\/tienda\/"},{"@type":"ListItem","position":2,"name":"Tienda","item":"https:\/\/www.gvtarra.com\/tienda\/comprar\/"},{"@type":"ListItem","position":3,"name":"Jud\u00edas Amarillas (6u)"}]},{"@type":"WebSite","@id":"https:\/\/www.gvtarra.com\/tienda\/#website","url":"https:\/\/www.gvtarra.com\/tienda\/","name":"Tienda Gvtarra","description":"","publisher":{"@id":"https:\/\/www.gvtarra.com\/tienda\/#organization"},"potentialAction":[{"@type":"SearchAction","target":{"@type":"EntryPoint","urlTemplate":"https:\/\/www.gvtarra.com\/tienda\/?s={search_term_string}"},"query-input":{"@type":"PropertyValueSpecification","valueRequired":true,"valueName":"search_term_string"}}],"inLanguage":"es"},{"@type":"Organization","@id":"https:\/\/www.gvtarra.com\/tienda\/#organization","name":"Tienda Gvtarra","url":"https:\/\/www.gvtarra.com\/tienda\/","logo":{"@type":"ImageObject","inLanguage":"es","@id":"https:\/\/www.gvtarra.com\/tienda\/#\/schema\/logo\/image\/","url":"https:\/\/www.gvtarra.com\/tienda\/wp-content\/uploads\/2023\/12\/cropped-Logo-Gvtarra-2017-min-scaled.png","contentUrl":"https:\/\/www.gvtarra.com\/tienda\/wp-content\/uploads\/2023\/12\/cropped-Logo-Gvtarra-2017-min-scaled.png","width":2560,"height":1315,"caption":"Tienda Gvtarra"},"image":{"@id":"https:\/\/www.gvtarra.com\/tienda\/#\/schema\/logo\/image\/"}}]}},"_links":{"self":[{"href":"https:\/\/www.gvtarra.com\/tienda\/wp-json\/wp\/v2\/product\/7346","targetHints":{"allow":["GET"]}}],"collection":[{"href":"https:\/\/www.gvtarra.com\/tienda\/wp-json\/wp\/v2\/product"}],"about":[{"href":"https:\/\/www.gvtarra.com\/tienda\/wp-json\/wp\/v2\/types\/product"}],"replies":[{"embeddable":true,"href":"https:\/\/www.gvtarra.com\/tienda\/wp-json\/wp\/v2\/comments?post=7346"}],"version-history":[{"count":13,"href":"https:\/\/www.gvtarra.com\/tienda\/wp-json\/wp\/v2\/product\/7346\/revisions"}],"predecessor-version":[{"id":17393,"href":"https:\/\/www.gvtarra.com\/tienda\/wp-json\/wp\/v2\/product\/7346\/revisions\/17393"}],"wp:featuredmedia":[{"embeddable":true,"href":"https:\/\/www.gvtarra.com\/tienda\/wp-json\/wp\/v2\/media\/16667"}],"wp:attachment":[{"href":"https:\/\/www.gvtarra.com\/tienda\/wp-json\/wp\/v2\/media?parent=7346"}],"wp:term":[{"taxonomy":"product_brand","embeddable":true,"href":"https:\/\/www.gvtarra.com\/tienda\/wp-json\/wp\/v2\/product_brand?post=7346"},{"taxonomy":"product_cat","embeddable":true,"href":"https:\/\/www.gvtarra.com\/tienda\/wp-json\/wp\/v2\/product_cat?post=7346"},{"taxonomy":"product_tag","embeddable":true,"href":"https:\/\/www.gvtarra.com\/tienda\/wp-json\/wp\/v2\/product_tag?post=7346"}],"curies":[{"name":"wp","href":"https:\/\/api.w.org\/{rel}","templated":true}]}}