{"id":7471,"date":"2024-09-02T15:13:18","date_gmt":"2024-09-02T13:13:18","guid":{"rendered":"https:\/\/www.gvtarra.com\/tienda\/?post_type=product&#038;p=7471"},"modified":"2026-01-26T13:19:29","modified_gmt":"2026-01-26T12:19:29","slug":"platos-cucharra-2","status":"publish","type":"product","link":"https:\/\/www.gvtarra.com\/tienda\/product\/hoy-no-cocino\/platos-cucharra-2\/","title":{"rendered":"Platos CuchaRRA"},"content":{"rendered":"\t\t<div data-elementor-type=\"product-post\" data-elementor-id=\"7471\" class=\"elementor elementor-7471\" data-elementor-post-type=\"product\">\n\t\t\t\t\t\t<section class=\"elementor-section elementor-top-section elementor-element elementor-element-30ae3d75 elementor-section-boxed elementor-section-height-default elementor-section-height-default\" data-id=\"30ae3d75\" data-element_type=\"section\" data-e-type=\"section\">\n\t\t\t\t\t\t<div class=\"elementor-container elementor-column-gap-default\">\n\t\t\t\t\t<div class=\"elementor-column elementor-col-100 elementor-top-column elementor-element elementor-element-6256f7ac\" data-id=\"6256f7ac\" data-element_type=\"column\" data-e-type=\"column\">\n\t\t\t<div class=\"elementor-widget-wrap elementor-element-populated\">\n\t\t\t\t\t\t<div class=\"elementor-element elementor-element-25a7924f elementor-widget elementor-widget-text-editor\" data-id=\"25a7924f\" data-element_type=\"widget\" data-e-type=\"widget\" data-widget_type=\"text-editor.default\">\n\t\t\t\t<div class=\"elementor-widget-container\">\n\t\t\t\t\t\t\t\t\t<h5>CARDO<\/h5><p>INGREDIENTES: Cardo, agua, sal y antioxidante: \u00e1cido asc\u00f3rbico.<\/p><p>Peso neto (gr): 660<\/p><p>Peso escurrido (gr): 400<\/p><h5>BORRAJA<\/h5><p>INGREDIENTES: Borraja, agua, sal y antioxidante: a\u0301cido asco\u0301rbico<\/p><p>Peso neto (gr): 660<\/p><p>Peso escurrido (gr): 400<\/p><h5>POCHAS FRESCAS DE NAVARRA<\/h5><p>INGREDIENTES: Alubias pochas, agua, sal antioxidante: E-223. Contiene sulfitos.<\/p><p>Peso neto (gr): 650<\/p><p>Peso escurrido (gr): 400<\/p>\t\t\t\t\t\t\t\t<\/div>\n\t\t\t\t<\/div>\n\t\t\t\t\t<\/div>\n\t\t<\/div>\n\t\t\t\t\t<\/div>\n\t\t<\/section>\n\t\t\t\t<\/div>\n\t\t","protected":false},"excerpt":{"rendered":"<p>\u00bfFan de las pochas frescas de Gvtarra? Entonces no te puedes perder este fant\u00e1stico lote para que puedas cocinar tus pochas al m\u00e1s puro estilo navarro. Combin\u00e1ndolas con cardo o con borraja&#8230;.\u00a1Riqu\u00edsimas!<\/p>\n<p>P.D: Sigue nuestra <a href=\"https:\/\/www.gvtarra.com\/recetas\/pochas-con-cardo\/\">receta de pochas con cardo<\/a><\/p>\n<p><strong>PRODUCTOS INCLUIDOS (6 UNIDADES)<\/strong><\/p>\n<p><a href=\"https:\/\/www.gvtarra.com\/nuestros-productos\/las-navarricas\/cardo\/\">Cardo (1)<\/a><\/p>\n<p><a href=\"https:\/\/www.gvtarra.com\/nuestros-productos\/las-navarricas\/borraja\/\">Borrajas (1)<\/a><\/p>\n<p><a href=\"https:\/\/www.gvtarra.com\/nuestros-productos\/las-navarricas\/pochas-de-navarra\/\">Pochas Frescas Navarra (4)<\/a><\/p>\n<p>&nbsp;<\/p>\n","protected":false},"featured_media":9848,"comment_status":"open","ping_status":"closed","template":"","meta":{"_joinchat":[]},"product_brand":[],"product_cat":[22,20,23],"product_tag":[],"class_list":{"0":"post-7471","1":"product","2":"type-product","3":"status-publish","4":"has-post-thumbnail","6":"product_cat-cardo","7":"product_cat-hoy-no-cocino","8":"product_cat-pochas","10":"first","11":"instock","12":"featured","13":"taxable","14":"shipping-taxable","15":"purchasable","16":"product-type-simple"},"yoast_head":"<!-- This site is optimized with the Yoast SEO Premium plugin v21.5 (Yoast SEO v27.2) - https:\/\/yoast.com\/product\/yoast-seo-premium-wordpress\/ -->\n<title>Platos CuchaRRA - Tienda Gvtarra<\/title>\n<meta name=\"robots\" content=\"index, follow, max-snippet:-1, max-image-preview:large, max-video-preview:-1\" \/>\n<link rel=\"canonical\" href=\"https:\/\/www.gvtarra.com\/tienda\/product\/hoy-no-cocino\/platos-cucharra-2\/\" \/>\n<meta property=\"og:locale\" content=\"es_ES\" \/>\n<meta property=\"og:type\" content=\"article\" \/>\n<meta property=\"og:title\" content=\"Platos CuchaRRA\" \/>\n<meta property=\"og:description\" content=\"\u00bfFan de las pochas frescas de Gvtarra? Entonces no te puedes perder este fant\u00e1stico lote para que puedas cocinar tus pochas al m\u00e1s puro estilo navarro. Combin\u00e1ndolas con cardo o con borraja....\u00a1Riqu\u00edsimas!  P.D: Sigue nuestra receta de pochas con cardo  PRODUCTOS INCLUIDOS (6 UNIDADES)  Cardo (1)  Borrajas (1)  Pochas Frescas Navarra (4)  &nbsp;\" \/>\n<meta property=\"og:url\" content=\"https:\/\/www.gvtarra.com\/tienda\/product\/hoy-no-cocino\/platos-cucharra-2\/\" \/>\n<meta property=\"og:site_name\" content=\"Tienda Gvtarra\" \/>\n<meta property=\"article:modified_time\" content=\"2026-01-26T12:19:29+00:00\" \/>\n<meta property=\"og:image\" content=\"https:\/\/www.gvtarra.com\/tienda\/wp-content\/uploads\/2024\/03\/2023.04.28_platos-cucharra-2.jpg\" \/>\n\t<meta property=\"og:image:width\" content=\"2000\" \/>\n\t<meta property=\"og:image:height\" content=\"1334\" \/>\n\t<meta property=\"og:image:type\" content=\"image\/jpeg\" \/>\n<meta name=\"twitter:card\" content=\"summary_large_image\" \/>\n<script type=\"application\/ld+json\" class=\"yoast-schema-graph\">{\"@context\":\"https:\/\/schema.org\",\"@graph\":[{\"@type\":\"WebPage\",\"@id\":\"https:\/\/www.gvtarra.com\/tienda\/product\/hoy-no-cocino\/platos-cucharra-2\/\",\"url\":\"https:\/\/www.gvtarra.com\/tienda\/product\/hoy-no-cocino\/platos-cucharra-2\/\",\"name\":\"Platos CuchaRRA - Tienda Gvtarra\",\"isPartOf\":{\"@id\":\"https:\/\/www.gvtarra.com\/tienda\/#website\"},\"primaryImageOfPage\":{\"@id\":\"https:\/\/www.gvtarra.com\/tienda\/product\/hoy-no-cocino\/platos-cucharra-2\/#primaryimage\"},\"image\":{\"@id\":\"https:\/\/www.gvtarra.com\/tienda\/product\/hoy-no-cocino\/platos-cucharra-2\/#primaryimage\"},\"thumbnailUrl\":\"https:\/\/www.gvtarra.com\/tienda\/wp-content\/uploads\/2024\/03\/2023.04.28_platos-cucharra-2.jpg\",\"datePublished\":\"2024-09-02T13:13:18+00:00\",\"dateModified\":\"2026-01-26T12:19:29+00:00\",\"breadcrumb\":{\"@id\":\"https:\/\/www.gvtarra.com\/tienda\/product\/hoy-no-cocino\/platos-cucharra-2\/#breadcrumb\"},\"inLanguage\":\"es\",\"potentialAction\":[{\"@type\":\"ReadAction\",\"target\":[\"https:\/\/www.gvtarra.com\/tienda\/product\/hoy-no-cocino\/platos-cucharra-2\/\"]}]},{\"@type\":\"ImageObject\",\"inLanguage\":\"es\",\"@id\":\"https:\/\/www.gvtarra.com\/tienda\/product\/hoy-no-cocino\/platos-cucharra-2\/#primaryimage\",\"url\":\"https:\/\/www.gvtarra.com\/tienda\/wp-content\/uploads\/2024\/03\/2023.04.28_platos-cucharra-2.jpg\",\"contentUrl\":\"https:\/\/www.gvtarra.com\/tienda\/wp-content\/uploads\/2024\/03\/2023.04.28_platos-cucharra-2.jpg\",\"width\":2000,\"height\":1334},{\"@type\":\"BreadcrumbList\",\"@id\":\"https:\/\/www.gvtarra.com\/tienda\/product\/hoy-no-cocino\/platos-cucharra-2\/#breadcrumb\",\"itemListElement\":[{\"@type\":\"ListItem\",\"position\":1,\"name\":\"Portada\",\"item\":\"https:\/\/www.gvtarra.com\/tienda\/\"},{\"@type\":\"ListItem\",\"position\":2,\"name\":\"Tienda\",\"item\":\"https:\/\/www.gvtarra.com\/tienda\/comprar\/\"},{\"@type\":\"ListItem\",\"position\":3,\"name\":\"Platos CuchaRRA\"}]},{\"@type\":\"WebSite\",\"@id\":\"https:\/\/www.gvtarra.com\/tienda\/#website\",\"url\":\"https:\/\/www.gvtarra.com\/tienda\/\",\"name\":\"Tienda Gvtarra\",\"description\":\"\",\"publisher\":{\"@id\":\"https:\/\/www.gvtarra.com\/tienda\/#organization\"},\"potentialAction\":[{\"@type\":\"SearchAction\",\"target\":{\"@type\":\"EntryPoint\",\"urlTemplate\":\"https:\/\/www.gvtarra.com\/tienda\/?s={search_term_string}\"},\"query-input\":{\"@type\":\"PropertyValueSpecification\",\"valueRequired\":true,\"valueName\":\"search_term_string\"}}],\"inLanguage\":\"es\"},{\"@type\":\"Organization\",\"@id\":\"https:\/\/www.gvtarra.com\/tienda\/#organization\",\"name\":\"Tienda Gvtarra\",\"url\":\"https:\/\/www.gvtarra.com\/tienda\/\",\"logo\":{\"@type\":\"ImageObject\",\"inLanguage\":\"es\",\"@id\":\"https:\/\/www.gvtarra.com\/tienda\/#\/schema\/logo\/image\/\",\"url\":\"https:\/\/www.gvtarra.com\/tienda\/wp-content\/uploads\/2023\/12\/cropped-Logo-Gvtarra-2017-min-scaled.png\",\"contentUrl\":\"https:\/\/www.gvtarra.com\/tienda\/wp-content\/uploads\/2023\/12\/cropped-Logo-Gvtarra-2017-min-scaled.png\",\"width\":2560,\"height\":1315,\"caption\":\"Tienda Gvtarra\"},\"image\":{\"@id\":\"https:\/\/www.gvtarra.com\/tienda\/#\/schema\/logo\/image\/\"}}]}<\/script>\n<!-- \/ Yoast SEO Premium plugin. -->","yoast_head_json":{"title":"Platos CuchaRRA - Tienda Gvtarra","robots":{"index":"index","follow":"follow","max-snippet":"max-snippet:-1","max-image-preview":"max-image-preview:large","max-video-preview":"max-video-preview:-1"},"canonical":"https:\/\/www.gvtarra.com\/tienda\/product\/hoy-no-cocino\/platos-cucharra-2\/","og_locale":"es_ES","og_type":"article","og_title":"Platos CuchaRRA","og_description":"\u00bfFan de las pochas frescas de Gvtarra? Entonces no te puedes perder este fant\u00e1stico lote para que puedas cocinar tus pochas al m\u00e1s puro estilo navarro. Combin\u00e1ndolas con cardo o con borraja....\u00a1Riqu\u00edsimas!  P.D: Sigue nuestra receta de pochas con cardo  PRODUCTOS INCLUIDOS (6 UNIDADES)  Cardo (1)  Borrajas (1)  Pochas Frescas Navarra (4)  &nbsp;","og_url":"https:\/\/www.gvtarra.com\/tienda\/product\/hoy-no-cocino\/platos-cucharra-2\/","og_site_name":"Tienda Gvtarra","article_modified_time":"2026-01-26T12:19:29+00:00","og_image":[{"width":2000,"height":1334,"url":"https:\/\/www.gvtarra.com\/tienda\/wp-content\/uploads\/2024\/03\/2023.04.28_platos-cucharra-2.jpg","type":"image\/jpeg"}],"twitter_card":"summary_large_image","schema":{"@context":"https:\/\/schema.org","@graph":[{"@type":"WebPage","@id":"https:\/\/www.gvtarra.com\/tienda\/product\/hoy-no-cocino\/platos-cucharra-2\/","url":"https:\/\/www.gvtarra.com\/tienda\/product\/hoy-no-cocino\/platos-cucharra-2\/","name":"Platos CuchaRRA - Tienda Gvtarra","isPartOf":{"@id":"https:\/\/www.gvtarra.com\/tienda\/#website"},"primaryImageOfPage":{"@id":"https:\/\/www.gvtarra.com\/tienda\/product\/hoy-no-cocino\/platos-cucharra-2\/#primaryimage"},"image":{"@id":"https:\/\/www.gvtarra.com\/tienda\/product\/hoy-no-cocino\/platos-cucharra-2\/#primaryimage"},"thumbnailUrl":"https:\/\/www.gvtarra.com\/tienda\/wp-content\/uploads\/2024\/03\/2023.04.28_platos-cucharra-2.jpg","datePublished":"2024-09-02T13:13:18+00:00","dateModified":"2026-01-26T12:19:29+00:00","breadcrumb":{"@id":"https:\/\/www.gvtarra.com\/tienda\/product\/hoy-no-cocino\/platos-cucharra-2\/#breadcrumb"},"inLanguage":"es","potentialAction":[{"@type":"ReadAction","target":["https:\/\/www.gvtarra.com\/tienda\/product\/hoy-no-cocino\/platos-cucharra-2\/"]}]},{"@type":"ImageObject","inLanguage":"es","@id":"https:\/\/www.gvtarra.com\/tienda\/product\/hoy-no-cocino\/platos-cucharra-2\/#primaryimage","url":"https:\/\/www.gvtarra.com\/tienda\/wp-content\/uploads\/2024\/03\/2023.04.28_platos-cucharra-2.jpg","contentUrl":"https:\/\/www.gvtarra.com\/tienda\/wp-content\/uploads\/2024\/03\/2023.04.28_platos-cucharra-2.jpg","width":2000,"height":1334},{"@type":"BreadcrumbList","@id":"https:\/\/www.gvtarra.com\/tienda\/product\/hoy-no-cocino\/platos-cucharra-2\/#breadcrumb","itemListElement":[{"@type":"ListItem","position":1,"name":"Portada","item":"https:\/\/www.gvtarra.com\/tienda\/"},{"@type":"ListItem","position":2,"name":"Tienda","item":"https:\/\/www.gvtarra.com\/tienda\/comprar\/"},{"@type":"ListItem","position":3,"name":"Platos CuchaRRA"}]},{"@type":"WebSite","@id":"https:\/\/www.gvtarra.com\/tienda\/#website","url":"https:\/\/www.gvtarra.com\/tienda\/","name":"Tienda Gvtarra","description":"","publisher":{"@id":"https:\/\/www.gvtarra.com\/tienda\/#organization"},"potentialAction":[{"@type":"SearchAction","target":{"@type":"EntryPoint","urlTemplate":"https:\/\/www.gvtarra.com\/tienda\/?s={search_term_string}"},"query-input":{"@type":"PropertyValueSpecification","valueRequired":true,"valueName":"search_term_string"}}],"inLanguage":"es"},{"@type":"Organization","@id":"https:\/\/www.gvtarra.com\/tienda\/#organization","name":"Tienda Gvtarra","url":"https:\/\/www.gvtarra.com\/tienda\/","logo":{"@type":"ImageObject","inLanguage":"es","@id":"https:\/\/www.gvtarra.com\/tienda\/#\/schema\/logo\/image\/","url":"https:\/\/www.gvtarra.com\/tienda\/wp-content\/uploads\/2023\/12\/cropped-Logo-Gvtarra-2017-min-scaled.png","contentUrl":"https:\/\/www.gvtarra.com\/tienda\/wp-content\/uploads\/2023\/12\/cropped-Logo-Gvtarra-2017-min-scaled.png","width":2560,"height":1315,"caption":"Tienda Gvtarra"},"image":{"@id":"https:\/\/www.gvtarra.com\/tienda\/#\/schema\/logo\/image\/"}}]}},"_links":{"self":[{"href":"https:\/\/www.gvtarra.com\/tienda\/wp-json\/wp\/v2\/product\/7471","targetHints":{"allow":["GET"]}}],"collection":[{"href":"https:\/\/www.gvtarra.com\/tienda\/wp-json\/wp\/v2\/product"}],"about":[{"href":"https:\/\/www.gvtarra.com\/tienda\/wp-json\/wp\/v2\/types\/product"}],"replies":[{"embeddable":true,"href":"https:\/\/www.gvtarra.com\/tienda\/wp-json\/wp\/v2\/comments?post=7471"}],"version-history":[{"count":9,"href":"https:\/\/www.gvtarra.com\/tienda\/wp-json\/wp\/v2\/product\/7471\/revisions"}],"predecessor-version":[{"id":17064,"href":"https:\/\/www.gvtarra.com\/tienda\/wp-json\/wp\/v2\/product\/7471\/revisions\/17064"}],"wp:featuredmedia":[{"embeddable":true,"href":"https:\/\/www.gvtarra.com\/tienda\/wp-json\/wp\/v2\/media\/9848"}],"wp:attachment":[{"href":"https:\/\/www.gvtarra.com\/tienda\/wp-json\/wp\/v2\/media?parent=7471"}],"wp:term":[{"taxonomy":"product_brand","embeddable":true,"href":"https:\/\/www.gvtarra.com\/tienda\/wp-json\/wp\/v2\/product_brand?post=7471"},{"taxonomy":"product_cat","embeddable":true,"href":"https:\/\/www.gvtarra.com\/tienda\/wp-json\/wp\/v2\/product_cat?post=7471"},{"taxonomy":"product_tag","embeddable":true,"href":"https:\/\/www.gvtarra.com\/tienda\/wp-json\/wp\/v2\/product_tag?post=7471"}],"curies":[{"name":"wp","href":"https:\/\/api.w.org\/{rel}","templated":true}]}}