{"id":792,"date":"2024-09-02T15:36:26","date_gmt":"2024-09-02T13:36:26","guid":{"rendered":"https:\/\/www.gvtarra.com\/tienda\/?post_type=product&#038;p=792"},"modified":"2025-11-05T14:04:05","modified_gmt":"2025-11-05T13:04:05","slug":"platos-cucharra","status":"publish","type":"product","link":"https:\/\/www.gvtarra.com\/tienda\/product\/hoy-no-cocino\/platos-cucharra\/","title":{"rendered":"Pochas a la Navarra"},"content":{"rendered":"<h4><strong>POCHAS FRECAS CON FRITADA<\/strong><\/h4>\n<p>INGREDIENTES: Alubias pochas, agua, sal antioxidante: E-223. Contiene sulfitos.<\/p>\n<h4><strong>INFORMACI\u00d3N NUTRICIONAL<\/strong><\/h4>\n<table style=\"height: 242px;\" width=\"349\">\n<tbody>\n<tr>\n<td>Valor energ\u00e9tico<\/td>\n<td>301 kJ \/ 72 kcal<\/td>\n<\/tr>\n<tr>\n<td>Grasas<\/td>\n<td>\u00a00 g<\/td>\n<\/tr>\n<tr>\n<td>de las cuales saturadas<\/td>\n<td>0 g<\/td>\n<\/tr>\n<tr>\n<td>Hidratos de carbono<\/td>\n<td>10,4 g<\/td>\n<\/tr>\n<tr>\n<td>de los cuales az\u00facares<\/td>\n<td>0,5 g<\/td>\n<\/tr>\n<tr>\n<td>Fibra alimentaria<\/td>\n<td>5,6 g<\/td>\n<\/tr>\n<tr>\n<td>Prote\u00ednas<\/td>\n<td>4,7 g<\/td>\n<\/tr>\n<tr>\n<td>Sal<\/td>\n<td>\u00a00,70 g<\/td>\n<\/tr>\n<\/tbody>\n<\/table>\n<p>Valores nutricionales por 100g de producto<\/p>\n<p>Peso neto (gr): 560<\/p>\n<p>Peso escurrido (gr): 400<\/p>\n<h4>FRITADA<\/h4>\n<p>INGREDIENTES: Tomate, pimiento, cebolla, aceite de girasol, az\u00facar, sal, ajo, estabilizante: E-412 y E-415 y acidulante: \u00e1cido c\u00edtrico.<\/p>\n<table style=\"height: 242px;\" width=\"349\">\n<tbody>\n<tr>\n<td>Valor energ\u00e9tico<\/td>\n<td>258 kJ \/ 62 kcal<\/td>\n<\/tr>\n<tr>\n<td>Grasas<\/td>\n<td>3,3 g<\/td>\n<\/tr>\n<tr>\n<td>de las cuales saturadas<\/td>\n<td>0,54 g<\/td>\n<\/tr>\n<tr>\n<td>Hidratos de carbono<\/td>\n<td>6,1 g<\/td>\n<\/tr>\n<tr>\n<td>de los cuales az\u00facares<\/td>\n<td>5,2 g<\/td>\n<\/tr>\n<tr>\n<td>Fibra alimentaria<\/td>\n<td>1,7 g<\/td>\n<\/tr>\n<tr>\n<td>Prote\u00ednas<\/td>\n<td>1,08 g<\/td>\n<\/tr>\n<tr>\n<td>Sal<\/td>\n<td>1,66 g<\/td>\n<\/tr>\n<\/tbody>\n<\/table>\n<p>Valores nutricionales por 100g de producto<\/p>\n<p>Peso neto (gr): 660<\/p>\n<p>Peso escurrido (gr): 660<\/p>\n<h4>BORRAJA<\/h4>\n<p>INGREDIENTES: Borraja, agua, sal y antioxidante: a\u0301cido asco\u0301rbico.<\/p>\n<table style=\"height: 242px;\" width=\"349\">\n<tbody>\n<tr>\n<td>Valor energ\u00e9tico<\/td>\n<td>26 kJ \/ 6 kcal<\/td>\n<\/tr>\n<tr>\n<td>Grasas<\/td>\n<td>0g<\/td>\n<\/tr>\n<tr>\n<td>de las cuales saturadas<\/td>\n<td>0 g<\/td>\n<\/tr>\n<tr>\n<td>Hidratos de carbono<\/td>\n<td>0,9 g<\/td>\n<\/tr>\n<tr>\n<td>de los cuales az\u00facares<\/td>\n<td>0 g<\/td>\n<\/tr>\n<tr>\n<td>Fibra alimentaria<\/td>\n<td>1,0 g<\/td>\n<\/tr>\n<tr>\n<td>Prote\u00ednas<\/td>\n<td>\u00a00 g<\/td>\n<\/tr>\n<tr>\n<td>Sal<\/td>\n<td>0,7g<\/td>\n<\/tr>\n<\/tbody>\n<\/table>\n<p>Valores nutricionales por 100g de producto<\/p>\n<p>Peso neto (gr): 660<\/p>\n<p>Peso escurrido (gr): 400<\/p>\n<p>&nbsp;<\/p>\n","protected":false},"excerpt":{"rendered":"<p>Descubre nuestra deliciosa propuestas de Pochas con Fritada y Borraja. \u00a1Una manera f\u00e1cil y r\u00e1pida de disfrutar del sabor y calidad de nuestras Pochas en una de las recetas mas populares de la cocina Navarra!<\/p>\n<p>\u00a1Animate a prepara una deliciosa receta de Pochas frescas a la Navarra con este lote!<\/p>\n<p>Para su elaboraci\u00f3n\u00a0 solo tendr\u00e1s que mezclar en una cazuela, 2 tarros de Pochas con 1\/3 de Fritada y 1 tarro de Borraja previamene bien escurrido. Calienta a fuego medio durante unos minutos y listo!<\/p>\n<p>Comer caliente, rico y saludable nunca ha sido tan f\u00e1cil y r\u00e1pido.<\/p>\n<p>P.D. Si todav\u00eda tienes dudas de como elaborar este delicioso plato, te dejamos la receta paso a paso en este <a href=\"https:\/\/www.gvtarra.com\/recetas\/pochas-con-borraja-y-verduras-asadas\/\">link<\/a>.<\/p>\n<h4>PRODUCTOS INCLUIDOS (6 UNIDADES)<\/h4>\n<p><a href=\"https:\/\/www.gvtarra.com\/nuestros-productos\/las-navarricas\/pochas-de-navarra\/\">Pochas frescas de Navarra (4)<\/a><\/p>\n<p><a href=\"https:\/\/www.gvtarra.com\/nuestros-productos\/tomate-una-salsa\/fritada-aove\/\">Fritada (1)<\/a><\/p>\n<p><a href=\"https:\/\/www.gvtarra.com\/nuestros-productos\/las-navarricas\/borraja\/\">Borraja (1)<\/a><\/p>\n","protected":false},"featured_media":7467,"comment_status":"open","ping_status":"closed","template":"","meta":{"_joinchat":[]},"product_brand":[],"product_cat":[20,23],"product_tag":[],"class_list":{"0":"post-792","1":"product","2":"type-product","3":"status-publish","4":"has-post-thumbnail","6":"product_cat-hoy-no-cocino","7":"product_cat-pochas","9":"first","10":"outofstock","11":"featured","12":"taxable","13":"shipping-taxable","14":"purchasable","15":"product-type-simple"},"yoast_head":"<!-- This site is optimized with the Yoast SEO Premium plugin v21.5 (Yoast SEO v27.2) - https:\/\/yoast.com\/product\/yoast-seo-premium-wordpress\/ -->\n<title>Pochas a la Navarra - Tienda Gvtarra<\/title>\n<meta name=\"robots\" content=\"index, follow, max-snippet:-1, max-image-preview:large, max-video-preview:-1\" \/>\n<link rel=\"canonical\" href=\"https:\/\/www.gvtarra.com\/tienda\/product\/hoy-no-cocino\/platos-cucharra\/\" \/>\n<meta property=\"og:locale\" content=\"es_ES\" \/>\n<meta property=\"og:type\" content=\"article\" \/>\n<meta property=\"og:title\" content=\"Pochas a la Navarra\" \/>\n<meta property=\"og:description\" content=\"Descubre nuestra deliciosa propuestas de Pochas con Fritada y Borraja. \u00a1Una manera f\u00e1cil y r\u00e1pida de disfrutar del sabor y calidad de nuestras Pochas en una de las recetas mas populares de la cocina Navarra!  \u00a1Animate a prepara una deliciosa receta de Pochas frescas a la Navarra con este lote!  Para su elaboraci\u00f3n\u00a0 solo tendr\u00e1s que mezclar en una cazuela, 2 tarros de Pochas con 1\/3 de Fritada y 1 tarro de Borraja previamene bien escurrido. Calienta a fuego medio durante unos minutos y listo!  Comer caliente, rico y saludable nunca ha sido tan f\u00e1cil y r\u00e1pido.  P.D. Si todav\u00eda tienes dudas de como elaborar este delicioso plato, te dejamos la receta paso a paso en este link. PRODUCTOS INCLUIDOS (6 UNIDADES) Pochas frescas de Navarra (4)  Fritada (1)  Borraja (1)\" \/>\n<meta property=\"og:url\" content=\"https:\/\/www.gvtarra.com\/tienda\/product\/hoy-no-cocino\/platos-cucharra\/\" \/>\n<meta property=\"og:site_name\" content=\"Tienda Gvtarra\" \/>\n<meta property=\"article:modified_time\" content=\"2025-11-05T13:04:05+00:00\" \/>\n<meta property=\"og:image\" content=\"https:\/\/www.gvtarra.com\/tienda\/wp-content\/uploads\/2021\/02\/2023.04.28_Gvtarra-1-scaled.jpg\" \/>\n\t<meta property=\"og:image:width\" content=\"2560\" \/>\n\t<meta property=\"og:image:height\" content=\"1707\" \/>\n\t<meta property=\"og:image:type\" content=\"image\/jpeg\" \/>\n<meta name=\"twitter:card\" content=\"summary_large_image\" \/>\n<meta name=\"twitter:label1\" content=\"Tiempo de lectura\" \/>\n\t<meta name=\"twitter:data1\" content=\"2 minutos\" \/>\n<script type=\"application\/ld+json\" class=\"yoast-schema-graph\">{\"@context\":\"https:\/\/schema.org\",\"@graph\":[{\"@type\":\"WebPage\",\"@id\":\"https:\/\/www.gvtarra.com\/tienda\/product\/hoy-no-cocino\/platos-cucharra\/\",\"url\":\"https:\/\/www.gvtarra.com\/tienda\/product\/hoy-no-cocino\/platos-cucharra\/\",\"name\":\"Pochas a la Navarra - Tienda Gvtarra\",\"isPartOf\":{\"@id\":\"https:\/\/www.gvtarra.com\/tienda\/#website\"},\"primaryImageOfPage\":{\"@id\":\"https:\/\/www.gvtarra.com\/tienda\/product\/hoy-no-cocino\/platos-cucharra\/#primaryimage\"},\"image\":{\"@id\":\"https:\/\/www.gvtarra.com\/tienda\/product\/hoy-no-cocino\/platos-cucharra\/#primaryimage\"},\"thumbnailUrl\":\"https:\/\/www.gvtarra.com\/tienda\/wp-content\/uploads\/2021\/02\/2023.04.28_Gvtarra-1-scaled.jpg\",\"datePublished\":\"2024-09-02T13:36:26+00:00\",\"dateModified\":\"2025-11-05T13:04:05+00:00\",\"breadcrumb\":{\"@id\":\"https:\/\/www.gvtarra.com\/tienda\/product\/hoy-no-cocino\/platos-cucharra\/#breadcrumb\"},\"inLanguage\":\"es\",\"potentialAction\":[{\"@type\":\"ReadAction\",\"target\":[\"https:\/\/www.gvtarra.com\/tienda\/product\/hoy-no-cocino\/platos-cucharra\/\"]}]},{\"@type\":\"ImageObject\",\"inLanguage\":\"es\",\"@id\":\"https:\/\/www.gvtarra.com\/tienda\/product\/hoy-no-cocino\/platos-cucharra\/#primaryimage\",\"url\":\"https:\/\/www.gvtarra.com\/tienda\/wp-content\/uploads\/2021\/02\/2023.04.28_Gvtarra-1-scaled.jpg\",\"contentUrl\":\"https:\/\/www.gvtarra.com\/tienda\/wp-content\/uploads\/2021\/02\/2023.04.28_Gvtarra-1-scaled.jpg\",\"width\":2560,\"height\":1707},{\"@type\":\"BreadcrumbList\",\"@id\":\"https:\/\/www.gvtarra.com\/tienda\/product\/hoy-no-cocino\/platos-cucharra\/#breadcrumb\",\"itemListElement\":[{\"@type\":\"ListItem\",\"position\":1,\"name\":\"Portada\",\"item\":\"https:\/\/www.gvtarra.com\/tienda\/\"},{\"@type\":\"ListItem\",\"position\":2,\"name\":\"Tienda\",\"item\":\"https:\/\/www.gvtarra.com\/tienda\/comprar\/\"},{\"@type\":\"ListItem\",\"position\":3,\"name\":\"Pochas a la Navarra\"}]},{\"@type\":\"WebSite\",\"@id\":\"https:\/\/www.gvtarra.com\/tienda\/#website\",\"url\":\"https:\/\/www.gvtarra.com\/tienda\/\",\"name\":\"Tienda Gvtarra\",\"description\":\"\",\"publisher\":{\"@id\":\"https:\/\/www.gvtarra.com\/tienda\/#organization\"},\"potentialAction\":[{\"@type\":\"SearchAction\",\"target\":{\"@type\":\"EntryPoint\",\"urlTemplate\":\"https:\/\/www.gvtarra.com\/tienda\/?s={search_term_string}\"},\"query-input\":{\"@type\":\"PropertyValueSpecification\",\"valueRequired\":true,\"valueName\":\"search_term_string\"}}],\"inLanguage\":\"es\"},{\"@type\":\"Organization\",\"@id\":\"https:\/\/www.gvtarra.com\/tienda\/#organization\",\"name\":\"Tienda Gvtarra\",\"url\":\"https:\/\/www.gvtarra.com\/tienda\/\",\"logo\":{\"@type\":\"ImageObject\",\"inLanguage\":\"es\",\"@id\":\"https:\/\/www.gvtarra.com\/tienda\/#\/schema\/logo\/image\/\",\"url\":\"https:\/\/www.gvtarra.com\/tienda\/wp-content\/uploads\/2023\/12\/cropped-Logo-Gvtarra-2017-min-scaled.png\",\"contentUrl\":\"https:\/\/www.gvtarra.com\/tienda\/wp-content\/uploads\/2023\/12\/cropped-Logo-Gvtarra-2017-min-scaled.png\",\"width\":2560,\"height\":1315,\"caption\":\"Tienda Gvtarra\"},\"image\":{\"@id\":\"https:\/\/www.gvtarra.com\/tienda\/#\/schema\/logo\/image\/\"}}]}<\/script>\n<!-- \/ Yoast SEO Premium plugin. -->","yoast_head_json":{"title":"Pochas a la Navarra - Tienda Gvtarra","robots":{"index":"index","follow":"follow","max-snippet":"max-snippet:-1","max-image-preview":"max-image-preview:large","max-video-preview":"max-video-preview:-1"},"canonical":"https:\/\/www.gvtarra.com\/tienda\/product\/hoy-no-cocino\/platos-cucharra\/","og_locale":"es_ES","og_type":"article","og_title":"Pochas a la Navarra","og_description":"Descubre nuestra deliciosa propuestas de Pochas con Fritada y Borraja. \u00a1Una manera f\u00e1cil y r\u00e1pida de disfrutar del sabor y calidad de nuestras Pochas en una de las recetas mas populares de la cocina Navarra!  \u00a1Animate a prepara una deliciosa receta de Pochas frescas a la Navarra con este lote!  Para su elaboraci\u00f3n\u00a0 solo tendr\u00e1s que mezclar en una cazuela, 2 tarros de Pochas con 1\/3 de Fritada y 1 tarro de Borraja previamene bien escurrido. Calienta a fuego medio durante unos minutos y listo!  Comer caliente, rico y saludable nunca ha sido tan f\u00e1cil y r\u00e1pido.  P.D. Si todav\u00eda tienes dudas de como elaborar este delicioso plato, te dejamos la receta paso a paso en este link. PRODUCTOS INCLUIDOS (6 UNIDADES) Pochas frescas de Navarra (4)  Fritada (1)  Borraja (1)","og_url":"https:\/\/www.gvtarra.com\/tienda\/product\/hoy-no-cocino\/platos-cucharra\/","og_site_name":"Tienda Gvtarra","article_modified_time":"2025-11-05T13:04:05+00:00","og_image":[{"width":2560,"height":1707,"url":"https:\/\/www.gvtarra.com\/tienda\/wp-content\/uploads\/2021\/02\/2023.04.28_Gvtarra-1-scaled.jpg","type":"image\/jpeg"}],"twitter_card":"summary_large_image","twitter_misc":{"Tiempo de lectura":"2 minutos"},"schema":{"@context":"https:\/\/schema.org","@graph":[{"@type":"WebPage","@id":"https:\/\/www.gvtarra.com\/tienda\/product\/hoy-no-cocino\/platos-cucharra\/","url":"https:\/\/www.gvtarra.com\/tienda\/product\/hoy-no-cocino\/platos-cucharra\/","name":"Pochas a la Navarra - Tienda Gvtarra","isPartOf":{"@id":"https:\/\/www.gvtarra.com\/tienda\/#website"},"primaryImageOfPage":{"@id":"https:\/\/www.gvtarra.com\/tienda\/product\/hoy-no-cocino\/platos-cucharra\/#primaryimage"},"image":{"@id":"https:\/\/www.gvtarra.com\/tienda\/product\/hoy-no-cocino\/platos-cucharra\/#primaryimage"},"thumbnailUrl":"https:\/\/www.gvtarra.com\/tienda\/wp-content\/uploads\/2021\/02\/2023.04.28_Gvtarra-1-scaled.jpg","datePublished":"2024-09-02T13:36:26+00:00","dateModified":"2025-11-05T13:04:05+00:00","breadcrumb":{"@id":"https:\/\/www.gvtarra.com\/tienda\/product\/hoy-no-cocino\/platos-cucharra\/#breadcrumb"},"inLanguage":"es","potentialAction":[{"@type":"ReadAction","target":["https:\/\/www.gvtarra.com\/tienda\/product\/hoy-no-cocino\/platos-cucharra\/"]}]},{"@type":"ImageObject","inLanguage":"es","@id":"https:\/\/www.gvtarra.com\/tienda\/product\/hoy-no-cocino\/platos-cucharra\/#primaryimage","url":"https:\/\/www.gvtarra.com\/tienda\/wp-content\/uploads\/2021\/02\/2023.04.28_Gvtarra-1-scaled.jpg","contentUrl":"https:\/\/www.gvtarra.com\/tienda\/wp-content\/uploads\/2021\/02\/2023.04.28_Gvtarra-1-scaled.jpg","width":2560,"height":1707},{"@type":"BreadcrumbList","@id":"https:\/\/www.gvtarra.com\/tienda\/product\/hoy-no-cocino\/platos-cucharra\/#breadcrumb","itemListElement":[{"@type":"ListItem","position":1,"name":"Portada","item":"https:\/\/www.gvtarra.com\/tienda\/"},{"@type":"ListItem","position":2,"name":"Tienda","item":"https:\/\/www.gvtarra.com\/tienda\/comprar\/"},{"@type":"ListItem","position":3,"name":"Pochas a la Navarra"}]},{"@type":"WebSite","@id":"https:\/\/www.gvtarra.com\/tienda\/#website","url":"https:\/\/www.gvtarra.com\/tienda\/","name":"Tienda Gvtarra","description":"","publisher":{"@id":"https:\/\/www.gvtarra.com\/tienda\/#organization"},"potentialAction":[{"@type":"SearchAction","target":{"@type":"EntryPoint","urlTemplate":"https:\/\/www.gvtarra.com\/tienda\/?s={search_term_string}"},"query-input":{"@type":"PropertyValueSpecification","valueRequired":true,"valueName":"search_term_string"}}],"inLanguage":"es"},{"@type":"Organization","@id":"https:\/\/www.gvtarra.com\/tienda\/#organization","name":"Tienda Gvtarra","url":"https:\/\/www.gvtarra.com\/tienda\/","logo":{"@type":"ImageObject","inLanguage":"es","@id":"https:\/\/www.gvtarra.com\/tienda\/#\/schema\/logo\/image\/","url":"https:\/\/www.gvtarra.com\/tienda\/wp-content\/uploads\/2023\/12\/cropped-Logo-Gvtarra-2017-min-scaled.png","contentUrl":"https:\/\/www.gvtarra.com\/tienda\/wp-content\/uploads\/2023\/12\/cropped-Logo-Gvtarra-2017-min-scaled.png","width":2560,"height":1315,"caption":"Tienda Gvtarra"},"image":{"@id":"https:\/\/www.gvtarra.com\/tienda\/#\/schema\/logo\/image\/"}}]}},"_links":{"self":[{"href":"https:\/\/www.gvtarra.com\/tienda\/wp-json\/wp\/v2\/product\/792","targetHints":{"allow":["GET"]}}],"collection":[{"href":"https:\/\/www.gvtarra.com\/tienda\/wp-json\/wp\/v2\/product"}],"about":[{"href":"https:\/\/www.gvtarra.com\/tienda\/wp-json\/wp\/v2\/types\/product"}],"replies":[{"embeddable":true,"href":"https:\/\/www.gvtarra.com\/tienda\/wp-json\/wp\/v2\/comments?post=792"}],"version-history":[{"count":5,"href":"https:\/\/www.gvtarra.com\/tienda\/wp-json\/wp\/v2\/product\/792\/revisions"}],"predecessor-version":[{"id":10816,"href":"https:\/\/www.gvtarra.com\/tienda\/wp-json\/wp\/v2\/product\/792\/revisions\/10816"}],"wp:featuredmedia":[{"embeddable":true,"href":"https:\/\/www.gvtarra.com\/tienda\/wp-json\/wp\/v2\/media\/7467"}],"wp:attachment":[{"href":"https:\/\/www.gvtarra.com\/tienda\/wp-json\/wp\/v2\/media?parent=792"}],"wp:term":[{"taxonomy":"product_brand","embeddable":true,"href":"https:\/\/www.gvtarra.com\/tienda\/wp-json\/wp\/v2\/product_brand?post=792"},{"taxonomy":"product_cat","embeddable":true,"href":"https:\/\/www.gvtarra.com\/tienda\/wp-json\/wp\/v2\/product_cat?post=792"},{"taxonomy":"product_tag","embeddable":true,"href":"https:\/\/www.gvtarra.com\/tienda\/wp-json\/wp\/v2\/product_tag?post=792"}],"curies":[{"name":"wp","href":"https:\/\/api.w.org\/{rel}","templated":true}]}}