{"id":838,"date":"2021-02-16T09:17:18","date_gmt":"2021-02-16T09:17:18","guid":{"rendered":"https:\/\/www.gvtarra.com\/tienda\/?post_type=product&#038;p=838"},"modified":"2026-01-26T13:41:30","modified_gmt":"2026-01-26T12:41:30","slug":"verduras-ribera","status":"publish","type":"product","link":"https:\/\/www.gvtarra.com\/tienda\/product\/lotes-gourmet\/verduras-ribera\/","title":{"rendered":"Verduras de la Ribera"},"content":{"rendered":"<h5>ALCACHOFA BLANCA DE TUDELA MITADES<\/h5>\n<p>INGREDIENTES: Alcachofas, agua, sal y antioxidante: a\u0301cido asco\u0301rbico.<\/p>\n<p>Peso neto (gr): 660<\/p>\n<p>Peso escurrido (gr): 400<\/p>\n<h5>POCHAS FRESCAS NAVARRA<\/h5>\n<p>INGREDIENTES: Alubias pochas, agua, sal antioxidante: E-223. Contiene sulfitos.<\/p>\n<p>Peso neto (gr): 650<\/p>\n<p>Peso escurrido (gr): 400<\/p>\n<h5>ACEITE DE OLIVA VIRGEN EXTRA \u00abLA MAJA\u00bb<\/h5>\n<p>AOVE Edici\u00f3n Limitada<\/p>\n<p>Botella de 50cl<\/p>\n<h5>PENCAS DE ACELGA<\/h5>\n<p>INGREDIENTES: Pencas de acelga, agua, sal y antioxidante: \u00e1cido asc\u00f3rbico y E-223.<\/p>\n<p>Peso neto (gr): 540<\/p>\n<p>Peso escurrido (gr): 350<\/p>\n<h5>JUDIAS VERDES CORTE JULIANA<\/h5>\n<p>INGREDIENTES: Judi\u0301as verdes, agua, sal y antioxidante: a\u0301cido asco\u0301rbico.<\/p>\n<p>Peso neto (gr): 600<\/p>\n<p>Peso escurrido (gr): 350<\/p>\n<p>&nbsp;<\/p>\n","protected":false},"excerpt":{"rendered":"<p>Desde 1910, generaci\u00f3n tras generaci\u00f3n, agricultores de ambos m\u00e1rgenes de la Ribera del Ebro cultivan para Gvtarra las verduras de la mejor calidad. Las preparamos y envasamos con cuidado, y ahora te las llevamos directamente a tu casa. \u00a1Disfruta de nuestra selecci\u00f3n m\u00e1s gourmet!<\/p>\n<p><strong>PRODUCTOS INCLUIDOS (5 UNIDADES)<\/strong><\/p>\n<p><a href=\"https:\/\/www.gvtarra.com\/nuestros-productos\/las-navarricas\/alcachofa-mitades\/\">Alcachofa Blanca de Tudela (mitades) (1)<\/a><\/p>\n<p><a href=\"https:\/\/www.gvtarra.com\/nuestros-productos\/las-navarricas\/pochas-de-navarra\/\">Pochas frescas de Navarra (1)<\/a><\/p>\n<p><a href=\"https:\/\/www.aceiteslamaja.com\/product\/eco-botella-vidrio-50cl\/\">Botella AOVE &lt;&lt;La Maja&gt;&gt; (1)<\/a><\/p>\n<p><a href=\"https:\/\/www.gvtarra.com\/nuestros-productos\/las-navarricas\/pencas-de-acelga\/\">Pencas de acelga (1)<\/a><\/p>\n<p><a href=\"https:\/\/www.gvtarra.com\/nuestros-productos\/las-esenciales\/judias-verdes-tiras\/\">Jud\u00edas verdes corte juliana (1)<\/a><\/p>\n","protected":false},"featured_media":16913,"comment_status":"open","ping_status":"closed","template":"","meta":{"_joinchat":[]},"product_brand":[],"product_cat":[30,38,15,23],"product_tag":[],"class_list":{"0":"post-838","1":"product","2":"type-product","3":"status-publish","4":"has-post-thumbnail","6":"product_cat-alcachofa","7":"product_cat-esparrago-blanco-do-navarra","8":"product_cat-lotes-gourmet","9":"product_cat-pochas","11":"first","12":"instock","13":"featured","14":"taxable","15":"shipping-taxable","16":"purchasable","17":"product-type-simple"},"yoast_head":"<!-- This site is optimized with the Yoast SEO Premium plugin v21.5 (Yoast SEO v27.2) - https:\/\/yoast.com\/product\/yoast-seo-premium-wordpress\/ -->\n<title>Verduras de la Ribera - Tienda Gvtarra<\/title>\n<meta name=\"robots\" content=\"index, follow, max-snippet:-1, max-image-preview:large, max-video-preview:-1\" \/>\n<link rel=\"canonical\" href=\"https:\/\/www.gvtarra.com\/tienda\/product\/lotes-gourmet\/verduras-ribera\/\" \/>\n<meta property=\"og:locale\" content=\"es_ES\" \/>\n<meta property=\"og:type\" content=\"article\" \/>\n<meta property=\"og:title\" content=\"Verduras de la Ribera\" \/>\n<meta property=\"og:description\" content=\"Desde 1910, generaci\u00f3n tras generaci\u00f3n, agricultores de ambos m\u00e1rgenes de la Ribera del Ebro cultivan para Gvtarra las verduras de la mejor calidad. Las preparamos y envasamos con cuidado, y ahora te las llevamos directamente a tu casa. \u00a1Disfruta de nuestra selecci\u00f3n m\u00e1s gourmet!  PRODUCTOS INCLUIDOS (5 UNIDADES)  Alcachofa Blanca de Tudela (mitades) (1)  Pochas frescas de Navarra (1)  Botella AOVE &lt;&lt;La Maja&gt;&gt; (1)  Pencas de acelga (1)  Jud\u00edas verdes corte juliana (1)\" \/>\n<meta property=\"og:url\" content=\"https:\/\/www.gvtarra.com\/tienda\/product\/lotes-gourmet\/verduras-ribera\/\" \/>\n<meta property=\"og:site_name\" content=\"Tienda Gvtarra\" \/>\n<meta property=\"article:modified_time\" content=\"2026-01-26T12:41:30+00:00\" \/>\n<meta property=\"og:image\" content=\"https:\/\/www.gvtarra.com\/tienda\/wp-content\/uploads\/2026\/01\/foto-verduras-ribera-web-DEF-scaled.jpg\" \/>\n\t<meta property=\"og:image:width\" content=\"2560\" \/>\n\t<meta property=\"og:image:height\" content=\"1707\" \/>\n\t<meta property=\"og:image:type\" content=\"image\/jpeg\" \/>\n<meta name=\"twitter:card\" content=\"summary_large_image\" \/>\n<meta name=\"twitter:label1\" content=\"Tiempo de lectura\" \/>\n\t<meta name=\"twitter:data1\" content=\"1 minuto\" \/>\n<script type=\"application\/ld+json\" class=\"yoast-schema-graph\">{\"@context\":\"https:\/\/schema.org\",\"@graph\":[{\"@type\":\"WebPage\",\"@id\":\"https:\/\/www.gvtarra.com\/tienda\/product\/lotes-gourmet\/verduras-ribera\/\",\"url\":\"https:\/\/www.gvtarra.com\/tienda\/product\/lotes-gourmet\/verduras-ribera\/\",\"name\":\"Verduras de la Ribera - Tienda Gvtarra\",\"isPartOf\":{\"@id\":\"https:\/\/www.gvtarra.com\/tienda\/#website\"},\"primaryImageOfPage\":{\"@id\":\"https:\/\/www.gvtarra.com\/tienda\/product\/lotes-gourmet\/verduras-ribera\/#primaryimage\"},\"image\":{\"@id\":\"https:\/\/www.gvtarra.com\/tienda\/product\/lotes-gourmet\/verduras-ribera\/#primaryimage\"},\"thumbnailUrl\":\"https:\/\/www.gvtarra.com\/tienda\/wp-content\/uploads\/2026\/01\/foto-verduras-ribera-web-DEF-scaled.jpg\",\"datePublished\":\"2021-02-16T09:17:18+00:00\",\"dateModified\":\"2026-01-26T12:41:30+00:00\",\"breadcrumb\":{\"@id\":\"https:\/\/www.gvtarra.com\/tienda\/product\/lotes-gourmet\/verduras-ribera\/#breadcrumb\"},\"inLanguage\":\"es\",\"potentialAction\":[{\"@type\":\"ReadAction\",\"target\":[\"https:\/\/www.gvtarra.com\/tienda\/product\/lotes-gourmet\/verduras-ribera\/\"]}]},{\"@type\":\"ImageObject\",\"inLanguage\":\"es\",\"@id\":\"https:\/\/www.gvtarra.com\/tienda\/product\/lotes-gourmet\/verduras-ribera\/#primaryimage\",\"url\":\"https:\/\/www.gvtarra.com\/tienda\/wp-content\/uploads\/2026\/01\/foto-verduras-ribera-web-DEF-scaled.jpg\",\"contentUrl\":\"https:\/\/www.gvtarra.com\/tienda\/wp-content\/uploads\/2026\/01\/foto-verduras-ribera-web-DEF-scaled.jpg\",\"width\":2560,\"height\":1707},{\"@type\":\"BreadcrumbList\",\"@id\":\"https:\/\/www.gvtarra.com\/tienda\/product\/lotes-gourmet\/verduras-ribera\/#breadcrumb\",\"itemListElement\":[{\"@type\":\"ListItem\",\"position\":1,\"name\":\"Portada\",\"item\":\"https:\/\/www.gvtarra.com\/tienda\/\"},{\"@type\":\"ListItem\",\"position\":2,\"name\":\"Tienda\",\"item\":\"https:\/\/www.gvtarra.com\/tienda\/comprar\/\"},{\"@type\":\"ListItem\",\"position\":3,\"name\":\"Verduras de la Ribera\"}]},{\"@type\":\"WebSite\",\"@id\":\"https:\/\/www.gvtarra.com\/tienda\/#website\",\"url\":\"https:\/\/www.gvtarra.com\/tienda\/\",\"name\":\"Tienda Gvtarra\",\"description\":\"\",\"publisher\":{\"@id\":\"https:\/\/www.gvtarra.com\/tienda\/#organization\"},\"potentialAction\":[{\"@type\":\"SearchAction\",\"target\":{\"@type\":\"EntryPoint\",\"urlTemplate\":\"https:\/\/www.gvtarra.com\/tienda\/?s={search_term_string}\"},\"query-input\":{\"@type\":\"PropertyValueSpecification\",\"valueRequired\":true,\"valueName\":\"search_term_string\"}}],\"inLanguage\":\"es\"},{\"@type\":\"Organization\",\"@id\":\"https:\/\/www.gvtarra.com\/tienda\/#organization\",\"name\":\"Tienda Gvtarra\",\"url\":\"https:\/\/www.gvtarra.com\/tienda\/\",\"logo\":{\"@type\":\"ImageObject\",\"inLanguage\":\"es\",\"@id\":\"https:\/\/www.gvtarra.com\/tienda\/#\/schema\/logo\/image\/\",\"url\":\"https:\/\/www.gvtarra.com\/tienda\/wp-content\/uploads\/2023\/12\/cropped-Logo-Gvtarra-2017-min-scaled.png\",\"contentUrl\":\"https:\/\/www.gvtarra.com\/tienda\/wp-content\/uploads\/2023\/12\/cropped-Logo-Gvtarra-2017-min-scaled.png\",\"width\":2560,\"height\":1315,\"caption\":\"Tienda Gvtarra\"},\"image\":{\"@id\":\"https:\/\/www.gvtarra.com\/tienda\/#\/schema\/logo\/image\/\"}}]}<\/script>\n<!-- \/ Yoast SEO Premium plugin. -->","yoast_head_json":{"title":"Verduras de la Ribera - Tienda Gvtarra","robots":{"index":"index","follow":"follow","max-snippet":"max-snippet:-1","max-image-preview":"max-image-preview:large","max-video-preview":"max-video-preview:-1"},"canonical":"https:\/\/www.gvtarra.com\/tienda\/product\/lotes-gourmet\/verduras-ribera\/","og_locale":"es_ES","og_type":"article","og_title":"Verduras de la Ribera","og_description":"Desde 1910, generaci\u00f3n tras generaci\u00f3n, agricultores de ambos m\u00e1rgenes de la Ribera del Ebro cultivan para Gvtarra las verduras de la mejor calidad. Las preparamos y envasamos con cuidado, y ahora te las llevamos directamente a tu casa. \u00a1Disfruta de nuestra selecci\u00f3n m\u00e1s gourmet!  PRODUCTOS INCLUIDOS (5 UNIDADES)  Alcachofa Blanca de Tudela (mitades) (1)  Pochas frescas de Navarra (1)  Botella AOVE &lt;&lt;La Maja&gt;&gt; (1)  Pencas de acelga (1)  Jud\u00edas verdes corte juliana (1)","og_url":"https:\/\/www.gvtarra.com\/tienda\/product\/lotes-gourmet\/verduras-ribera\/","og_site_name":"Tienda Gvtarra","article_modified_time":"2026-01-26T12:41:30+00:00","og_image":[{"width":2560,"height":1707,"url":"https:\/\/www.gvtarra.com\/tienda\/wp-content\/uploads\/2026\/01\/foto-verduras-ribera-web-DEF-scaled.jpg","type":"image\/jpeg"}],"twitter_card":"summary_large_image","twitter_misc":{"Tiempo de lectura":"1 minuto"},"schema":{"@context":"https:\/\/schema.org","@graph":[{"@type":"WebPage","@id":"https:\/\/www.gvtarra.com\/tienda\/product\/lotes-gourmet\/verduras-ribera\/","url":"https:\/\/www.gvtarra.com\/tienda\/product\/lotes-gourmet\/verduras-ribera\/","name":"Verduras de la Ribera - Tienda Gvtarra","isPartOf":{"@id":"https:\/\/www.gvtarra.com\/tienda\/#website"},"primaryImageOfPage":{"@id":"https:\/\/www.gvtarra.com\/tienda\/product\/lotes-gourmet\/verduras-ribera\/#primaryimage"},"image":{"@id":"https:\/\/www.gvtarra.com\/tienda\/product\/lotes-gourmet\/verduras-ribera\/#primaryimage"},"thumbnailUrl":"https:\/\/www.gvtarra.com\/tienda\/wp-content\/uploads\/2026\/01\/foto-verduras-ribera-web-DEF-scaled.jpg","datePublished":"2021-02-16T09:17:18+00:00","dateModified":"2026-01-26T12:41:30+00:00","breadcrumb":{"@id":"https:\/\/www.gvtarra.com\/tienda\/product\/lotes-gourmet\/verduras-ribera\/#breadcrumb"},"inLanguage":"es","potentialAction":[{"@type":"ReadAction","target":["https:\/\/www.gvtarra.com\/tienda\/product\/lotes-gourmet\/verduras-ribera\/"]}]},{"@type":"ImageObject","inLanguage":"es","@id":"https:\/\/www.gvtarra.com\/tienda\/product\/lotes-gourmet\/verduras-ribera\/#primaryimage","url":"https:\/\/www.gvtarra.com\/tienda\/wp-content\/uploads\/2026\/01\/foto-verduras-ribera-web-DEF-scaled.jpg","contentUrl":"https:\/\/www.gvtarra.com\/tienda\/wp-content\/uploads\/2026\/01\/foto-verduras-ribera-web-DEF-scaled.jpg","width":2560,"height":1707},{"@type":"BreadcrumbList","@id":"https:\/\/www.gvtarra.com\/tienda\/product\/lotes-gourmet\/verduras-ribera\/#breadcrumb","itemListElement":[{"@type":"ListItem","position":1,"name":"Portada","item":"https:\/\/www.gvtarra.com\/tienda\/"},{"@type":"ListItem","position":2,"name":"Tienda","item":"https:\/\/www.gvtarra.com\/tienda\/comprar\/"},{"@type":"ListItem","position":3,"name":"Verduras de la Ribera"}]},{"@type":"WebSite","@id":"https:\/\/www.gvtarra.com\/tienda\/#website","url":"https:\/\/www.gvtarra.com\/tienda\/","name":"Tienda Gvtarra","description":"","publisher":{"@id":"https:\/\/www.gvtarra.com\/tienda\/#organization"},"potentialAction":[{"@type":"SearchAction","target":{"@type":"EntryPoint","urlTemplate":"https:\/\/www.gvtarra.com\/tienda\/?s={search_term_string}"},"query-input":{"@type":"PropertyValueSpecification","valueRequired":true,"valueName":"search_term_string"}}],"inLanguage":"es"},{"@type":"Organization","@id":"https:\/\/www.gvtarra.com\/tienda\/#organization","name":"Tienda Gvtarra","url":"https:\/\/www.gvtarra.com\/tienda\/","logo":{"@type":"ImageObject","inLanguage":"es","@id":"https:\/\/www.gvtarra.com\/tienda\/#\/schema\/logo\/image\/","url":"https:\/\/www.gvtarra.com\/tienda\/wp-content\/uploads\/2023\/12\/cropped-Logo-Gvtarra-2017-min-scaled.png","contentUrl":"https:\/\/www.gvtarra.com\/tienda\/wp-content\/uploads\/2023\/12\/cropped-Logo-Gvtarra-2017-min-scaled.png","width":2560,"height":1315,"caption":"Tienda Gvtarra"},"image":{"@id":"https:\/\/www.gvtarra.com\/tienda\/#\/schema\/logo\/image\/"}}]}},"_links":{"self":[{"href":"https:\/\/www.gvtarra.com\/tienda\/wp-json\/wp\/v2\/product\/838","targetHints":{"allow":["GET"]}}],"collection":[{"href":"https:\/\/www.gvtarra.com\/tienda\/wp-json\/wp\/v2\/product"}],"about":[{"href":"https:\/\/www.gvtarra.com\/tienda\/wp-json\/wp\/v2\/types\/product"}],"replies":[{"embeddable":true,"href":"https:\/\/www.gvtarra.com\/tienda\/wp-json\/wp\/v2\/comments?post=838"}],"version-history":[{"count":13,"href":"https:\/\/www.gvtarra.com\/tienda\/wp-json\/wp\/v2\/product\/838\/revisions"}],"predecessor-version":[{"id":17068,"href":"https:\/\/www.gvtarra.com\/tienda\/wp-json\/wp\/v2\/product\/838\/revisions\/17068"}],"wp:featuredmedia":[{"embeddable":true,"href":"https:\/\/www.gvtarra.com\/tienda\/wp-json\/wp\/v2\/media\/16913"}],"wp:attachment":[{"href":"https:\/\/www.gvtarra.com\/tienda\/wp-json\/wp\/v2\/media?parent=838"}],"wp:term":[{"taxonomy":"product_brand","embeddable":true,"href":"https:\/\/www.gvtarra.com\/tienda\/wp-json\/wp\/v2\/product_brand?post=838"},{"taxonomy":"product_cat","embeddable":true,"href":"https:\/\/www.gvtarra.com\/tienda\/wp-json\/wp\/v2\/product_cat?post=838"},{"taxonomy":"product_tag","embeddable":true,"href":"https:\/\/www.gvtarra.com\/tienda\/wp-json\/wp\/v2\/product_tag?post=838"}],"curies":[{"name":"wp","href":"https:\/\/api.w.org\/{rel}","templated":true}]}}