{"id":8634,"date":"2024-11-21T11:09:14","date_gmt":"2024-11-21T10:09:14","guid":{"rendered":"https:\/\/www.gvtarra.com\/tienda\/?post_type=product&#038;p=8634"},"modified":"2026-03-03T13:25:33","modified_gmt":"2026-03-03T12:25:33","slug":"estuche-duo-cardo-con-salsa-de-amendras","status":"publish","type":"product","link":"https:\/\/www.gvtarra.com\/tienda\/product\/lotes-gourmet\/estuche-duo-cardo-con-salsa-de-amendras\/","title":{"rendered":"Estuche Gourmet \u00abCardo con Salsa de Almendras\u00bb"},"content":{"rendered":"<p><strong>CONTENIDO ESTUCHE: <\/strong>1 tarro de cado Gvtarra + 1 tarro de salsa de almendras Gvtarra<\/p>\n<p><strong>N\u00ba DE RACIONES:\u00a0<\/strong> 2 raciones<\/p>\n<p><strong>TIEMPO DE PREPARACI\u00d3N<\/strong>: 5 min<\/p>\n<p><strong>MODO DE PREPARACI\u00d3N:<\/strong><\/p>\n<ol>\n<li>Abrir el cardo, escurrir y vaciar el contenido en una fuente o recipiente.<\/li>\n<li>Agitar la salsa de almendras, abrir y con la ayuda de una cuchara servirla al gusto encima del cardo.<\/li>\n<li>Calentar a fuego medio, removiendo para distribuir el calor y la salsa durante unos 5 minutos. Si lo prefieres, puedes calentarlo en el microondas alrededor de 2-3 minutos.<\/li>\n<\/ol>\n<p>Visita la receta de nuestra salsa de almendras \u00a1paso a paso! Pincha <strong><a href=\"https:\/\/www.gvtarra.com\/trucos\/salsa-de-almendras\/\">aqui<\/a><\/strong><\/p>\n<p><strong>Ingredientes cardo: <\/strong>Cardo, agua, sal y antioxidante: \u00e1cido asc\u00f3rbico.<\/p>\n<ul>\n<li>\n<h6><strong>Peso neto (gr): 660<\/strong><\/h6>\n<\/li>\n<li>\n<h6><strong>Peso escurrido (gr): 400<\/strong><\/h6>\n<\/li>\n<\/ul>\n<p><b>Ingredientes salsa de almendras:<\/b>\u00a0Agua, cardo, cebolla, <b>almendra frita <\/b>(Almendra, aceite de girasol ,sal) 9%, AOVE, pasta de ajo (ajo, sal, acidulante: \u00e1cido c\u00edtrico) sal, almid\u00f3n modificado de ma\u00edz y perejil. <b>Puede contener trazas de Frutos de c\u00e1scara\/derivados<\/b><\/p>\n<ul>\n<li>\n<h6>Peso neto (gr): 190<\/h6>\n<\/li>\n<\/ul>\n<h6><\/h6>\n<p>&nbsp;<\/p>\n","protected":false},"excerpt":{"rendered":"<p>Nuevo<strong> Estuche \u201cDUO\u201d Cardo con Salsa de almendras. <\/strong><\/p>\n<p>En \u00e9l encontrar\u00e1s nuestro siempre tierno y suave cardo de Navarra, acompa\u00f1ado por una <strong>nueva receta exclusiva de salsa de almendras<\/strong> que <strong>combina de forma exquisita, fina y elegante con el cardo<\/strong>, potenciando su sabor y elevando este DUO a receta gourmet.<\/p>\n<p>En Gvtarra elaboramos esta salsa \u00fanica, de incre\u00edble sabor\u00a0 y aut\u00e9ntica textura, <strong>con almendra nacional e ingredientes 100% vegetales, sin l\u00e1cteos, <\/strong>utilizando s\u00f3lo el caldo de nuestro cardo para darle una gran suavidad y delicadeza.<\/p>\n<p>Descubre una nueva forma de disfrutar de esta gran <strong>receta tradicional de la gastronom\u00eda Navarra<\/strong><\/p>\n<p><strong>\u00a1Que no falte en tu mesa, ni en la de tus seres queridos<\/strong>!<\/p>\n<h5><em><strong>Apto para celiacos<\/strong><\/em><\/h5>\n<h5><em><strong>Apto para veganos<\/strong><\/em><\/h5>\n<h4>PRODUCTOS INCLUIDOS.<\/h4>\n<p><a href=\"https:\/\/www.gvtarra.com\/nuestros-productos\/las-navarricas\/cardo\/\">Cardo (1)<\/a><\/p>\n<p>Salsa de Almendras (1)<\/p>\n<p>&nbsp;<\/p>\n<p>&nbsp;<\/p>\n","protected":false},"featured_media":12494,"comment_status":"open","ping_status":"closed","template":"","meta":{"_joinchat":[]},"product_brand":[],"product_cat":[22,15],"product_tag":[44],"class_list":{"0":"post-8634","1":"product","2":"type-product","3":"status-publish","4":"has-post-thumbnail","6":"product_cat-cardo","7":"product_cat-lotes-gourmet","8":"product_tag-transporte-gratis","10":"first","11":"instock","12":"featured","13":"taxable","14":"shipping-taxable","15":"purchasable","16":"product-type-simple"},"yoast_head":"<!-- This site is optimized with the Yoast SEO Premium plugin v21.5 (Yoast SEO v27.2) - https:\/\/yoast.com\/product\/yoast-seo-premium-wordpress\/ -->\n<title>Estuche Gourmet &quot;Cardo con Salsa de Almendras&quot; - Tienda Gvtarra<\/title>\n<meta name=\"robots\" content=\"index, follow, max-snippet:-1, max-image-preview:large, max-video-preview:-1\" \/>\n<link rel=\"canonical\" href=\"https:\/\/www.gvtarra.com\/tienda\/product\/lotes-gourmet\/estuche-duo-cardo-con-salsa-de-amendras\/\" \/>\n<meta property=\"og:locale\" content=\"es_ES\" \/>\n<meta property=\"og:type\" content=\"article\" \/>\n<meta property=\"og:title\" content=\"Estuche Gourmet &quot;Cardo con Salsa de Almendras&quot;\" \/>\n<meta property=\"og:description\" content=\"Nuevo Estuche \u201cDUO\u201d Cardo con Salsa de almendras.   En \u00e9l encontrar\u00e1s nuestro siempre tierno y suave cardo de Navarra, acompa\u00f1ado por una nueva receta exclusiva de salsa de almendras que combina de forma exquisita, fina y elegante con el cardo, potenciando su sabor y elevando este DUO a receta gourmet.  En Gvtarra elaboramos esta salsa \u00fanica, de incre\u00edble sabor\u00a0 y aut\u00e9ntica textura, con almendra nacional e ingredientes 100% vegetales, sin l\u00e1cteos, utilizando s\u00f3lo el caldo de nuestro cardo para darle una gran suavidad y delicadeza.  Descubre una nueva forma de disfrutar de esta gran receta tradicional de la gastronom\u00eda Navarra  \u00a1Que no falte en tu mesa, ni en la de tus seres queridos! Apto para celiacos Apto para veganos PRODUCTOS INCLUIDOS. Cardo (1)  Salsa de Almendras (1)  &nbsp;  &nbsp;\" \/>\n<meta property=\"og:url\" content=\"https:\/\/www.gvtarra.com\/tienda\/product\/lotes-gourmet\/estuche-duo-cardo-con-salsa-de-amendras\/\" \/>\n<meta property=\"og:site_name\" content=\"Tienda Gvtarra\" \/>\n<meta property=\"article:modified_time\" content=\"2026-03-03T12:25:33+00:00\" \/>\n<meta property=\"og:image\" content=\"https:\/\/www.gvtarra.com\/tienda\/wp-content\/uploads\/2024\/11\/gvtarra-54-4-scaled.jpg\" \/>\n\t<meta property=\"og:image:width\" content=\"2560\" \/>\n\t<meta property=\"og:image:height\" content=\"1963\" \/>\n\t<meta property=\"og:image:type\" content=\"image\/jpeg\" \/>\n<meta name=\"twitter:card\" content=\"summary_large_image\" \/>\n<meta name=\"twitter:label1\" content=\"Tiempo de lectura\" \/>\n\t<meta name=\"twitter:data1\" content=\"1 minuto\" \/>\n<script type=\"application\/ld+json\" class=\"yoast-schema-graph\">{\"@context\":\"https:\/\/schema.org\",\"@graph\":[{\"@type\":\"WebPage\",\"@id\":\"https:\/\/www.gvtarra.com\/tienda\/product\/lotes-gourmet\/estuche-duo-cardo-con-salsa-de-amendras\/\",\"url\":\"https:\/\/www.gvtarra.com\/tienda\/product\/lotes-gourmet\/estuche-duo-cardo-con-salsa-de-amendras\/\",\"name\":\"Estuche Gourmet \\\"Cardo con Salsa de Almendras\\\" - Tienda Gvtarra\",\"isPartOf\":{\"@id\":\"https:\/\/www.gvtarra.com\/tienda\/#website\"},\"primaryImageOfPage\":{\"@id\":\"https:\/\/www.gvtarra.com\/tienda\/product\/lotes-gourmet\/estuche-duo-cardo-con-salsa-de-amendras\/#primaryimage\"},\"image\":{\"@id\":\"https:\/\/www.gvtarra.com\/tienda\/product\/lotes-gourmet\/estuche-duo-cardo-con-salsa-de-amendras\/#primaryimage\"},\"thumbnailUrl\":\"https:\/\/www.gvtarra.com\/tienda\/wp-content\/uploads\/2024\/11\/gvtarra-54-4-scaled.jpg\",\"datePublished\":\"2024-11-21T10:09:14+00:00\",\"dateModified\":\"2026-03-03T12:25:33+00:00\",\"breadcrumb\":{\"@id\":\"https:\/\/www.gvtarra.com\/tienda\/product\/lotes-gourmet\/estuche-duo-cardo-con-salsa-de-amendras\/#breadcrumb\"},\"inLanguage\":\"es\",\"potentialAction\":[{\"@type\":\"ReadAction\",\"target\":[\"https:\/\/www.gvtarra.com\/tienda\/product\/lotes-gourmet\/estuche-duo-cardo-con-salsa-de-amendras\/\"]}]},{\"@type\":\"ImageObject\",\"inLanguage\":\"es\",\"@id\":\"https:\/\/www.gvtarra.com\/tienda\/product\/lotes-gourmet\/estuche-duo-cardo-con-salsa-de-amendras\/#primaryimage\",\"url\":\"https:\/\/www.gvtarra.com\/tienda\/wp-content\/uploads\/2024\/11\/gvtarra-54-4-scaled.jpg\",\"contentUrl\":\"https:\/\/www.gvtarra.com\/tienda\/wp-content\/uploads\/2024\/11\/gvtarra-54-4-scaled.jpg\",\"width\":2560,\"height\":1963},{\"@type\":\"BreadcrumbList\",\"@id\":\"https:\/\/www.gvtarra.com\/tienda\/product\/lotes-gourmet\/estuche-duo-cardo-con-salsa-de-amendras\/#breadcrumb\",\"itemListElement\":[{\"@type\":\"ListItem\",\"position\":1,\"name\":\"Portada\",\"item\":\"https:\/\/www.gvtarra.com\/tienda\/\"},{\"@type\":\"ListItem\",\"position\":2,\"name\":\"Tienda\",\"item\":\"https:\/\/www.gvtarra.com\/tienda\/comprar\/\"},{\"@type\":\"ListItem\",\"position\":3,\"name\":\"Estuche Gourmet \u00abCardo con Salsa de Almendras\u00bb\"}]},{\"@type\":\"WebSite\",\"@id\":\"https:\/\/www.gvtarra.com\/tienda\/#website\",\"url\":\"https:\/\/www.gvtarra.com\/tienda\/\",\"name\":\"Tienda Gvtarra\",\"description\":\"\",\"publisher\":{\"@id\":\"https:\/\/www.gvtarra.com\/tienda\/#organization\"},\"potentialAction\":[{\"@type\":\"SearchAction\",\"target\":{\"@type\":\"EntryPoint\",\"urlTemplate\":\"https:\/\/www.gvtarra.com\/tienda\/?s={search_term_string}\"},\"query-input\":{\"@type\":\"PropertyValueSpecification\",\"valueRequired\":true,\"valueName\":\"search_term_string\"}}],\"inLanguage\":\"es\"},{\"@type\":\"Organization\",\"@id\":\"https:\/\/www.gvtarra.com\/tienda\/#organization\",\"name\":\"Tienda Gvtarra\",\"url\":\"https:\/\/www.gvtarra.com\/tienda\/\",\"logo\":{\"@type\":\"ImageObject\",\"inLanguage\":\"es\",\"@id\":\"https:\/\/www.gvtarra.com\/tienda\/#\/schema\/logo\/image\/\",\"url\":\"https:\/\/www.gvtarra.com\/tienda\/wp-content\/uploads\/2023\/12\/cropped-Logo-Gvtarra-2017-min-scaled.png\",\"contentUrl\":\"https:\/\/www.gvtarra.com\/tienda\/wp-content\/uploads\/2023\/12\/cropped-Logo-Gvtarra-2017-min-scaled.png\",\"width\":2560,\"height\":1315,\"caption\":\"Tienda Gvtarra\"},\"image\":{\"@id\":\"https:\/\/www.gvtarra.com\/tienda\/#\/schema\/logo\/image\/\"}}]}<\/script>\n<!-- \/ Yoast SEO Premium plugin. -->","yoast_head_json":{"title":"Estuche Gourmet \"Cardo con Salsa de Almendras\" - Tienda Gvtarra","robots":{"index":"index","follow":"follow","max-snippet":"max-snippet:-1","max-image-preview":"max-image-preview:large","max-video-preview":"max-video-preview:-1"},"canonical":"https:\/\/www.gvtarra.com\/tienda\/product\/lotes-gourmet\/estuche-duo-cardo-con-salsa-de-amendras\/","og_locale":"es_ES","og_type":"article","og_title":"Estuche Gourmet \"Cardo con Salsa de Almendras\"","og_description":"Nuevo Estuche \u201cDUO\u201d Cardo con Salsa de almendras.   En \u00e9l encontrar\u00e1s nuestro siempre tierno y suave cardo de Navarra, acompa\u00f1ado por una nueva receta exclusiva de salsa de almendras que combina de forma exquisita, fina y elegante con el cardo, potenciando su sabor y elevando este DUO a receta gourmet.  En Gvtarra elaboramos esta salsa \u00fanica, de incre\u00edble sabor\u00a0 y aut\u00e9ntica textura, con almendra nacional e ingredientes 100% vegetales, sin l\u00e1cteos, utilizando s\u00f3lo el caldo de nuestro cardo para darle una gran suavidad y delicadeza.  Descubre una nueva forma de disfrutar de esta gran receta tradicional de la gastronom\u00eda Navarra  \u00a1Que no falte en tu mesa, ni en la de tus seres queridos! Apto para celiacos Apto para veganos PRODUCTOS INCLUIDOS. Cardo (1)  Salsa de Almendras (1)  &nbsp;  &nbsp;","og_url":"https:\/\/www.gvtarra.com\/tienda\/product\/lotes-gourmet\/estuche-duo-cardo-con-salsa-de-amendras\/","og_site_name":"Tienda Gvtarra","article_modified_time":"2026-03-03T12:25:33+00:00","og_image":[{"width":2560,"height":1963,"url":"https:\/\/www.gvtarra.com\/tienda\/wp-content\/uploads\/2024\/11\/gvtarra-54-4-scaled.jpg","type":"image\/jpeg"}],"twitter_card":"summary_large_image","twitter_misc":{"Tiempo de lectura":"1 minuto"},"schema":{"@context":"https:\/\/schema.org","@graph":[{"@type":"WebPage","@id":"https:\/\/www.gvtarra.com\/tienda\/product\/lotes-gourmet\/estuche-duo-cardo-con-salsa-de-amendras\/","url":"https:\/\/www.gvtarra.com\/tienda\/product\/lotes-gourmet\/estuche-duo-cardo-con-salsa-de-amendras\/","name":"Estuche Gourmet \"Cardo con Salsa de Almendras\" - Tienda Gvtarra","isPartOf":{"@id":"https:\/\/www.gvtarra.com\/tienda\/#website"},"primaryImageOfPage":{"@id":"https:\/\/www.gvtarra.com\/tienda\/product\/lotes-gourmet\/estuche-duo-cardo-con-salsa-de-amendras\/#primaryimage"},"image":{"@id":"https:\/\/www.gvtarra.com\/tienda\/product\/lotes-gourmet\/estuche-duo-cardo-con-salsa-de-amendras\/#primaryimage"},"thumbnailUrl":"https:\/\/www.gvtarra.com\/tienda\/wp-content\/uploads\/2024\/11\/gvtarra-54-4-scaled.jpg","datePublished":"2024-11-21T10:09:14+00:00","dateModified":"2026-03-03T12:25:33+00:00","breadcrumb":{"@id":"https:\/\/www.gvtarra.com\/tienda\/product\/lotes-gourmet\/estuche-duo-cardo-con-salsa-de-amendras\/#breadcrumb"},"inLanguage":"es","potentialAction":[{"@type":"ReadAction","target":["https:\/\/www.gvtarra.com\/tienda\/product\/lotes-gourmet\/estuche-duo-cardo-con-salsa-de-amendras\/"]}]},{"@type":"ImageObject","inLanguage":"es","@id":"https:\/\/www.gvtarra.com\/tienda\/product\/lotes-gourmet\/estuche-duo-cardo-con-salsa-de-amendras\/#primaryimage","url":"https:\/\/www.gvtarra.com\/tienda\/wp-content\/uploads\/2024\/11\/gvtarra-54-4-scaled.jpg","contentUrl":"https:\/\/www.gvtarra.com\/tienda\/wp-content\/uploads\/2024\/11\/gvtarra-54-4-scaled.jpg","width":2560,"height":1963},{"@type":"BreadcrumbList","@id":"https:\/\/www.gvtarra.com\/tienda\/product\/lotes-gourmet\/estuche-duo-cardo-con-salsa-de-amendras\/#breadcrumb","itemListElement":[{"@type":"ListItem","position":1,"name":"Portada","item":"https:\/\/www.gvtarra.com\/tienda\/"},{"@type":"ListItem","position":2,"name":"Tienda","item":"https:\/\/www.gvtarra.com\/tienda\/comprar\/"},{"@type":"ListItem","position":3,"name":"Estuche Gourmet \u00abCardo con Salsa de Almendras\u00bb"}]},{"@type":"WebSite","@id":"https:\/\/www.gvtarra.com\/tienda\/#website","url":"https:\/\/www.gvtarra.com\/tienda\/","name":"Tienda Gvtarra","description":"","publisher":{"@id":"https:\/\/www.gvtarra.com\/tienda\/#organization"},"potentialAction":[{"@type":"SearchAction","target":{"@type":"EntryPoint","urlTemplate":"https:\/\/www.gvtarra.com\/tienda\/?s={search_term_string}"},"query-input":{"@type":"PropertyValueSpecification","valueRequired":true,"valueName":"search_term_string"}}],"inLanguage":"es"},{"@type":"Organization","@id":"https:\/\/www.gvtarra.com\/tienda\/#organization","name":"Tienda Gvtarra","url":"https:\/\/www.gvtarra.com\/tienda\/","logo":{"@type":"ImageObject","inLanguage":"es","@id":"https:\/\/www.gvtarra.com\/tienda\/#\/schema\/logo\/image\/","url":"https:\/\/www.gvtarra.com\/tienda\/wp-content\/uploads\/2023\/12\/cropped-Logo-Gvtarra-2017-min-scaled.png","contentUrl":"https:\/\/www.gvtarra.com\/tienda\/wp-content\/uploads\/2023\/12\/cropped-Logo-Gvtarra-2017-min-scaled.png","width":2560,"height":1315,"caption":"Tienda Gvtarra"},"image":{"@id":"https:\/\/www.gvtarra.com\/tienda\/#\/schema\/logo\/image\/"}}]}},"_links":{"self":[{"href":"https:\/\/www.gvtarra.com\/tienda\/wp-json\/wp\/v2\/product\/8634","targetHints":{"allow":["GET"]}}],"collection":[{"href":"https:\/\/www.gvtarra.com\/tienda\/wp-json\/wp\/v2\/product"}],"about":[{"href":"https:\/\/www.gvtarra.com\/tienda\/wp-json\/wp\/v2\/types\/product"}],"replies":[{"embeddable":true,"href":"https:\/\/www.gvtarra.com\/tienda\/wp-json\/wp\/v2\/comments?post=8634"}],"version-history":[{"count":16,"href":"https:\/\/www.gvtarra.com\/tienda\/wp-json\/wp\/v2\/product\/8634\/revisions"}],"predecessor-version":[{"id":16939,"href":"https:\/\/www.gvtarra.com\/tienda\/wp-json\/wp\/v2\/product\/8634\/revisions\/16939"}],"wp:featuredmedia":[{"embeddable":true,"href":"https:\/\/www.gvtarra.com\/tienda\/wp-json\/wp\/v2\/media\/12494"}],"wp:attachment":[{"href":"https:\/\/www.gvtarra.com\/tienda\/wp-json\/wp\/v2\/media?parent=8634"}],"wp:term":[{"taxonomy":"product_brand","embeddable":true,"href":"https:\/\/www.gvtarra.com\/tienda\/wp-json\/wp\/v2\/product_brand?post=8634"},{"taxonomy":"product_cat","embeddable":true,"href":"https:\/\/www.gvtarra.com\/tienda\/wp-json\/wp\/v2\/product_cat?post=8634"},{"taxonomy":"product_tag","embeddable":true,"href":"https:\/\/www.gvtarra.com\/tienda\/wp-json\/wp\/v2\/product_tag?post=8634"}],"curies":[{"name":"wp","href":"https:\/\/api.w.org\/{rel}","templated":true}]}}